{"id":7851,"date":"2023-03-07T15:08:31","date_gmt":"2023-03-07T15:08:31","guid":{"rendered":"https:\/\/enkatarim.com\/?post_type=product&#038;p=7851"},"modified":"2023-06-08T13:55:26","modified_gmt":"2023-06-08T13:55:26","slug":"kanca-tipi-hortum-kelepcesi-ucuz-hortumlar-icin-mavi-19607","status":"publish","type":"product","link":"https:\/\/www.enkatarim.com\/en\/urun\/kanca-tipi-hortum-kelepcesi-ucuz-hortumlar-icin-mavi-19607","title":{"rendered":"Kanca tipi hortum kelep\u00e7esi, \u00fc\u00e7\u00fcz hortumlar i\u00e7in, mavi"},"content":{"rendered":"<ul>\n<li>For triple hoses<\/li>\n<li>PVC<\/li>\n<li>Hook type<\/li>\n<li>Blue<\/li>\n<\/ul>\n","protected":false},"excerpt":{"rendered":"<p>For triple hoses PVC Hook type Blue<\/p>\n","protected":false},"featured_media":7852,"template":"","meta":{"_eb_attr":"","_kadence_starter_templates_imported_post":false,"_kad_post_transparent":"","_kad_post_title":"","_kad_post_layout":"","_kad_post_sidebar_id":"","_kad_post_content_style":"","_kad_post_vertical_padding":"","_kad_post_feature":"","_kad_post_feature_position":"","_kad_post_header":false,"_kad_post_footer":false,"_kad_post_classname":""},"product_brand":[],"product_cat":[1157,1033],"product_tag":[],"class_list":{"0":"post-7851","1":"product","2":"type-product","3":"status-publish","4":"has-post-thumbnail","6":"product_cat-hortumlar","7":"product_cat-sut-sagim-makinesi-parcalari","9":"first","10":"instock","11":"shipping-taxable","12":"product-type-simple","13":"entry","14":"content-bg","15":"loop-entry"},"_links":{"self":[{"href":"https:\/\/www.enkatarim.com\/en\/wp-json\/wp\/v2\/product\/7851","targetHints":{"allow":["GET"]}}],"collection":[{"href":"https:\/\/www.enkatarim.com\/en\/wp-json\/wp\/v2\/product"}],"about":[{"href":"https:\/\/www.enkatarim.com\/en\/wp-json\/wp\/v2\/types\/product"}],"wp:featuredmedia":[{"embeddable":true,"href":"https:\/\/www.enkatarim.com\/en\/wp-json\/wp\/v2\/media\/7852"}],"wp:attachment":[{"href":"https:\/\/www.enkatarim.com\/en\/wp-json\/wp\/v2\/media?parent=7851"}],"wp:term":[{"taxonomy":"product_brand","embeddable":true,"href":"https:\/\/www.enkatarim.com\/en\/wp-json\/wp\/v2\/product_brand?post=7851"},{"taxonomy":"product_cat","embeddable":true,"href":"https:\/\/www.enkatarim.com\/en\/wp-json\/wp\/v2\/product_cat?post=7851"},{"taxonomy":"product_tag","embeddable":true,"href":"https:\/\/www.enkatarim.com\/en\/wp-json\/wp\/v2\/product_tag?post=7851"}],"curies":[{"name":"wp","href":"https:\/\/api.w.org\/{rel}","templated":true}]}}