{"id":6225,"date":"2023-03-07T15:05:10","date_gmt":"2023-03-07T15:05:10","guid":{"rendered":"https:\/\/enkatarim.com\/?post_type=product&#038;p=6225"},"modified":"2023-06-08T13:54:14","modified_gmt":"2023-06-08T13:54:14","slug":"beiyuan-13-4-koyun-kirkim-bicagi-hafif-yuvarlak-kenarli-46311","status":"publish","type":"product","link":"https:\/\/www.enkatarim.com\/en\/urun\/beiyuan-13-4-koyun-kirkim-bicagi-hafif-yuvarlak-kenarli-46311","title":{"rendered":"Beiyuan 13\/4 spare shearing blade for sheep, curved"},"content":{"rendered":"<ul>\n<li>13\/4<\/li>\n<li>Lightweight rounded design<\/li>\n<li>For sheep shearing<\/li>\n<\/ul>\n<p>Um das Scheren richtig durchzuf\u00fchren, ohne dem Tier Schaden zuzuf\u00fcgen und eine lange Lebensdauer und Komfort zu gew\u00e4hrleisten, ist es wichtig, das richtige Schermesser f\u00fcr die spezifische Schermaschine zu verwenden, die Sie verwenden. Die Merkmale, Formen und Klingen von Schermaschinen k\u00f6nnen variieren. Wenn kein geeignetes Schermesser mit der entsprechenden Schermaschine verwendet wird, kann die Haut des Tieres verletzt werden, die Klinge kann schnell stumpf werden und sogar die Schermaschine kann eine Fehlfunktion aufweisen. Um eine optimale Nutzung und Versorgung von langlebigen und leicht zu handhabenden Schermessern f\u00fcr verschiedene Tiere wie Pferde, K\u00fche, Schafe und Ziegen zu gew\u00e4hrleisten, k\u00f6nnen Sie sich jederzeit an Enka Tar\u0131m wenden.<\/p>\n","protected":false},"excerpt":{"rendered":"<p>13\/4 Lightweight rounded design For sheep shearing Um das Scheren richtig durchzuf\u00fchren, ohne dem Tier Schaden zuzuf\u00fcgen und eine lange Lebensdauer und Komfort zu gew\u00e4hrleisten, ist es wichtig, das richtige Schermesser f\u00fcr die spezifische Schermaschine zu verwenden, die Sie verwenden. Die Merkmale, Formen und Klingen von Schermaschinen k\u00f6nnen variieren. Wenn kein geeignetes Schermesser mit der&#8230;<\/p>\n","protected":false},"featured_media":6507,"template":"","meta":{"_eb_attr":"","_kadence_starter_templates_imported_post":false,"_kad_post_transparent":"","_kad_post_title":"","_kad_post_layout":"","_kad_post_sidebar_id":"","_kad_post_content_style":"","_kad_post_vertical_padding":"","_kad_post_feature":"","_kad_post_feature_position":"","_kad_post_header":false,"_kad_post_footer":false,"_kad_post_classname":""},"product_brand":[],"product_cat":[1044,1427],"product_tag":[],"class_list":{"0":"post-6225","1":"product","2":"type-product","3":"status-publish","4":"has-post-thumbnail","6":"product_cat-kirkma-makineleri","7":"product_cat-kirkma-makinesi-yedek-bicaklari","9":"first","10":"instock","11":"shipping-taxable","12":"product-type-simple","13":"entry","14":"content-bg","15":"loop-entry"},"_links":{"self":[{"href":"https:\/\/www.enkatarim.com\/en\/wp-json\/wp\/v2\/product\/6225","targetHints":{"allow":["GET"]}}],"collection":[{"href":"https:\/\/www.enkatarim.com\/en\/wp-json\/wp\/v2\/product"}],"about":[{"href":"https:\/\/www.enkatarim.com\/en\/wp-json\/wp\/v2\/types\/product"}],"wp:featuredmedia":[{"embeddable":true,"href":"https:\/\/www.enkatarim.com\/en\/wp-json\/wp\/v2\/media\/6507"}],"wp:attachment":[{"href":"https:\/\/www.enkatarim.com\/en\/wp-json\/wp\/v2\/media?parent=6225"}],"wp:term":[{"taxonomy":"product_brand","embeddable":true,"href":"https:\/\/www.enkatarim.com\/en\/wp-json\/wp\/v2\/product_brand?post=6225"},{"taxonomy":"product_cat","embeddable":true,"href":"https:\/\/www.enkatarim.com\/en\/wp-json\/wp\/v2\/product_cat?post=6225"},{"taxonomy":"product_tag","embeddable":true,"href":"https:\/\/www.enkatarim.com\/en\/wp-json\/wp\/v2\/product_tag?post=6225"}],"curies":[{"name":"wp","href":"https:\/\/api.w.org\/{rel}","templated":true}]}}