{"id":5019,"date":"2023-03-07T15:03:20","date_gmt":"2023-03-07T15:03:20","guid":{"rendered":"https:\/\/enkatarim.com\/?post_type=product&#038;p=5019"},"modified":"2023-06-08T13:53:42","modified_gmt":"2023-06-08T13:53:42","slug":"technovit-2-bond-ayak-tedavi-seti-dozajlama-tabancali-set-40260","status":"publish","type":"product","link":"https:\/\/www.enkatarim.com\/en\/urun\/technovit-2-bond-ayak-tedavi-seti-dozajlama-tabancali-set-40260","title":{"rendered":"Technovit &#8211; 2 Bond claw treatment set with dispensing gun set"},"content":{"rendered":"<p>\n<table id=\"tablepress-362\" class=\"tablepress tablepress-id-362\">\n<tbody class=\"row-striping row-hover\">\n<tr class=\"row-1\">\n\t<td class=\"column-1\">40262<\/td><td class=\"column-2\">160 ml yap\u0131\u015ft\u0131r\u0131c\u0131<\/td>\n<\/tr>\n<tr class=\"row-2\">\n\t<td class=\"column-1\">40264<\/td><td class=\"column-2\">Kar\u0131\u015f\u0131t\u0131r\u0131c\u0131 u\u00e7, 10 adet<\/td>\n<\/tr>\n<tr class=\"row-3\">\n\t<td class=\"column-1\"><\/td><td class=\"column-2\">Ah\u015fap takoz, 10 adet<\/td>\n<\/tr>\n<tr class=\"row-4\">\n\t<td class=\"column-1\">40263<\/td><td class=\"column-2\">Dozajlama tabancas\u0131<\/td>\n<\/tr>\n<\/tbody>\n<\/table>\n<!-- #tablepress-362 from cache --><br \/>\nTechnovit-2-Bond is a quick-drying, two-part adhesive for treating hooves. Just a small amount of adhesive is all that\u2018s needed to glue wood or rubber blocks to healthy hooves in seconds in order to take the strain off diseased or damaged ones and therefore accelerate healing.<\/p>\n<p>The benefits at a glance:<\/p>\n<p>\u2022 Dries within 30 seconds<br \/>\n\u2022 Bonds powerfully and permanently to wood and rubber blocks<br \/>\n\u2022 Easy to use &#8211; no mixing, no waste<br \/>\n\u2022 Odourless and safe to use, even in confined spaces<\/p>\n<p>The handy Technovit-2-Bond sets are available with or without dispensing guns and include the accessories for around 10 applications (depending on the size of the hoof and the operator\u2018s skill).<\/p>\n<p>Remove the seal on the cartridge and connect up the mixing tip. Eject a small amount of adhesive.<br \/>\nThis must be done so that the two components mix as effectively as possible. Now apply a bead of adhesive onto the block. Place the block quickly onto the pre-prepared, clean and dry, healthy hoof.<br \/>\nAfter around 30 seconds, the adhesive will have set, and after around 2-3 minutes, the hoof can weigt bear again.<\/p>\n","protected":false},"excerpt":{"rendered":"<p>Technovit-2-Bond is a quick-drying, two-part adhesive for treating hooves. Just a small amount of adhesive is all that\u2018s needed to glue wood or rubber blocks to healthy hooves in seconds in order to take the strain off diseased or damaged ones and therefore accelerate healing. The benefits at a glance: \u2022 Dries within 30 seconds&#8230;<\/p>\n","protected":false},"featured_media":5020,"template":"","meta":{"_eb_attr":"","_kadence_starter_templates_imported_post":false,"_kad_post_transparent":"","_kad_post_title":"","_kad_post_layout":"","_kad_post_sidebar_id":"","_kad_post_content_style":"","_kad_post_vertical_padding":"","_kad_post_feature":"","_kad_post_feature_position":"","_kad_post_header":false,"_kad_post_footer":false,"_kad_post_classname":""},"product_brand":[],"product_cat":[1332,1052,1340],"product_tag":[],"class_list":{"0":"post-5019","1":"product","2":"type-product","3":"status-publish","4":"has-post-thumbnail","6":"product_cat-ayak-bakim-urunleri","7":"product_cat-sigir-yetistiriciligi","8":"product_cat-technovit-2-bond-ayak-tedavi-seti","10":"first","11":"instock","12":"shipping-taxable","13":"product-type-simple","14":"entry","15":"content-bg","16":"loop-entry"},"_links":{"self":[{"href":"https:\/\/www.enkatarim.com\/en\/wp-json\/wp\/v2\/product\/5019","targetHints":{"allow":["GET"]}}],"collection":[{"href":"https:\/\/www.enkatarim.com\/en\/wp-json\/wp\/v2\/product"}],"about":[{"href":"https:\/\/www.enkatarim.com\/en\/wp-json\/wp\/v2\/types\/product"}],"wp:featuredmedia":[{"embeddable":true,"href":"https:\/\/www.enkatarim.com\/en\/wp-json\/wp\/v2\/media\/5020"}],"wp:attachment":[{"href":"https:\/\/www.enkatarim.com\/en\/wp-json\/wp\/v2\/media?parent=5019"}],"wp:term":[{"taxonomy":"product_brand","embeddable":true,"href":"https:\/\/www.enkatarim.com\/en\/wp-json\/wp\/v2\/product_brand?post=5019"},{"taxonomy":"product_cat","embeddable":true,"href":"https:\/\/www.enkatarim.com\/en\/wp-json\/wp\/v2\/product_cat?post=5019"},{"taxonomy":"product_tag","embeddable":true,"href":"https:\/\/www.enkatarim.com\/en\/wp-json\/wp\/v2\/product_tag?post=5019"}],"curies":[{"name":"wp","href":"https:\/\/api.w.org\/{rel}","templated":true}]}}