{"id":20502,"date":"2023-03-08T12:45:13","date_gmt":"2023-03-08T12:45:13","guid":{"rendered":"https:\/\/enkatarim.com\/?post_type=product&#038;p=20502"},"modified":"2023-06-08T13:59:21","modified_gmt":"2023-06-08T13:59:21","slug":"constanta-31-15-yedek-kirkim-bicagi","status":"publish","type":"product","link":"https:\/\/www.enkatarim.com\/en\/urun\/constanta-31-15-yedek-kirkim-bicagi","title":{"rendered":"Spare shearing blade for ConstantaRodeo Horse R2, 35\/24"},"content":{"rendered":"<ul>\n<li>35\/34 R2<\/li>\n<li>Compatible with Constanta Rodeo horse<\/li>\n<li>Compatible with horse clipping machines<\/li>\n<\/ul>\n<p>Um das Scheren richtig durchzuf\u00fchren, ohne dem Tier Schaden zuzuf\u00fcgen und eine lange Lebensdauer und Komfort zu gew\u00e4hrleisten, ist es wichtig, das richtige Schermesser f\u00fcr die spezifische Schermaschine zu verwenden, die Sie verwenden. Die Merkmale, Formen und Klingen von Schermaschinen k\u00f6nnen variieren. Wenn kein geeignetes Schermesser mit der entsprechenden Schermaschine verwendet wird, kann die Haut des Tieres verletzt werden, die Klinge kann schnell stumpf werden und sogar die Schermaschine kann eine Fehlfunktion aufweisen. Um eine optimale Nutzung und Versorgung von langlebigen und leicht zu handhabenden Schermessern f\u00fcr verschiedene Tiere wie Pferde, K\u00fche, Schafe und Ziegen zu gew\u00e4hrleisten, k\u00f6nnen Sie sich jederzeit an Enka Tar\u0131m wenden.<\/p>\n","protected":false},"excerpt":{"rendered":"<p>35\/34 R2 Compatible with Constanta Rodeo horse Compatible with horse clipping machines Um das Scheren richtig durchzuf\u00fchren, ohne dem Tier Schaden zuzuf\u00fcgen und eine lange Lebensdauer und Komfort zu gew\u00e4hrleisten, ist es wichtig, das richtige Schermesser f\u00fcr die spezifische Schermaschine zu verwenden, die Sie verwenden. Die Merkmale, Formen und Klingen von Schermaschinen k\u00f6nnen variieren. Wenn&#8230;<\/p>\n","protected":false},"featured_media":20503,"template":"","meta":{"_eb_attr":"","_kadence_starter_templates_imported_post":false,"_kad_post_transparent":"default","_kad_post_title":"","_kad_post_layout":"default","_kad_post_sidebar_id":"","_kad_post_content_style":"default","_kad_post_vertical_padding":"default","_kad_post_feature":"","_kad_post_feature_position":"","_kad_post_header":false,"_kad_post_footer":false,"_kad_post_classname":""},"product_brand":[],"product_cat":[1044,1427],"product_tag":[],"class_list":{"0":"post-20502","1":"product","2":"type-product","3":"status-publish","4":"has-post-thumbnail","6":"product_cat-kirkma-makineleri","7":"product_cat-kirkma-makinesi-yedek-bicaklari","9":"first","10":"instock","11":"shipping-taxable","12":"product-type-simple","13":"entry","14":"content-bg","15":"loop-entry"},"_links":{"self":[{"href":"https:\/\/www.enkatarim.com\/en\/wp-json\/wp\/v2\/product\/20502","targetHints":{"allow":["GET"]}}],"collection":[{"href":"https:\/\/www.enkatarim.com\/en\/wp-json\/wp\/v2\/product"}],"about":[{"href":"https:\/\/www.enkatarim.com\/en\/wp-json\/wp\/v2\/types\/product"}],"wp:featuredmedia":[{"embeddable":true,"href":"https:\/\/www.enkatarim.com\/en\/wp-json\/wp\/v2\/media\/20503"}],"wp:attachment":[{"href":"https:\/\/www.enkatarim.com\/en\/wp-json\/wp\/v2\/media?parent=20502"}],"wp:term":[{"taxonomy":"product_brand","embeddable":true,"href":"https:\/\/www.enkatarim.com\/en\/wp-json\/wp\/v2\/product_brand?post=20502"},{"taxonomy":"product_cat","embeddable":true,"href":"https:\/\/www.enkatarim.com\/en\/wp-json\/wp\/v2\/product_cat?post=20502"},{"taxonomy":"product_tag","embeddable":true,"href":"https:\/\/www.enkatarim.com\/en\/wp-json\/wp\/v2\/product_tag?post=20502"}],"curies":[{"name":"wp","href":"https:\/\/api.w.org\/{rel}","templated":true}]}}