{"id":18775,"date":"2023-03-07T15:12:11","date_gmt":"2023-03-07T15:12:11","guid":{"rendered":"https:\/\/enkatarim.com\/?post_type=product&#038;p=18775"},"modified":"2023-06-08T13:57:06","modified_gmt":"2023-06-08T13:57:06","slug":"farmclipper4-13-4-yedek-kirkim-bicagi-46233","status":"publish","type":"product","link":"https:\/\/www.enkatarim.com\/en\/urun\/farmclipper4-13-4-yedek-kirkim-bicagi-46233","title":{"rendered":"Farmclipper4 13\/4 spare shearing blade"},"content":{"rendered":"<ul>\n<li>13\/4<\/li>\n<li>Compatible with Farmclipper 4 sheep<\/li>\n<li>Compatible with sheep shearing machines<\/li>\n<\/ul>\n<p>Um das Scheren richtig durchzuf\u00fchren, ohne dem Tier Schaden zuzuf\u00fcgen und eine lange Lebensdauer und Komfort zu gew\u00e4hrleisten, ist es wichtig, das richtige Schermesser f\u00fcr die spezifische Schermaschine zu verwenden, die Sie verwenden. Die Merkmale, Formen und Klingen von Schermaschinen k\u00f6nnen variieren. Wenn kein geeignetes Schermesser mit der entsprechenden Schermaschine verwendet wird, kann die Haut des Tieres verletzt werden, die Klinge kann schnell stumpf werden und sogar die Schermaschine kann eine Fehlfunktion aufweisen. Um eine optimale Nutzung und Versorgung von langlebigen und leicht zu handhabenden Schermessern f\u00fcr verschiedene Tiere wie Pferde, K\u00fche, Schafe und Ziegen zu gew\u00e4hrleisten, k\u00f6nnen Sie sich jederzeit an Enka Tar\u0131m wenden.<br \/>\n<div class=\"woocommerce columns-6 \"><ul class=\"products content-wrap product-archive grid-cols grid-ss-col-2 grid-sm-col-3 grid-md-col-4 grid-lg-col-6 woo-archive-action-visible woo-archive-btn-text align-buttons-bottom  woo-archive-image-hover-fade\"><li class=\"entry content-bg loop-entry product type-product post-11984 status-publish first instock product_cat-kirkma-makineleri product_cat-koyun-kirkma-makineleri has-post-thumbnail shipping-taxable product-type-simple\">\n\t<a href=\"https:\/\/www.enkatarim.com\/en\/urun\/farm-clipper-akku-2-koyun-kirkim-makinesi-46322\" class=\"woocommerce-loop-image-link woocommerce-LoopProduct-link woocommerce-loop-product__link product-has-hover-image\"><img loading=\"lazy\" decoding=\"async\" width=\"300\" height=\"300\" src=\"https:\/\/www.enkatarim.com\/wp-content\/uploads\/2023\/03\/46322-farmclipper-akku2-koyun-kirkim-makinesi-300x300.jpg\" class=\"attachment-woocommerce_thumbnail size-woocommerce_thumbnail\" alt=\"Farm Clipper Akku 2 shearing machine for sheep, portable\" srcset=\"https:\/\/www.enkatarim.com\/wp-content\/uploads\/2023\/03\/46322-farmclipper-akku2-koyun-kirkim-makinesi-300x300.jpg 300w, https:\/\/www.enkatarim.com\/wp-content\/uploads\/2023\/03\/46322-farmclipper-akku2-koyun-kirkim-makinesi.jpg 1024w, https:\/\/www.enkatarim.com\/wp-content\/uploads\/2023\/03\/46322-farmclipper-akku2-koyun-kirkim-makinesi-150x150.jpg 150w, https:\/\/www.enkatarim.com\/wp-content\/uploads\/2023\/03\/46322-farmclipper-akku2-koyun-kirkim-makinesi-768x768.jpg 768w, https:\/\/www.enkatarim.com\/wp-content\/uploads\/2023\/03\/46322-farmclipper-akku2-koyun-kirkim-makinesi-600x600.jpg 600w, https:\/\/www.enkatarim.com\/wp-content\/uploads\/2023\/03\/46322-farmclipper-akku2-koyun-kirkim-makinesi-100x100.jpg 100w\" sizes=\"auto, (max-width: 300px) 100vw, 300px\" \/><img loading=\"lazy\" decoding=\"async\" width=\"300\" height=\"300\" src=\"https:\/\/www.enkatarim.com\/wp-content\/uploads\/2023\/03\/46322-farmclipper-akku2-koyun-kirkim-makinesi-2-300x300.jpg\" class=\"secondary-product-image attachment-woocommerce_thumbnail attachment-shop-catalog wp-post-image wp-post-image--secondary\" alt=\"\" title=\"46322-farmclipper-akku2-koyun-k\u0131rk\u0131m-makinesi-2\" srcset=\"https:\/\/www.enkatarim.com\/wp-content\/uploads\/2023\/03\/46322-farmclipper-akku2-koyun-kirkim-makinesi-2-300x300.jpg 300w, https:\/\/www.enkatarim.com\/wp-content\/uploads\/2023\/03\/46322-farmclipper-akku2-koyun-kirkim-makinesi-2.jpg 1024w, https:\/\/www.enkatarim.com\/wp-content\/uploads\/2023\/03\/46322-farmclipper-akku2-koyun-kirkim-makinesi-2-150x150.jpg 150w, https:\/\/www.enkatarim.com\/wp-content\/uploads\/2023\/03\/46322-farmclipper-akku2-koyun-kirkim-makinesi-2-768x768.jpg 768w, https:\/\/www.enkatarim.com\/wp-content\/uploads\/2023\/03\/46322-farmclipper-akku2-koyun-kirkim-makinesi-2-600x600.jpg 600w, https:\/\/www.enkatarim.com\/wp-content\/uploads\/2023\/03\/46322-farmclipper-akku2-koyun-kirkim-makinesi-2-100x100.jpg 100w\" sizes=\"auto, (max-width: 300px) 100vw, 300px\" \/><\/a><div class=\"product-details content-bg entry-content-wrap\"><h2 class=\"woocommerce-loop-product__title\"><a href=\"https:\/\/www.enkatarim.com\/en\/urun\/farm-clipper-akku-2-koyun-kirkim-makinesi-46322\" class=\"woocommerce-LoopProduct-link-title woocommerce-loop-product__title_ink\">Farm Clipper Akku 2 shearing machine for sheep, portable<\/a><\/h2>\n<div class=\"product-action-wrap\"><a href=\"https:\/\/www.enkatarim.com\/en\/urun\/farm-clipper-akku-2-koyun-kirkim-makinesi-46322\" data-quantity=\"1\" class=\"button product_type_simple\" data-product_id=\"11984\" data-product_sku=\"46322\" aria-label=\"Read more about &ldquo;Farm Clipper Akku 2 shearing machine for sheep, portable&rdquo;\" rel=\"nofollow\" data-success_message=\"\">Read more<span class=\"kadence-svg-iconset svg-baseline\"><svg aria-hidden=\"true\" class=\"kadence-svg-icon kadence-arrow-right-alt-svg\" fill=\"currentColor\" version=\"1.1\" xmlns=\"http:\/\/www.w3.org\/2000\/svg\" width=\"27\" height=\"28\" viewBox=\"0 0 27 28\"><title>Continue<\/title><path d=\"M27 13.953c0 0.141-0.063 0.281-0.156 0.375l-6 5.531c-0.156 0.141-0.359 0.172-0.547 0.094-0.172-0.078-0.297-0.25-0.297-0.453v-3.5h-19.5c-0.281 0-0.5-0.219-0.5-0.5v-3c0-0.281 0.219-0.5 0.5-0.5h19.5v-3.5c0-0.203 0.109-0.375 0.297-0.453s0.391-0.047 0.547 0.078l6 5.469c0.094 0.094 0.156 0.219 0.156 0.359v0z\"><\/path>\n\t\t\t\t<\/svg><\/span><span class=\"kadence-svg-iconset svg-baseline\"><svg class=\"kadence-svg-icon kadence-spinner-svg\" fill=\"currentColor\" version=\"1.1\" xmlns=\"http:\/\/www.w3.org\/2000\/svg\" width=\"16\" height=\"16\" viewBox=\"0 0 16 16\"><title>Loading<\/title><path d=\"M16 6h-6l2.243-2.243c-1.133-1.133-2.64-1.757-4.243-1.757s-3.109 0.624-4.243 1.757c-1.133 1.133-1.757 2.64-1.757 4.243s0.624 3.109 1.757 4.243c1.133 1.133 2.64 1.757 4.243 1.757s3.109-0.624 4.243-1.757c0.095-0.095 0.185-0.192 0.273-0.292l1.505 1.317c-1.466 1.674-3.62 2.732-6.020 2.732-4.418 0-8-3.582-8-8s3.582-8 8-8c2.209 0 4.209 0.896 5.656 2.344l2.343-2.344v6z\"><\/path>\n\t\t\t\t<\/svg><\/span><span class=\"kadence-svg-iconset svg-baseline\"><svg class=\"kadence-svg-icon kadence-check-svg\" fill=\"currentColor\" version=\"1.1\" xmlns=\"http:\/\/www.w3.org\/2000\/svg\" width=\"16\" height=\"16\" viewBox=\"0 0 16 16\"><title>Done<\/title><path d=\"M14 2.5l-8.5 8.5-3.5-3.5-1.5 1.5 5 5 10-10z\"><\/path>\n\t\t\t\t<\/svg><\/span><\/a>\t<span id=\"woocommerce_loop_add_to_cart_link_describedby_11984\" class=\"screen-reader-text\">\n\t\t\t<\/span>\n<\/div><\/div><\/li>\n<\/ul>\n<\/div><\/p>\n","protected":false},"excerpt":{"rendered":"<p>13\/4 Compatible with Farmclipper 4 sheep Compatible with sheep shearing machines Um das Scheren richtig durchzuf\u00fchren, ohne dem Tier Schaden zuzuf\u00fcgen und eine lange Lebensdauer und Komfort zu gew\u00e4hrleisten, ist es wichtig, das richtige Schermesser f\u00fcr die spezifische Schermaschine zu verwenden, die Sie verwenden. Die Merkmale, Formen und Klingen von Schermaschinen k\u00f6nnen variieren. Wenn kein&#8230;<\/p>\n","protected":false},"featured_media":18776,"template":"","meta":{"_eb_attr":"","_kadence_starter_templates_imported_post":false,"_kad_post_transparent":"","_kad_post_title":"","_kad_post_layout":"","_kad_post_sidebar_id":"","_kad_post_content_style":"","_kad_post_vertical_padding":"","_kad_post_feature":"","_kad_post_feature_position":"","_kad_post_header":false,"_kad_post_footer":false,"_kad_post_classname":""},"product_brand":[],"product_cat":[1044,1427],"product_tag":[],"class_list":{"0":"post-18775","1":"product","2":"type-product","3":"status-publish","4":"has-post-thumbnail","6":"product_cat-kirkma-makineleri","7":"product_cat-kirkma-makinesi-yedek-bicaklari","8":"entry","9":"content-bg","10":"loop-entry","12":"first","13":"instock","14":"shipping-taxable","15":"product-type-simple"},"_links":{"self":[{"href":"https:\/\/www.enkatarim.com\/en\/wp-json\/wp\/v2\/product\/18775","targetHints":{"allow":["GET"]}}],"collection":[{"href":"https:\/\/www.enkatarim.com\/en\/wp-json\/wp\/v2\/product"}],"about":[{"href":"https:\/\/www.enkatarim.com\/en\/wp-json\/wp\/v2\/types\/product"}],"wp:featuredmedia":[{"embeddable":true,"href":"https:\/\/www.enkatarim.com\/en\/wp-json\/wp\/v2\/media\/18776"}],"wp:attachment":[{"href":"https:\/\/www.enkatarim.com\/en\/wp-json\/wp\/v2\/media?parent=18775"}],"wp:term":[{"taxonomy":"product_brand","embeddable":true,"href":"https:\/\/www.enkatarim.com\/en\/wp-json\/wp\/v2\/product_brand?post=18775"},{"taxonomy":"product_cat","embeddable":true,"href":"https:\/\/www.enkatarim.com\/en\/wp-json\/wp\/v2\/product_cat?post=18775"},{"taxonomy":"product_tag","embeddable":true,"href":"https:\/\/www.enkatarim.com\/en\/wp-json\/wp\/v2\/product_tag?post=18775"}],"curies":[{"name":"wp","href":"https:\/\/api.w.org\/{rel}","templated":true}]}}