{"id":17,"date":"2022-06-10T15:44:41","date_gmt":"2022-06-10T15:44:41","guid":{"rendered":"https:\/\/kadence.pixel-show.com\/cleaning-services\/?page_id=17"},"modified":"2025-07-16T15:18:50","modified_gmt":"2025-07-16T12:18:50","slug":"contacts","status":"publish","type":"page","link":"https:\/\/www.enkatarim.com\/en\/contacts","title":{"rendered":"Contact"},"content":{"rendered":"<style>.kb-row-layout-id17_6ef1b9-0e > .kt-row-column-wrap{align-content:start;}:where(.kb-row-layout-id17_6ef1b9-0e > .kt-row-column-wrap) > .wp-block-kadence-column{justify-content:start;}.kb-row-layout-id17_6ef1b9-0e > .kt-row-column-wrap{column-gap:var(--global-kb-gap-md, 2rem);row-gap:var(--global-kb-gap-md, 2rem);max-width:var( --global-content-width, 1290px );padding-left:var(--global-content-edge-padding);padding-right:var(--global-content-edge-padding);padding-top:0px;padding-bottom:var(--global-kb-spacing-sm, 1.5rem);grid-template-columns:minmax(0, 1fr);}.kb-row-layout-id17_6ef1b9-0e > .kt-row-layout-overlay{opacity:0.30;}@media all and (max-width: 1024px){.kb-row-layout-id17_6ef1b9-0e > .kt-row-column-wrap{padding-top:0px;grid-template-columns:minmax(0, 1fr);}}@media all and (max-width: 767px){.kb-row-layout-id17_6ef1b9-0e > .kt-row-column-wrap{padding-top:var(--global-kb-spacing-xxl, 5rem);grid-template-columns:minmax(0, 1fr);}}<\/style><div class=\"kb-row-layout-wrap kb-row-layout-id17_6ef1b9-0e alignnone wp-block-kadence-rowlayout\"><div class=\"kt-row-column-wrap kt-has-1-columns kt-row-layout-equal kt-tab-layout-inherit kt-mobile-layout-row kt-row-valign-top kb-theme-content-width\">\n<style>.kadence-column17_a4c31c-bf > .kt-inside-inner-col,.kadence-column17_a4c31c-bf > .kt-inside-inner-col:before{border-top-left-radius:0px;border-top-right-radius:0px;border-bottom-right-radius:0px;border-bottom-left-radius:0px;}.kadence-column17_a4c31c-bf > .kt-inside-inner-col{column-gap:var(--global-kb-gap-sm, 1rem);}.kadence-column17_a4c31c-bf > .kt-inside-inner-col{flex-direction:column;}.kadence-column17_a4c31c-bf > .kt-inside-inner-col > .aligncenter{width:100%;}.kadence-column17_a4c31c-bf > .kt-inside-inner-col:before{opacity:0.3;}.kadence-column17_a4c31c-bf{position:relative;}@media all and (max-width: 1024px){.kadence-column17_a4c31c-bf > .kt-inside-inner-col{flex-direction:column;justify-content:center;}}@media all and (max-width: 767px){.kadence-column17_a4c31c-bf > .kt-inside-inner-col{flex-direction:column;justify-content:center;}}<\/style>\n<div class=\"wp-block-kadence-column kadence-column17_a4c31c-bf\"><div class=\"kt-inside-inner-col\">\n<iframe loading=\"lazy\" src=\"https:\/\/www.google.com\/maps\/d\/embed?mid=1KRYqU9PuQDCstC_KsoQnAQitfrGanVB0&#038;ehbc=2E312F\" width=\"100%\" height=\"500\"><\/iframe>\n<\/div><\/div>\n\n<\/div><\/div>\n\n<style>.kb-row-layout-id17_9ffb0b-ef > .kt-row-column-wrap{align-content:start;}:where(.kb-row-layout-id17_9ffb0b-ef > .kt-row-column-wrap) > .wp-block-kadence-column{justify-content:start;}.kb-row-layout-id17_9ffb0b-ef > .kt-row-column-wrap{column-gap:var(--global-kb-gap-md, 2rem);row-gap:var(--global-kb-gap-md, 2rem);padding-top:var(--global-kb-spacing-sm, 1.5rem);padding-bottom:var(--global-kb-spacing-sm, 1.5rem);grid-template-columns:minmax(0, calc(70% - ((var(--global-kb-gap-md, 2rem) * 1 )\/2)))minmax(0, calc(30% - ((var(--global-kb-gap-md, 2rem) * 1 )\/2)));}.kb-row-layout-id17_9ffb0b-ef > .kt-row-layout-overlay{opacity:0.30;}@media all and (max-width: 1024px){.kb-row-layout-id17_9ffb0b-ef > .kt-row-column-wrap{grid-template-columns:repeat(2, minmax(0, 1fr));}}@media all and (max-width: 767px){.kb-row-layout-id17_9ffb0b-ef > .kt-row-column-wrap{grid-template-columns:minmax(0, 1fr);}}<\/style><div class=\"kb-row-layout-wrap kb-row-layout-id17_9ffb0b-ef alignnone wp-block-kadence-rowlayout\"><div class=\"kt-row-column-wrap kt-has-2-columns kt-row-layout-equal kt-tab-layout-inherit kt-mobile-layout-row kt-row-valign-top\">\n<style>.kadence-column17_8dff1d-b3 > .kt-inside-inner-col,.kadence-column17_8dff1d-b3 > .kt-inside-inner-col:before{border-top-left-radius:0px;border-top-right-radius:0px;border-bottom-right-radius:0px;border-bottom-left-radius:0px;}.kadence-column17_8dff1d-b3 > .kt-inside-inner-col{column-gap:var(--global-kb-gap-sm, 1rem);}.kadence-column17_8dff1d-b3 > .kt-inside-inner-col{flex-direction:column;}.kadence-column17_8dff1d-b3 > .kt-inside-inner-col > .aligncenter{width:100%;}.kadence-column17_8dff1d-b3 > .kt-inside-inner-col:before{opacity:0.3;}.kadence-column17_8dff1d-b3{position:relative;}@media all and (max-width: 1024px){.kadence-column17_8dff1d-b3 > .kt-inside-inner-col{flex-direction:column;justify-content:center;}}@media all and (max-width: 767px){.kadence-column17_8dff1d-b3 > .kt-inside-inner-col{flex-direction:column;justify-content:center;}}<\/style>\n<div class=\"wp-block-kadence-column kadence-column17_8dff1d-b3\"><div class=\"kt-inside-inner-col\">\n<h2 class=\"wp-block-heading\">Production facility<\/h2>\n\n\n\n<p>\u0130TOB Organize Sanayi B\u00f6lgesi 10017. Sokak No: 3 \u2013 5 35470<br>Tekeli \u2013 Menderes \u2013 \u0130zmir \u2013 T\u00dcRK\u0130YE<\/p>\n\n\n\n<p><strong>Tel:<\/strong> + 90 232 799 00 50<br><strong>Fax:<\/strong> +90 232 799 01 57<\/p>\n\n\n\n<p><strong>E-mail:<\/strong> info@enkatarim.com<\/p>\n\n\n\n<h2 class=\"wp-block-heading\">Sales office<\/h2>\n\n\n\n<p>1204\/6 Sk. No: 36 \u015eahinkaya \u0130\u015f Merkezi Pakistan Bulvar\u0131 35170<br>G\u0131da \u00c7ar\u015f\u0131s\u0131, Yeni\u015fehir \u2013 Konak \u2013 \u0130zmir \u2013 T\u00dcRK\u0130YE<\/p>\n\n\n\n<p><strong>Tel:<\/strong> +90 232 459 37 66<br><strong>Fax:<\/strong> +90 232 459 42 55<\/p>\n\n\n\n<p><strong>Yurti\u00e7i Sat\u0131\u015f-1:<\/strong> <img loading=\"lazy\" decoding=\"async\" width=\"24\" height=\"24\" class=\"wp-image-23848\" style=\"width: 24px;\" src=\"https:\/\/www.enkatarim.com\/wp-content\/uploads\/2025\/03\/whatsapp.png\" alt=\"\"> <a href=\"https:\/\/wa.me\/+905307640760\" target=\"_blank\" rel=\"noreferrer noopener nofollow\">+90 530 764 07 60<\/a><br><strong>Yurti\u00e7i Sat\u0131\u015f-2:<\/strong> <img loading=\"lazy\" decoding=\"async\" width=\"24\" height=\"24\" class=\"wp-image-23848\" style=\"width: 24px;\" src=\"https:\/\/www.enkatarim.com\/wp-content\/uploads\/2025\/03\/whatsapp.png\" alt=\"\"> <a href=\"https:\/\/wa.me\/+905542508490\">+90 554 250 84 90<\/a><\/p>\n\n\n\n<p><strong>Yurtd\u0131\u015f\u0131 Sat\u0131\u015f:<\/strong> <img loading=\"lazy\" decoding=\"async\" width=\"24\" height=\"24\" class=\"wp-image-23848\" style=\"width: 24px;\" src=\"https:\/\/www.enkatarim.com\/wp-content\/uploads\/2025\/03\/whatsapp.png\" alt=\"\"> <a href=\"https:\/\/wa.me\/+905330352397\" target=\"_blank\" rel=\"noreferrer noopener nofollow\">+90 533 035 23 97<\/a><\/p>\n<\/div><\/div>\n\n\n<style>.kadence-column17_7631d0-fe > .kt-inside-inner-col,.kadence-column17_7631d0-fe > .kt-inside-inner-col:before{border-top-left-radius:0px;border-top-right-radius:0px;border-bottom-right-radius:0px;border-bottom-left-radius:0px;}.kadence-column17_7631d0-fe > .kt-inside-inner-col{column-gap:var(--global-kb-gap-sm, 1rem);}.kadence-column17_7631d0-fe > .kt-inside-inner-col{flex-direction:column;}.kadence-column17_7631d0-fe > .kt-inside-inner-col > .aligncenter{width:100%;}.kadence-column17_7631d0-fe > .kt-inside-inner-col:before{opacity:0.3;}.kadence-column17_7631d0-fe{position:relative;}@media all and (max-width: 1024px){.kadence-column17_7631d0-fe > .kt-inside-inner-col{flex-direction:column;justify-content:center;}}@media all and (max-width: 767px){.kadence-column17_7631d0-fe > .kt-inside-inner-col{flex-direction:column;justify-content:center;}}<\/style>\n<div class=\"wp-block-kadence-column kadence-column17_7631d0-fe\"><div class=\"kt-inside-inner-col\"><\/div><\/div>\n\n<\/div><\/div>\n\n<style>.kb-row-layout-id17_4af8d2-6d > .kt-row-column-wrap{align-content:start;}:where(.kb-row-layout-id17_4af8d2-6d > .kt-row-column-wrap) > .wp-block-kadence-column{justify-content:start;}.kb-row-layout-id17_4af8d2-6d > .kt-row-column-wrap{column-gap:var(--global-kb-gap-md, 2rem);row-gap:var(--global-kb-gap-md, 2rem);max-width:var( --global-content-width, 1290px );padding-left:var(--global-content-edge-padding);padding-right:var(--global-content-edge-padding);padding-top:0px;padding-right:0px;padding-bottom:var(--global-kb-spacing-sm, 1.5rem);padding-left:0px;grid-template-columns:minmax(0, 1fr);}.kb-row-layout-id17_4af8d2-6d > .kt-row-layout-overlay{opacity:0.30;}@media all and (max-width: 1024px){.kb-row-layout-id17_4af8d2-6d > .kt-row-column-wrap{padding-top:0px;grid-template-columns:minmax(0, 1fr);}}@media all and (max-width: 767px){.kb-row-layout-id17_4af8d2-6d > .kt-row-column-wrap{padding-top:var(--global-kb-spacing-xxl, 5rem);grid-template-columns:minmax(0, 1fr);}}<\/style><div class=\"kb-row-layout-wrap kb-row-layout-id17_4af8d2-6d alignnone wp-block-kadence-rowlayout\"><div class=\"kt-row-column-wrap kt-has-1-columns kt-row-layout-equal kt-tab-layout-inherit kt-mobile-layout-row kt-row-valign-top kb-theme-content-width\">\n<style>.kadence-column17_4a12bb-6f > .kt-inside-inner-col{padding-right:0px;}.kadence-column17_4a12bb-6f > .kt-inside-inner-col,.kadence-column17_4a12bb-6f > .kt-inside-inner-col:before{border-top-left-radius:0px;border-top-right-radius:0px;border-bottom-right-radius:0px;border-bottom-left-radius:0px;}.kadence-column17_4a12bb-6f > .kt-inside-inner-col{column-gap:var(--global-kb-gap-sm, 1rem);}.kadence-column17_4a12bb-6f > .kt-inside-inner-col{flex-direction:column;}.kadence-column17_4a12bb-6f > .kt-inside-inner-col > .aligncenter{width:100%;}.kadence-column17_4a12bb-6f > .kt-inside-inner-col:before{opacity:0.3;}.kadence-column17_4a12bb-6f{position:relative;}@media all and (max-width: 1024px){.kadence-column17_4a12bb-6f > .kt-inside-inner-col{flex-direction:column;justify-content:center;}}@media all and (max-width: 767px){.kadence-column17_4a12bb-6f > .kt-inside-inner-col{flex-direction:column;justify-content:center;}}<\/style>\n<div class=\"wp-block-kadence-column kadence-column17_4a12bb-6f\"><div class=\"kt-inside-inner-col\"><style>.wp-block-kadence-advancedbtn.kb-btns17_36f501-16{gap:var(--global-kb-gap-xs, 0.5rem );justify-content:center;align-items:center;}.kt-btns17_36f501-16 .kt-button{font-weight:normal;font-style:normal;}.kt-btns17_36f501-16 .kt-btn-wrap-0{margin-right:5px;}.wp-block-kadence-advancedbtn.kt-btns17_36f501-16 .kt-btn-wrap-0 .kt-button{color:#555555;border-color:#555555;}.wp-block-kadence-advancedbtn.kt-btns17_36f501-16 .kt-btn-wrap-0 .kt-button:hover, .wp-block-kadence-advancedbtn.kt-btns17_36f501-16 .kt-btn-wrap-0 .kt-button:focus{color:#ffffff;border-color:#444444;}.wp-block-kadence-advancedbtn.kt-btns17_36f501-16 .kt-btn-wrap-0 .kt-button::before{display:none;}.wp-block-kadence-advancedbtn.kt-btns17_36f501-16 .kt-btn-wrap-0 .kt-button:hover, .wp-block-kadence-advancedbtn.kt-btns17_36f501-16 .kt-btn-wrap-0 .kt-button:focus{background:#444444;}<\/style>\n<div class=\"wp-block-kadence-advancedbtn kb-buttons-wrap kb-btns17_36f501-16\"><style>ul.menu .wp-block-kadence-advancedbtn .kb-btn17_f777b0-20.kb-button{width:initial;}<\/style><a class=\"kb-button kt-button button kb-btn17_f777b0-20 kt-btn-size-standard kt-btn-width-type-full kb-btn-global-fill  kt-btn-has-text-true kt-btn-has-svg-false  wp-block-kadence-singlebtn\" href=\"\/kvkk\"><span class=\"kt-btn-inner-text\">KVKK<\/span><\/a><\/div>\n<\/div><\/div>\n\n<\/div><\/div>","protected":false},"excerpt":{"rendered":"<p>Production facility \u0130TOB Organize Sanayi B\u00f6lgesi 10017. Sokak No: 3 \u2013 5 35470Tekeli \u2013 Menderes \u2013 \u0130zmir \u2013 T\u00dcRK\u0130YE Tel: + 90 232 799 00 50Fax: +90 232 799 01 57 E-mail: info@enkatarim.com Sales office 1204\/6 Sk. No: 36 \u015eahinkaya \u0130\u015f Merkezi Pakistan Bulvar\u0131 35170G\u0131da \u00c7ar\u015f\u0131s\u0131, Yeni\u015fehir \u2013 Konak \u2013 \u0130zmir \u2013 T\u00dcRK\u0130YE Tel: +90&#8230;<\/p>\n","protected":false},"author":1,"featured_media":0,"parent":0,"menu_order":0,"comment_status":"closed","ping_status":"closed","template":"","meta":{"_eb_attr":"","_kadence_starter_templates_imported_post":true,"_kad_post_transparent":"default","_kad_post_title":"default","_kad_post_layout":"default","_kad_post_sidebar_id":"","_kad_post_content_style":"default","_kad_post_vertical_padding":"bottom","_kad_post_feature":"hide","_kad_post_feature_position":"","_kad_post_header":false,"_kad_post_footer":false,"_kad_post_classname":"","footnotes":""},"class_list":["post-17","page","type-page","status-publish","hentry"],"_links":{"self":[{"href":"https:\/\/www.enkatarim.com\/en\/wp-json\/wp\/v2\/pages\/17","targetHints":{"allow":["GET"]}}],"collection":[{"href":"https:\/\/www.enkatarim.com\/en\/wp-json\/wp\/v2\/pages"}],"about":[{"href":"https:\/\/www.enkatarim.com\/en\/wp-json\/wp\/v2\/types\/page"}],"author":[{"embeddable":true,"href":"https:\/\/www.enkatarim.com\/en\/wp-json\/wp\/v2\/users\/1"}],"replies":[{"embeddable":true,"href":"https:\/\/www.enkatarim.com\/en\/wp-json\/wp\/v2\/comments?post=17"}],"version-history":[{"count":108,"href":"https:\/\/www.enkatarim.com\/en\/wp-json\/wp\/v2\/pages\/17\/revisions"}],"predecessor-version":[{"id":23948,"href":"https:\/\/www.enkatarim.com\/en\/wp-json\/wp\/v2\/pages\/17\/revisions\/23948"}],"wp:attachment":[{"href":"https:\/\/www.enkatarim.com\/en\/wp-json\/wp\/v2\/media?parent=17"}],"curies":[{"name":"wp","href":"https:\/\/api.w.org\/{rel}","templated":true}]}}