{"id":8951,"date":"2023-03-07T15:10:25","date_gmt":"2023-03-07T15:10:25","guid":{"rendered":"https:\/\/enkatarim.com\/?post_type=product&#038;p=8951"},"modified":"2023-06-08T13:56:24","modified_gmt":"2023-06-08T13:56:24","slug":"agac-vidali-bant-izolatoru-20-mm-seritler-icin-50802","status":"publish","type":"product","link":"https:\/\/www.enkatarim.com\/de\/urun\/agac-vidali-bant-izolatoru-20-mm-seritler-icin-50802","title":{"rendered":"Breitband Ringisolator"},"content":{"rendered":"<ul>\n<li>Schr\u00e4g<\/li>\n<li>F\u00fcr 20 mm B\u00e4nder<\/li>\n<li>25 St\u00fcck\/Packung<\/li>\n<\/ul>\n","protected":false},"excerpt":{"rendered":"<p>Schr\u00e4g F\u00fcr 20 mm B\u00e4nder 25 St\u00fcck\/Packung<\/p>\n","protected":false},"featured_media":8952,"template":"","meta":{"_eb_attr":"","_kadence_starter_templates_imported_post":false,"_kad_post_transparent":"","_kad_post_title":"","_kad_post_layout":"","_kad_post_sidebar_id":"","_kad_post_content_style":"","_kad_post_vertical_padding":"","_kad_post_feature":"","_kad_post_feature_position":"","_kad_post_header":false,"_kad_post_footer":false,"_kad_post_classname":""},"product_brand":[],"product_cat":[1195,1426],"product_tag":[],"class_list":{"0":"post-8951","1":"product","2":"type-product","3":"status-publish","4":"has-post-thumbnail","6":"product_cat-elektrikli-cit-sistemleri","7":"product_cat-izolatorler","9":"first","10":"instock","11":"shipping-taxable","12":"product-type-simple","13":"entry","14":"content-bg","15":"loop-entry"},"_links":{"self":[{"href":"https:\/\/www.enkatarim.com\/de\/wp-json\/wp\/v2\/product\/8951","targetHints":{"allow":["GET"]}}],"collection":[{"href":"https:\/\/www.enkatarim.com\/de\/wp-json\/wp\/v2\/product"}],"about":[{"href":"https:\/\/www.enkatarim.com\/de\/wp-json\/wp\/v2\/types\/product"}],"wp:featuredmedia":[{"embeddable":true,"href":"https:\/\/www.enkatarim.com\/de\/wp-json\/wp\/v2\/media\/8952"}],"wp:attachment":[{"href":"https:\/\/www.enkatarim.com\/de\/wp-json\/wp\/v2\/media?parent=8951"}],"wp:term":[{"taxonomy":"product_brand","embeddable":true,"href":"https:\/\/www.enkatarim.com\/de\/wp-json\/wp\/v2\/product_brand?post=8951"},{"taxonomy":"product_cat","embeddable":true,"href":"https:\/\/www.enkatarim.com\/de\/wp-json\/wp\/v2\/product_cat?post=8951"},{"taxonomy":"product_tag","embeddable":true,"href":"https:\/\/www.enkatarim.com\/de\/wp-json\/wp\/v2\/product_tag?post=8951"}],"curies":[{"name":"wp","href":"https:\/\/api.w.org\/{rel}","templated":true}]}}