{"id":8459,"date":"2023-03-07T15:10:15","date_gmt":"2023-03-07T15:10:15","guid":{"rendered":"https:\/\/enkatarim.com\/?post_type=product&#038;p=8459"},"modified":"2024-11-11T11:50:41","modified_gmt":"2024-11-11T08:50:41","slug":"nezih-saftli-kirkim-makinesi-yerli-motorlu-45155","status":"publish","type":"product","link":"https:\/\/www.enkatarim.com\/de\/urun\/nezih-saftli-kirkim-makinesi-yerli-motorlu-45155","title":{"rendered":"Nezih-Schermaschine mit Welle und lokalem Motor"},"content":{"rendered":"<p>\n<table id=\"tablepress-409\" class=\"tablepress tablepress-id-409\">\n<tbody class=\"row-striping row-hover\">\n<tr class=\"row-1\">\n\t<td class=\"column-1\">Spannung<\/td><td class=\"column-2\">220 - 230 V<\/td>\n<\/tr>\n<tr class=\"row-2\">\n\t<td class=\"column-1\">Motorleistung<\/td><td class=\"column-2\">370 W<\/td>\n<\/tr>\n<tr class=\"row-3\">\n\t<td class=\"column-1\">Geschwindigkeit<\/td><td class=\"column-2\">2800 U\/min<\/td>\n<\/tr>\n<tr class=\"row-4\">\n\t<td class=\"column-1\">L\u00e4nge (1) \/ (2) \/ (3)<\/td><td class=\"column-2\">270 x 460 x 230 mm<\/td>\n<\/tr>\n<tr class=\"row-5\">\n\t<td class=\"column-1\">Gewicht<\/td><td class=\"column-2\">21 kg<\/td>\n<\/tr>\n<tr class=\"row-6\">\n\t<td class=\"column-1\">Ger\u00e4usch<\/td><td class=\"column-2\">70 dB (~)<\/td>\n<\/tr>\n<\/tbody>\n<\/table>\n<!-- #tablepress-409 from cache --><br \/>\nIm Tragekoffer befinden sich Klingen (4x Obermesser, 2x Untermesser), Au\u00dfenwelle, Innenkabel, Motor, Griff, Schraubendreher, \u00d6l, Starterseil und Aufh\u00e4ngeband.<br \/>\n<div class=\"woocommerce columns-6 \"><\/div><\/p>\n<p>Enka Tar\u0131m liefert eine Vielzahl von Schermaschinen, die in ihren jeweiligen Bereichen getestet und als zuverl\u00e4ssig erwiesen wurden. Sie bestehen aus den besten Modellen von vertrauensw\u00fcrdigen Marken.<\/p>\n<p>Egal, ob Sie Schermaschinen f\u00fcr K\u00fche, Schafe, Ziegen, Pferde, Katzen oder Hunde ben\u00f6tigen, bei Enka Agriculture erhalten Sie einfachen Zugang zu den besten Schermaschinenprodukten von Top-Marken wie Kerbl, Heiniger und Moser sowie den Original-Ersatzteilen, die Sie das ganze Jahr \u00fcber ben\u00f6tigen.<\/p>\n","protected":false},"excerpt":{"rendered":"<p>Im Tragekoffer befinden sich Klingen (4x Obermesser, 2x Untermesser), Au\u00dfenwelle, Innenkabel, Motor, Griff, Schraubendreher, \u00d6l, Starterseil und Aufh\u00e4ngeband. Enka Tar\u0131m liefert eine Vielzahl von Schermaschinen, die in ihren jeweiligen Bereichen getestet und als zuverl\u00e4ssig erwiesen wurden. Sie bestehen aus den besten Modellen von vertrauensw\u00fcrdigen Marken. Egal, ob Sie Schermaschinen f\u00fcr K\u00fche, Schafe, Ziegen, Pferde, Katzen&#8230;<\/p>\n","protected":false},"featured_media":23633,"template":"","meta":{"_eb_attr":"","_kadence_starter_templates_imported_post":false,"_kad_post_transparent":"default","_kad_post_title":"","_kad_post_layout":"default","_kad_post_sidebar_id":"","_kad_post_content_style":"default","_kad_post_vertical_padding":"default","_kad_post_feature":"","_kad_post_feature_position":"","_kad_post_header":false,"_kad_post_footer":false,"_kad_post_classname":""},"product_brand":[],"product_cat":[1044,1049],"product_tag":[],"class_list":{"0":"post-8459","1":"product","2":"type-product","3":"status-publish","4":"has-post-thumbnail","6":"product_cat-kirkma-makineleri","7":"product_cat-koyun-kirkma-makineleri","9":"first","10":"instock","11":"shipping-taxable","12":"product-type-simple","13":"entry","14":"content-bg","15":"loop-entry"},"_links":{"self":[{"href":"https:\/\/www.enkatarim.com\/de\/wp-json\/wp\/v2\/product\/8459","targetHints":{"allow":["GET"]}}],"collection":[{"href":"https:\/\/www.enkatarim.com\/de\/wp-json\/wp\/v2\/product"}],"about":[{"href":"https:\/\/www.enkatarim.com\/de\/wp-json\/wp\/v2\/types\/product"}],"wp:featuredmedia":[{"embeddable":true,"href":"https:\/\/www.enkatarim.com\/de\/wp-json\/wp\/v2\/media\/23633"}],"wp:attachment":[{"href":"https:\/\/www.enkatarim.com\/de\/wp-json\/wp\/v2\/media?parent=8459"}],"wp:term":[{"taxonomy":"product_brand","embeddable":true,"href":"https:\/\/www.enkatarim.com\/de\/wp-json\/wp\/v2\/product_brand?post=8459"},{"taxonomy":"product_cat","embeddable":true,"href":"https:\/\/www.enkatarim.com\/de\/wp-json\/wp\/v2\/product_cat?post=8459"},{"taxonomy":"product_tag","embeddable":true,"href":"https:\/\/www.enkatarim.com\/de\/wp-json\/wp\/v2\/product_tag?post=8459"}],"curies":[{"name":"wp","href":"https:\/\/api.w.org\/{rel}","templated":true}]}}