{"id":7915,"date":"2023-03-07T15:08:38","date_gmt":"2023-03-07T15:08:38","guid":{"rendered":"https:\/\/enkatarim.com\/?post_type=product&#038;p=7915"},"modified":"2023-06-08T13:55:31","modified_gmt":"2023-06-08T13:55:31","slug":"yildirimsavar-52700","status":"publish","type":"product","link":"https:\/\/www.enkatarim.com\/de\/urun\/yildirimsavar-52700","title":{"rendered":"Blitzdrossel"},"content":{"rendered":"<ul>\n<li>Metal<\/li>\n<li>Sch\u00fctzt Ihre elektrischen Zaunanlagen vor m\u00f6glichen Blitzschl\u00e4gen.<\/li>\n<\/ul>\n<p>Ein Blitzableiter sch\u00fctzt die Batterie und den Elektrozaunger\u00e4t vor Blitzeinschl\u00e4gen in der Elektrozaunleitung. Jedes Elektrozaunsystem muss seinen eigenen Blitzableiter haben.<br \/>\n1 &#8211; Verwenden Sie ein 3 Meter langes Kupferkabel, um den schwarzen oder blauen Anschluss mit der Erde zu verbinden.<br \/>\n2 &#8211; Verbinden Sie das Kabel mit dem roten Ausgang.<\/p>\n","protected":false},"excerpt":{"rendered":"<p>Metal Sch\u00fctzt Ihre elektrischen Zaunanlagen vor m\u00f6glichen Blitzschl\u00e4gen. Ein Blitzableiter sch\u00fctzt die Batterie und den Elektrozaunger\u00e4t vor Blitzeinschl\u00e4gen in der Elektrozaunleitung. Jedes Elektrozaunsystem muss seinen eigenen Blitzableiter haben. 1 &#8211; Verwenden Sie ein 3 Meter langes Kupferkabel, um den schwarzen oder blauen Anschluss mit der Erde zu verbinden. 2 &#8211; Verbinden Sie das Kabel mit&#8230;<\/p>\n","protected":false},"featured_media":7916,"template":"","meta":{"_eb_attr":"","_kadence_starter_templates_imported_post":false,"_kad_post_transparent":"default","_kad_post_title":"","_kad_post_layout":"default","_kad_post_sidebar_id":"","_kad_post_content_style":"default","_kad_post_vertical_padding":"default","_kad_post_feature":"","_kad_post_feature_position":"","_kad_post_header":false,"_kad_post_footer":false,"_kad_post_classname":""},"product_brand":[],"product_cat":[1219,1195],"product_tag":[],"class_list":{"0":"post-7915","1":"product","2":"type-product","3":"status-publish","4":"has-post-thumbnail","6":"product_cat-elektrikli-cit-parcalari","7":"product_cat-elektrikli-cit-sistemleri","9":"first","10":"instock","11":"shipping-taxable","12":"product-type-simple","13":"entry","14":"content-bg","15":"loop-entry"},"_links":{"self":[{"href":"https:\/\/www.enkatarim.com\/de\/wp-json\/wp\/v2\/product\/7915","targetHints":{"allow":["GET"]}}],"collection":[{"href":"https:\/\/www.enkatarim.com\/de\/wp-json\/wp\/v2\/product"}],"about":[{"href":"https:\/\/www.enkatarim.com\/de\/wp-json\/wp\/v2\/types\/product"}],"wp:featuredmedia":[{"embeddable":true,"href":"https:\/\/www.enkatarim.com\/de\/wp-json\/wp\/v2\/media\/7916"}],"wp:attachment":[{"href":"https:\/\/www.enkatarim.com\/de\/wp-json\/wp\/v2\/media?parent=7915"}],"wp:term":[{"taxonomy":"product_brand","embeddable":true,"href":"https:\/\/www.enkatarim.com\/de\/wp-json\/wp\/v2\/product_brand?post=7915"},{"taxonomy":"product_cat","embeddable":true,"href":"https:\/\/www.enkatarim.com\/de\/wp-json\/wp\/v2\/product_cat?post=7915"},{"taxonomy":"product_tag","embeddable":true,"href":"https:\/\/www.enkatarim.com\/de\/wp-json\/wp\/v2\/product_tag?post=7915"}],"curies":[{"name":"wp","href":"https:\/\/api.w.org\/{rel}","templated":true}]}}