{"id":7148,"date":"2023-03-07T15:07:13","date_gmt":"2023-03-07T15:07:13","guid":{"rendered":"https:\/\/enkatarim.com\/?post_type=product&#038;p=7148"},"modified":"2023-06-08T13:54:48","modified_gmt":"2023-06-08T13:54:48","slug":"o-5-mm-elek-4-ayakli-silaj-makinesi-icin-38702","status":"publish","type":"product","link":"https:\/\/www.enkatarim.com\/de\/urun\/o-5-mm-elek-4-ayakli-silaj-makinesi-icin-38702","title":{"rendered":"\u00d8 5 mm Sieb f\u00fcr Futterbrechermaschine mit 4 F\u00fc\u00dfen"},"content":{"rendered":"<ul>\n<li>\u00d8 5 mm<\/li>\n<li>Edelstahl<\/li>\n<li>Es ist ein Teil der Futterzerkleinerungsmaschine mit der Nummer 38700.<\/li>\n<\/ul>\n","protected":false},"excerpt":{"rendered":"<p>\u00d8 5 mm Edelstahl Es ist ein Teil der Futterzerkleinerungsmaschine mit der Nummer 38700.<\/p>\n","protected":false},"featured_media":7149,"template":"","meta":{"_eb_attr":"","_kadence_starter_templates_imported_post":false,"_kad_post_transparent":"","_kad_post_title":"","_kad_post_layout":"","_kad_post_sidebar_id":"","_kad_post_content_style":"","_kad_post_vertical_padding":"","_kad_post_feature":"","_kad_post_feature_position":"","_kad_post_header":false,"_kad_post_footer":false,"_kad_post_classname":""},"product_brand":[],"product_cat":[1115,1116],"product_tag":[],"class_list":{"0":"post-7148","1":"product","2":"type-product","3":"status-publish","4":"has-post-thumbnail","6":"product_cat-yem-hazirlama-makineleri","7":"product_cat-yem-kirma-makinesi","9":"first","10":"instock","11":"shipping-taxable","12":"product-type-simple","13":"entry","14":"content-bg","15":"loop-entry"},"_links":{"self":[{"href":"https:\/\/www.enkatarim.com\/de\/wp-json\/wp\/v2\/product\/7148","targetHints":{"allow":["GET"]}}],"collection":[{"href":"https:\/\/www.enkatarim.com\/de\/wp-json\/wp\/v2\/product"}],"about":[{"href":"https:\/\/www.enkatarim.com\/de\/wp-json\/wp\/v2\/types\/product"}],"wp:featuredmedia":[{"embeddable":true,"href":"https:\/\/www.enkatarim.com\/de\/wp-json\/wp\/v2\/media\/7149"}],"wp:attachment":[{"href":"https:\/\/www.enkatarim.com\/de\/wp-json\/wp\/v2\/media?parent=7148"}],"wp:term":[{"taxonomy":"product_brand","embeddable":true,"href":"https:\/\/www.enkatarim.com\/de\/wp-json\/wp\/v2\/product_brand?post=7148"},{"taxonomy":"product_cat","embeddable":true,"href":"https:\/\/www.enkatarim.com\/de\/wp-json\/wp\/v2\/product_cat?post=7148"},{"taxonomy":"product_tag","embeddable":true,"href":"https:\/\/www.enkatarim.com\/de\/wp-json\/wp\/v2\/product_tag?post=7148"}],"curies":[{"name":"wp","href":"https:\/\/api.w.org\/{rel}","templated":true}]}}