{"id":7134,"date":"2023-03-07T15:07:12","date_gmt":"2023-03-07T15:07:12","guid":{"rendered":"https:\/\/enkatarim.com\/?post_type=product&#038;p=7134"},"modified":"2023-06-08T13:54:48","modified_gmt":"2023-06-08T13:54:48","slug":"o-8-mm-elek-3-ayakli-yem-kirma-makinesi-icin-38753","status":"publish","type":"product","link":"https:\/\/www.enkatarim.com\/de\/urun\/o-8-mm-elek-3-ayakli-yem-kirma-makinesi-icin-38753","title":{"rendered":"\u00d8 8 mm Sieb f\u00fcr Futterbrechermaschine mit 3 F\u00fc\u00dfen"},"content":{"rendered":"","protected":false},"excerpt":{"rendered":"","protected":false},"featured_media":7135,"template":"","meta":{"_eb_attr":"","_kadence_starter_templates_imported_post":false,"_kad_post_transparent":"","_kad_post_title":"","_kad_post_layout":"","_kad_post_sidebar_id":"","_kad_post_content_style":"","_kad_post_vertical_padding":"","_kad_post_feature":"","_kad_post_feature_position":"","_kad_post_header":false,"_kad_post_footer":false,"_kad_post_classname":""},"product_brand":[],"product_cat":[1115,1116],"product_tag":[],"class_list":{"0":"post-7134","1":"product","2":"type-product","3":"status-publish","4":"has-post-thumbnail","6":"product_cat-yem-hazirlama-makineleri","7":"product_cat-yem-kirma-makinesi","9":"first","10":"instock","11":"shipping-taxable","12":"product-type-simple","13":"entry","14":"content-bg","15":"loop-entry"},"_links":{"self":[{"href":"https:\/\/www.enkatarim.com\/de\/wp-json\/wp\/v2\/product\/7134","targetHints":{"allow":["GET"]}}],"collection":[{"href":"https:\/\/www.enkatarim.com\/de\/wp-json\/wp\/v2\/product"}],"about":[{"href":"https:\/\/www.enkatarim.com\/de\/wp-json\/wp\/v2\/types\/product"}],"wp:featuredmedia":[{"embeddable":true,"href":"https:\/\/www.enkatarim.com\/de\/wp-json\/wp\/v2\/media\/7135"}],"wp:attachment":[{"href":"https:\/\/www.enkatarim.com\/de\/wp-json\/wp\/v2\/media?parent=7134"}],"wp:term":[{"taxonomy":"product_brand","embeddable":true,"href":"https:\/\/www.enkatarim.com\/de\/wp-json\/wp\/v2\/product_brand?post=7134"},{"taxonomy":"product_cat","embeddable":true,"href":"https:\/\/www.enkatarim.com\/de\/wp-json\/wp\/v2\/product_cat?post=7134"},{"taxonomy":"product_tag","embeddable":true,"href":"https:\/\/www.enkatarim.com\/de\/wp-json\/wp\/v2\/product_tag?post=7134"}],"curies":[{"name":"wp","href":"https:\/\/api.w.org\/{rel}","templated":true}]}}