{"id":6757,"date":"2023-03-07T15:06:18","date_gmt":"2023-03-07T15:06:18","guid":{"rendered":"https:\/\/enkatarim.com\/?post_type=product&#038;p=6757"},"modified":"2023-06-08T13:54:30","modified_gmt":"2023-06-08T13:54:30","slug":"yikama-sistemi-basligi-inek-icin-boruya-montaj-26098","status":"publish","type":"product","link":"https:\/\/www.enkatarim.com\/de\/urun\/yikama-sistemi-basligi-inek-icin-boruya-montaj-26098","title":{"rendered":"Waschhalter f\u00fcr Kuh, Rohrmontage"},"content":{"rendered":"<p>Die Melkbecher werden auf den Waschbeh\u00e4lter gelegt und an den Melkbecherhaltern befestigt. Die Reinigungsstangen im Inneren des Beh\u00e4lters gelangen in die Melkbecher, um die Milch darin zu reinigen.<\/p>\n<p>Auf einem Edelstahltisch befinden sich vier Melkbecherhalter und vier Reinigungsstangen. Unter den Reinigungsstangen befinden sich zwei E-f\u00f6rmige Schl\u00e4uche, die Wasser zu den Reinigungsstangen transportieren.<\/p>\n<p>Die Montage erfolgt mit geeigneten Materialien und Rohren.<\/p>\n","protected":false},"excerpt":{"rendered":"<p>Die Melkbecher werden auf den Waschbeh\u00e4lter gelegt und an den Melkbecherhaltern befestigt. Die Reinigungsstangen im Inneren des Beh\u00e4lters gelangen in die Melkbecher, um die Milch darin zu reinigen. Auf einem Edelstahltisch befinden sich vier Melkbecherhalter und vier Reinigungsstangen. Unter den Reinigungsstangen befinden sich zwei E-f\u00f6rmige Schl\u00e4uche, die Wasser zu den Reinigungsstangen transportieren. Die Montage erfolgt&#8230;<\/p>\n","protected":false},"featured_media":6852,"template":"","meta":{"_eb_attr":"","_kadence_starter_templates_imported_post":false,"_kad_post_transparent":"","_kad_post_title":"","_kad_post_layout":"","_kad_post_sidebar_id":"","_kad_post_content_style":"","_kad_post_vertical_padding":"","_kad_post_feature":"","_kad_post_feature_position":"","_kad_post_header":false,"_kad_post_footer":false,"_kad_post_classname":""},"product_brand":[],"product_cat":[1468,1017,1459],"product_tag":[],"class_list":{"0":"post-6757","1":"product","2":"type-product","3":"status-publish","4":"has-post-thumbnail","6":"product_cat-inek-yikama-basliklari","7":"product_cat-sut-endustrisi","8":"product_cat-yikama-sistemi-parcalari","10":"first","11":"instock","12":"shipping-taxable","13":"product-type-simple","14":"entry","15":"content-bg","16":"loop-entry"},"_links":{"self":[{"href":"https:\/\/www.enkatarim.com\/de\/wp-json\/wp\/v2\/product\/6757","targetHints":{"allow":["GET"]}}],"collection":[{"href":"https:\/\/www.enkatarim.com\/de\/wp-json\/wp\/v2\/product"}],"about":[{"href":"https:\/\/www.enkatarim.com\/de\/wp-json\/wp\/v2\/types\/product"}],"wp:featuredmedia":[{"embeddable":true,"href":"https:\/\/www.enkatarim.com\/de\/wp-json\/wp\/v2\/media\/6852"}],"wp:attachment":[{"href":"https:\/\/www.enkatarim.com\/de\/wp-json\/wp\/v2\/media?parent=6757"}],"wp:term":[{"taxonomy":"product_brand","embeddable":true,"href":"https:\/\/www.enkatarim.com\/de\/wp-json\/wp\/v2\/product_brand?post=6757"},{"taxonomy":"product_cat","embeddable":true,"href":"https:\/\/www.enkatarim.com\/de\/wp-json\/wp\/v2\/product_cat?post=6757"},{"taxonomy":"product_tag","embeddable":true,"href":"https:\/\/www.enkatarim.com\/de\/wp-json\/wp\/v2\/product_tag?post=6757"}],"curies":[{"name":"wp","href":"https:\/\/api.w.org\/{rel}","templated":true}]}}