{"id":6634,"date":"2023-03-07T15:05:59","date_gmt":"2023-03-07T15:05:59","guid":{"rendered":"https:\/\/enkatarim.com\/?post_type=product&#038;p=6634"},"modified":"2023-06-08T13:54:24","modified_gmt":"2023-06-08T13:54:24","slug":"seviye-tespit-cubugu-kaucuk-kablo-giris-tapasi-25806","status":"publish","type":"product","link":"https:\/\/www.enkatarim.com\/de\/urun\/seviye-tespit-cubugu-kaucuk-kablo-giris-tapasi-25806","title":{"rendered":"Kabeleinf\u00fchrungs-Gummistopfen f\u00fcr die F\u00fcllstandsanzeigestange"},"content":{"rendered":"<ul>\n<li>Dieses Teil wird am oberen Ende der Niveau-Erkennungsstange befestigt und verhindert, dass das Kabel, das die Stange mit Energie versorgt, mit der Fl\u00fcssigkeit in Kontakt kommt.<\/li>\n<li>Es besteht aus Gummi-Material.<\/li>\n<li>Es ist ein Teil der Niveau-Erkennungsstange f\u00fcr den 25802-Empfangstank.<\/li>\n<\/ul>\n","protected":false},"excerpt":{"rendered":"<p>Dieses Teil wird am oberen Ende der Niveau-Erkennungsstange befestigt und verhindert, dass das Kabel, das die Stange mit Energie versorgt, mit der Fl\u00fcssigkeit in Kontakt kommt. Es besteht aus Gummi-Material. Es ist ein Teil der Niveau-Erkennungsstange f\u00fcr den 25802-Empfangstank.<\/p>\n","protected":false},"featured_media":6765,"template":"","meta":{"_eb_attr":"","_kadence_starter_templates_imported_post":false,"_kad_post_transparent":"","_kad_post_title":"","_kad_post_layout":"","_kad_post_sidebar_id":"","_kad_post_content_style":"","_kad_post_vertical_padding":"","_kad_post_feature":"","_kad_post_feature_position":"","_kad_post_header":false,"_kad_post_footer":false,"_kad_post_classname":""},"product_brand":[],"product_cat":[1263,1352,1017,1459],"product_tag":[],"class_list":{"0":"post-6634","1":"product","2":"type-product","3":"status-publish","4":"has-post-thumbnail","6":"product_cat-sagim-odalari","7":"product_cat-sagim-odasi-malzemeleri","8":"product_cat-sut-endustrisi","9":"product_cat-yikama-sistemi-parcalari","11":"first","12":"instock","13":"shipping-taxable","14":"product-type-simple","15":"entry","16":"content-bg","17":"loop-entry"},"_links":{"self":[{"href":"https:\/\/www.enkatarim.com\/de\/wp-json\/wp\/v2\/product\/6634","targetHints":{"allow":["GET"]}}],"collection":[{"href":"https:\/\/www.enkatarim.com\/de\/wp-json\/wp\/v2\/product"}],"about":[{"href":"https:\/\/www.enkatarim.com\/de\/wp-json\/wp\/v2\/types\/product"}],"wp:featuredmedia":[{"embeddable":true,"href":"https:\/\/www.enkatarim.com\/de\/wp-json\/wp\/v2\/media\/6765"}],"wp:attachment":[{"href":"https:\/\/www.enkatarim.com\/de\/wp-json\/wp\/v2\/media?parent=6634"}],"wp:term":[{"taxonomy":"product_brand","embeddable":true,"href":"https:\/\/www.enkatarim.com\/de\/wp-json\/wp\/v2\/product_brand?post=6634"},{"taxonomy":"product_cat","embeddable":true,"href":"https:\/\/www.enkatarim.com\/de\/wp-json\/wp\/v2\/product_cat?post=6634"},{"taxonomy":"product_tag","embeddable":true,"href":"https:\/\/www.enkatarim.com\/de\/wp-json\/wp\/v2\/product_tag?post=6634"}],"curies":[{"name":"wp","href":"https:\/\/api.w.org\/{rel}","templated":true}]}}