{"id":6534,"date":"2023-03-07T15:05:48","date_gmt":"2023-03-07T15:05:48","guid":{"rendered":"https:\/\/enkatarim.com\/?post_type=product&#038;p=6534"},"modified":"2023-06-08T13:54:20","modified_gmt":"2023-06-08T13:54:20","slug":"paslanmaz-celik-gugumlu-kilitli-kucukbas-sagim-sistemi-26900","status":"publish","type":"product","link":"https:\/\/www.enkatarim.com\/de\/urun\/paslanmaz-celik-gugumlu-kilitli-kucukbas-sagim-sistemi-26900","title":{"rendered":"Melksystem mit Schleuse und Edelstahleimer f\u00fcr Schafe und Ziegen"},"content":{"rendered":"<p>Die Tiere, die in das verschlie\u00dfbare Melksystem mit der Kennnummer 26800 aufgenommen werden, werden mit einem geeigneten Vakuumsystem gemolken. Das f\u00fcr das Melken von 14 Tieren geeignete Melksystem eignet sich f\u00fcr das Melken von Schafen und Ziegen. Ein festes System mit 4 Melkeinheiten und einem Edelstahl-Milcheimer wird zusammen mit der Melkmaschine verwendet.<\/p>\n","protected":false},"excerpt":{"rendered":"<p>Die Tiere, die in das verschlie\u00dfbare Melksystem mit der Kennnummer 26800 aufgenommen werden, werden mit einem geeigneten Vakuumsystem gemolken. Das f\u00fcr das Melken von 14 Tieren geeignete Melksystem eignet sich f\u00fcr das Melken von Schafen und Ziegen. Ein festes System mit 4 Melkeinheiten und einem Edelstahl-Milcheimer wird zusammen mit der Melkmaschine verwendet.<\/p>\n","protected":false},"featured_media":6713,"template":"","meta":{"_eb_attr":"","_kadence_starter_templates_imported_post":false,"_kad_post_transparent":"","_kad_post_title":"","_kad_post_layout":"","_kad_post_sidebar_id":"","_kad_post_content_style":"","_kad_post_vertical_padding":"","_kad_post_feature":"","_kad_post_feature_position":"","_kad_post_header":false,"_kad_post_footer":false,"_kad_post_classname":""},"product_brand":[],"product_cat":[1456,1455,1017],"product_tag":[],"class_list":{"0":"post-6534","1":"product","2":"type-product","3":"status-publish","4":"has-post-thumbnail","6":"product_cat-kucukbas-sagim-sistemleri","7":"product_cat-sagim-sistemleri","8":"product_cat-sut-endustrisi","10":"first","11":"instock","12":"shipping-taxable","13":"product-type-simple","14":"entry","15":"content-bg","16":"loop-entry"},"_links":{"self":[{"href":"https:\/\/www.enkatarim.com\/de\/wp-json\/wp\/v2\/product\/6534","targetHints":{"allow":["GET"]}}],"collection":[{"href":"https:\/\/www.enkatarim.com\/de\/wp-json\/wp\/v2\/product"}],"about":[{"href":"https:\/\/www.enkatarim.com\/de\/wp-json\/wp\/v2\/types\/product"}],"wp:featuredmedia":[{"embeddable":true,"href":"https:\/\/www.enkatarim.com\/de\/wp-json\/wp\/v2\/media\/6713"}],"wp:attachment":[{"href":"https:\/\/www.enkatarim.com\/de\/wp-json\/wp\/v2\/media?parent=6534"}],"wp:term":[{"taxonomy":"product_brand","embeddable":true,"href":"https:\/\/www.enkatarim.com\/de\/wp-json\/wp\/v2\/product_brand?post=6534"},{"taxonomy":"product_cat","embeddable":true,"href":"https:\/\/www.enkatarim.com\/de\/wp-json\/wp\/v2\/product_cat?post=6534"},{"taxonomy":"product_tag","embeddable":true,"href":"https:\/\/www.enkatarim.com\/de\/wp-json\/wp\/v2\/product_tag?post=6534"}],"curies":[{"name":"wp","href":"https:\/\/api.w.org\/{rel}","templated":true}]}}