{"id":6495,"date":"2023-03-07T15:05:44","date_gmt":"2023-03-07T15:05:44","guid":{"rendered":"https:\/\/enkatarim.com\/?post_type=product&#038;p=6495"},"modified":"2023-06-08T13:54:19","modified_gmt":"2023-06-08T13:54:19","slug":"80-x-25-mm-buzagi-kulubesi-tekerlegi-16774","status":"publish","type":"product","link":"https:\/\/www.enkatarim.com\/de\/urun\/80-x-25-mm-buzagi-kulubesi-tekerlegi-16774","title":{"rendered":"80 x 25 mm Rad f\u00fcr K\u00e4lberstall"},"content":{"rendered":"<ul>\n<li>F\u00fcr K\u00e4lberh\u00e4user<\/li>\n<li>80 x 25 mm<\/li>\n<\/ul>\n","protected":false},"excerpt":{"rendered":"<p>F\u00fcr K\u00e4lberh\u00e4user 80 x 25 mm<\/p>\n","protected":false},"featured_media":6698,"template":"","meta":{"_eb_attr":"","_kadence_starter_templates_imported_post":false,"_kad_post_transparent":"","_kad_post_title":"","_kad_post_layout":"","_kad_post_sidebar_id":"","_kad_post_content_style":"","_kad_post_vertical_padding":"","_kad_post_feature":"","_kad_post_feature_position":"","_kad_post_header":false,"_kad_post_footer":false,"_kad_post_classname":""},"product_brand":[],"product_cat":[1401,1446],"product_tag":[],"class_list":{"0":"post-6495","1":"product","2":"type-product","3":"status-publish","4":"has-post-thumbnail","6":"product_cat-buzagi-yetistiriciligi","7":"product_cat-tekerlekler","9":"first","10":"instock","11":"shipping-taxable","12":"product-type-simple","13":"entry","14":"content-bg","15":"loop-entry"},"_links":{"self":[{"href":"https:\/\/www.enkatarim.com\/de\/wp-json\/wp\/v2\/product\/6495","targetHints":{"allow":["GET"]}}],"collection":[{"href":"https:\/\/www.enkatarim.com\/de\/wp-json\/wp\/v2\/product"}],"about":[{"href":"https:\/\/www.enkatarim.com\/de\/wp-json\/wp\/v2\/types\/product"}],"wp:featuredmedia":[{"embeddable":true,"href":"https:\/\/www.enkatarim.com\/de\/wp-json\/wp\/v2\/media\/6698"}],"wp:attachment":[{"href":"https:\/\/www.enkatarim.com\/de\/wp-json\/wp\/v2\/media?parent=6495"}],"wp:term":[{"taxonomy":"product_brand","embeddable":true,"href":"https:\/\/www.enkatarim.com\/de\/wp-json\/wp\/v2\/product_brand?post=6495"},{"taxonomy":"product_cat","embeddable":true,"href":"https:\/\/www.enkatarim.com\/de\/wp-json\/wp\/v2\/product_cat?post=6495"},{"taxonomy":"product_tag","embeddable":true,"href":"https:\/\/www.enkatarim.com\/de\/wp-json\/wp\/v2\/product_tag?post=6495"}],"curies":[{"name":"wp","href":"https:\/\/api.w.org\/{rel}","templated":true}]}}