{"id":6225,"date":"2023-03-07T15:05:10","date_gmt":"2023-03-07T15:05:10","guid":{"rendered":"https:\/\/enkatarim.com\/?post_type=product&#038;p=6225"},"modified":"2023-06-08T13:54:14","modified_gmt":"2023-06-08T13:54:14","slug":"beiyuan-13-4-koyun-kirkim-bicagi-hafif-yuvarlak-kenarli-46311","status":"publish","type":"product","link":"https:\/\/www.enkatarim.com\/de\/urun\/beiyuan-13-4-koyun-kirkim-bicagi-hafif-yuvarlak-kenarli-46311","title":{"rendered":"Beiyuan 13\/4 Ersatzschermesser f\u00fcr Schafe, gebogen"},"content":{"rendered":"<ul>\n<li>13\/4<\/li>\n<li>Leichtes abgerundetes Design<\/li>\n<li>Zur Schafschur<\/li>\n<\/ul>\n<p>Pour effectuer une tonte appropri\u00e9e sans nuire \u00e0 l&#8217;animal et assurer une long\u00e9vit\u00e9 et un confort, il est important d&#8217;utiliser la lame de tonte appropri\u00e9e pour la machine de tonte sp\u00e9cifique que vous utilisez. Les caract\u00e9ristiques, les formes et les lames des machines de tonte peuvent varier. Si une lame de tonte appropri\u00e9e n&#8217;est pas utilis\u00e9e avec la bonne machine de tonte, la peau de l&#8217;animal peut \u00eatre bless\u00e9e, la lame peut rapidement s&#8217;\u00e9mousser, voire la machine de tonte peut dysfonctionner. Pour une utilisation optimale et la fourniture de lames de tonte durables et faciles \u00e0 utiliser adapt\u00e9es \u00e0 diff\u00e9rents animaux tels que les chevaux, les vaches, les moutons et les ch\u00e8vres, vous pouvez contacter Enka tARIM toute l&#8217;ann\u00e9e.<\/p>\n","protected":false},"excerpt":{"rendered":"<p>13\/4 Leichtes abgerundetes Design Zur Schafschur Pour effectuer une tonte appropri\u00e9e sans nuire \u00e0 l&#8217;animal et assurer une long\u00e9vit\u00e9 et un confort, il est important d&#8217;utiliser la lame de tonte appropri\u00e9e pour la machine de tonte sp\u00e9cifique que vous utilisez. Les caract\u00e9ristiques, les formes et les lames des machines de tonte peuvent varier. Si une&#8230;<\/p>\n","protected":false},"featured_media":6507,"template":"","meta":{"_eb_attr":"","_kadence_starter_templates_imported_post":false,"_kad_post_transparent":"","_kad_post_title":"","_kad_post_layout":"","_kad_post_sidebar_id":"","_kad_post_content_style":"","_kad_post_vertical_padding":"","_kad_post_feature":"","_kad_post_feature_position":"","_kad_post_header":false,"_kad_post_footer":false,"_kad_post_classname":""},"product_brand":[],"product_cat":[1044,1427],"product_tag":[],"class_list":{"0":"post-6225","1":"product","2":"type-product","3":"status-publish","4":"has-post-thumbnail","6":"product_cat-kirkma-makineleri","7":"product_cat-kirkma-makinesi-yedek-bicaklari","9":"first","10":"instock","11":"shipping-taxable","12":"product-type-simple","13":"entry","14":"content-bg","15":"loop-entry"},"_links":{"self":[{"href":"https:\/\/www.enkatarim.com\/de\/wp-json\/wp\/v2\/product\/6225","targetHints":{"allow":["GET"]}}],"collection":[{"href":"https:\/\/www.enkatarim.com\/de\/wp-json\/wp\/v2\/product"}],"about":[{"href":"https:\/\/www.enkatarim.com\/de\/wp-json\/wp\/v2\/types\/product"}],"wp:featuredmedia":[{"embeddable":true,"href":"https:\/\/www.enkatarim.com\/de\/wp-json\/wp\/v2\/media\/6507"}],"wp:attachment":[{"href":"https:\/\/www.enkatarim.com\/de\/wp-json\/wp\/v2\/media?parent=6225"}],"wp:term":[{"taxonomy":"product_brand","embeddable":true,"href":"https:\/\/www.enkatarim.com\/de\/wp-json\/wp\/v2\/product_brand?post=6225"},{"taxonomy":"product_cat","embeddable":true,"href":"https:\/\/www.enkatarim.com\/de\/wp-json\/wp\/v2\/product_cat?post=6225"},{"taxonomy":"product_tag","embeddable":true,"href":"https:\/\/www.enkatarim.com\/de\/wp-json\/wp\/v2\/product_tag?post=6225"}],"curies":[{"name":"wp","href":"https:\/\/api.w.org\/{rel}","templated":true}]}}