{"id":6118,"date":"2023-03-07T15:05:01","date_gmt":"2023-03-07T15:05:01","guid":{"rendered":"https:\/\/enkatarim.com\/?post_type=product&#038;p=6118"},"modified":"2023-06-08T13:54:13","modified_gmt":"2023-06-08T13:54:13","slug":"mandal-direk-izolatoru-51500","status":"publish","type":"product","link":"https:\/\/www.enkatarim.com\/de\/urun\/mandal-direk-izolatoru-51500","title":{"rendered":"Schraubisolator Vario Plus"},"content":{"rendered":"<ul>\n<li>\u00d8 17 mm<\/li>\n<li>Kann an Kunststoff- und Metallpfosten befestigt werden<\/li>\n<li>F\u00fcr B\u00e4nder bis zu 40 mm<\/li>\n<li>10 St\u00fcck\/Packung<\/li>\n<\/ul>\n","protected":false},"excerpt":{"rendered":"<p>\u00d8 17 mm Kann an Kunststoff- und Metallpfosten befestigt werden F\u00fcr B\u00e4nder bis zu 40 mm 10 St\u00fcck\/Packung<\/p>\n","protected":false},"featured_media":6429,"template":"","meta":{"_eb_attr":"","_kadence_starter_templates_imported_post":false,"_kad_post_transparent":"","_kad_post_title":"","_kad_post_layout":"","_kad_post_sidebar_id":"","_kad_post_content_style":"","_kad_post_vertical_padding":"","_kad_post_feature":"","_kad_post_feature_position":"","_kad_post_header":false,"_kad_post_footer":false,"_kad_post_classname":""},"product_brand":[],"product_cat":[1195,1426],"product_tag":[],"class_list":{"0":"post-6118","1":"product","2":"type-product","3":"status-publish","4":"has-post-thumbnail","6":"product_cat-elektrikli-cit-sistemleri","7":"product_cat-izolatorler","9":"first","10":"instock","11":"shipping-taxable","12":"product-type-simple","13":"entry","14":"content-bg","15":"loop-entry"},"_links":{"self":[{"href":"https:\/\/www.enkatarim.com\/de\/wp-json\/wp\/v2\/product\/6118","targetHints":{"allow":["GET"]}}],"collection":[{"href":"https:\/\/www.enkatarim.com\/de\/wp-json\/wp\/v2\/product"}],"about":[{"href":"https:\/\/www.enkatarim.com\/de\/wp-json\/wp\/v2\/types\/product"}],"wp:featuredmedia":[{"embeddable":true,"href":"https:\/\/www.enkatarim.com\/de\/wp-json\/wp\/v2\/media\/6429"}],"wp:attachment":[{"href":"https:\/\/www.enkatarim.com\/de\/wp-json\/wp\/v2\/media?parent=6118"}],"wp:term":[{"taxonomy":"product_brand","embeddable":true,"href":"https:\/\/www.enkatarim.com\/de\/wp-json\/wp\/v2\/product_brand?post=6118"},{"taxonomy":"product_cat","embeddable":true,"href":"https:\/\/www.enkatarim.com\/de\/wp-json\/wp\/v2\/product_cat?post=6118"},{"taxonomy":"product_tag","embeddable":true,"href":"https:\/\/www.enkatarim.com\/de\/wp-json\/wp\/v2\/product_tag?post=6118"}],"curies":[{"name":"wp","href":"https:\/\/api.w.org\/{rel}","templated":true}]}}