{"id":6037,"date":"2023-03-07T15:04:55","date_gmt":"2023-03-07T15:04:55","guid":{"rendered":"https:\/\/enkatarim.com\/?post_type=product&#038;p=6037"},"modified":"2026-03-26T14:36:40","modified_gmt":"2026-03-26T11:36:40","slug":"suni-tohumlama-eldiveni-turuncu-40712","status":"publish","type":"product","link":"https:\/\/www.enkatarim.com\/de\/urun\/suni-tohumlama-eldiveni-turuncu-40712","title":{"rendered":"Handschuhe zur Besamung, orange"},"content":{"rendered":"<ul>\n<li>Orange<\/li>\n<li>F\u00fcr k\u00fcnstliche Besamung<\/li>\n<li>100 St\u00fcck\/Paket<\/li>\n<\/ul>\n","protected":false},"excerpt":{"rendered":"<p>Orange F\u00fcr k\u00fcnstliche Besamung 100 St\u00fcck\/Paket<\/p>\n","protected":false},"featured_media":24658,"template":"","meta":{"_eb_attr":"","_kadence_starter_templates_imported_post":false,"_kad_post_transparent":"default","_kad_post_title":"","_kad_post_layout":"default","_kad_post_sidebar_id":"","_kad_post_content_style":"default","_kad_post_vertical_padding":"default","_kad_post_feature":"","_kad_post_feature_position":"","_kad_post_header":false,"_kad_post_footer":false,"_kad_post_classname":""},"product_brand":[],"product_cat":[1051,1421,1231],"product_tag":[],"class_list":{"0":"post-6037","1":"product","2":"type-product","3":"status-publish","4":"has-post-thumbnail","6":"product_cat-ciftlik-ve-hayvancilik-ekipmanlari","7":"product_cat-suni-tohumlama-eldivenleri","8":"product_cat-veteriner-ekipmanlari","10":"first","11":"instock","12":"shipping-taxable","13":"product-type-simple","14":"entry","15":"content-bg","16":"loop-entry"},"_links":{"self":[{"href":"https:\/\/www.enkatarim.com\/de\/wp-json\/wp\/v2\/product\/6037","targetHints":{"allow":["GET"]}}],"collection":[{"href":"https:\/\/www.enkatarim.com\/de\/wp-json\/wp\/v2\/product"}],"about":[{"href":"https:\/\/www.enkatarim.com\/de\/wp-json\/wp\/v2\/types\/product"}],"wp:featuredmedia":[{"embeddable":true,"href":"https:\/\/www.enkatarim.com\/de\/wp-json\/wp\/v2\/media\/24658"}],"wp:attachment":[{"href":"https:\/\/www.enkatarim.com\/de\/wp-json\/wp\/v2\/media?parent=6037"}],"wp:term":[{"taxonomy":"product_brand","embeddable":true,"href":"https:\/\/www.enkatarim.com\/de\/wp-json\/wp\/v2\/product_brand?post=6037"},{"taxonomy":"product_cat","embeddable":true,"href":"https:\/\/www.enkatarim.com\/de\/wp-json\/wp\/v2\/product_cat?post=6037"},{"taxonomy":"product_tag","embeddable":true,"href":"https:\/\/www.enkatarim.com\/de\/wp-json\/wp\/v2\/product_tag?post=6037"}],"curies":[{"name":"wp","href":"https:\/\/api.w.org\/{rel}","templated":true}]}}