{"id":6019,"date":"2023-03-07T15:04:52","date_gmt":"2023-03-07T15:04:52","guid":{"rendered":"https:\/\/enkatarim.com\/?post_type=product&#038;p=6019"},"modified":"2026-03-26T14:29:05","modified_gmt":"2026-03-26T11:29:05","slug":"tek-kullanimlik-manto-yesil-40753","status":"publish","type":"product","link":"https:\/\/www.enkatarim.com\/de\/urun\/tek-kullanimlik-manto-yesil-40753","title":{"rendered":"Einwegmantel gr\u00fcn, 135 cm"},"content":{"rendered":"<ul>\n<li>135 cm<\/li>\n<li>Polyethylen<\/li>\n<li>Lang\u00e4rmelig<\/li>\n<li>Ideal f\u00fcr Besucher und Tier\u00e4rzte<\/li>\n<li>Nicht steril<\/li>\n<li>20 St\u00fcck pro Packung<\/li>\n<\/ul>\n","protected":false},"excerpt":{"rendered":"<p>135 cm Polyethylen Lang\u00e4rmelig Ideal f\u00fcr Besucher und Tier\u00e4rzte Nicht steril 20 St\u00fcck pro Packung<\/p>\n","protected":false},"featured_media":24653,"template":"","meta":{"_eb_attr":"","_kadence_starter_templates_imported_post":false,"_kad_post_transparent":"default","_kad_post_title":"","_kad_post_layout":"default","_kad_post_sidebar_id":"","_kad_post_content_style":"default","_kad_post_vertical_padding":"default","_kad_post_feature":"","_kad_post_feature_position":"","_kad_post_header":false,"_kad_post_footer":false,"_kad_post_classname":""},"product_brand":[],"product_cat":[1051,1417,1231],"product_tag":[],"class_list":{"0":"post-6019","1":"product","2":"type-product","3":"status-publish","4":"has-post-thumbnail","6":"product_cat-ciftlik-ve-hayvancilik-ekipmanlari","7":"product_cat-tek-kullanimlik-urunler","8":"product_cat-veteriner-ekipmanlari","10":"first","11":"instock","12":"shipping-taxable","13":"product-type-simple","14":"entry","15":"content-bg","16":"loop-entry"},"_links":{"self":[{"href":"https:\/\/www.enkatarim.com\/de\/wp-json\/wp\/v2\/product\/6019","targetHints":{"allow":["GET"]}}],"collection":[{"href":"https:\/\/www.enkatarim.com\/de\/wp-json\/wp\/v2\/product"}],"about":[{"href":"https:\/\/www.enkatarim.com\/de\/wp-json\/wp\/v2\/types\/product"}],"wp:featuredmedia":[{"embeddable":true,"href":"https:\/\/www.enkatarim.com\/de\/wp-json\/wp\/v2\/media\/24653"}],"wp:attachment":[{"href":"https:\/\/www.enkatarim.com\/de\/wp-json\/wp\/v2\/media?parent=6019"}],"wp:term":[{"taxonomy":"product_brand","embeddable":true,"href":"https:\/\/www.enkatarim.com\/de\/wp-json\/wp\/v2\/product_brand?post=6019"},{"taxonomy":"product_cat","embeddable":true,"href":"https:\/\/www.enkatarim.com\/de\/wp-json\/wp\/v2\/product_cat?post=6019"},{"taxonomy":"product_tag","embeddable":true,"href":"https:\/\/www.enkatarim.com\/de\/wp-json\/wp\/v2\/product_tag?post=6019"}],"curies":[{"name":"wp","href":"https:\/\/api.w.org\/{rel}","templated":true}]}}