{"id":6010,"date":"2023-03-07T15:04:51","date_gmt":"2023-03-07T15:04:51","guid":{"rendered":"https:\/\/enkatarim.com\/?post_type=product&#038;p=6010"},"modified":"2023-06-08T13:54:10","modified_gmt":"2023-06-08T13:54:10","slug":"dogum-onlugu-180-cm-50li-40716","status":"publish","type":"product","link":"https:\/\/www.enkatarim.com\/de\/urun\/dogum-onlugu-180-cm-50li-40716","title":{"rendered":"Schwangerschaftssch\u00fcrze, 180 cm, 50 Stk"},"content":{"rendered":"<ul>\n<li>Orange Farbe<\/li>\n<li>146 x 180 cm<\/li>\n<li>Schmale \u00c4rmel\u00f6ffnung<\/li>\n<li>Bedeckt die Knie<\/li>\n<li>Einfach zu \u00f6ffnen<\/li>\n<li>Einweg<\/li>\n<li>10 St\u00fcck pro Packung<\/li>\n<\/ul>\n","protected":false},"excerpt":{"rendered":"<p>Orange Farbe 146 x 180 cm Schmale \u00c4rmel\u00f6ffnung Bedeckt die Knie Einfach zu \u00f6ffnen Einweg 10 St\u00fcck pro Packung<\/p>\n","protected":false},"featured_media":0,"template":"","meta":{"_eb_attr":"","_kadence_starter_templates_imported_post":false,"_kad_post_transparent":"","_kad_post_title":"","_kad_post_layout":"","_kad_post_sidebar_id":"","_kad_post_content_style":"","_kad_post_vertical_padding":"","_kad_post_feature":"","_kad_post_feature_position":"","_kad_post_header":false,"_kad_post_footer":false,"_kad_post_classname":""},"product_brand":[],"product_cat":[1051,1418,1231],"product_tag":[],"class_list":{"0":"post-6010","1":"product","2":"type-product","3":"status-publish","5":"product_cat-ciftlik-ve-hayvancilik-ekipmanlari","6":"product_cat-dogum-onlukleri","7":"product_cat-veteriner-ekipmanlari","9":"first","10":"instock","11":"shipping-taxable","12":"product-type-simple","13":"entry","14":"content-bg","15":"loop-entry"},"_links":{"self":[{"href":"https:\/\/www.enkatarim.com\/de\/wp-json\/wp\/v2\/product\/6010","targetHints":{"allow":["GET"]}}],"collection":[{"href":"https:\/\/www.enkatarim.com\/de\/wp-json\/wp\/v2\/product"}],"about":[{"href":"https:\/\/www.enkatarim.com\/de\/wp-json\/wp\/v2\/types\/product"}],"wp:attachment":[{"href":"https:\/\/www.enkatarim.com\/de\/wp-json\/wp\/v2\/media?parent=6010"}],"wp:term":[{"taxonomy":"product_brand","embeddable":true,"href":"https:\/\/www.enkatarim.com\/de\/wp-json\/wp\/v2\/product_brand?post=6010"},{"taxonomy":"product_cat","embeddable":true,"href":"https:\/\/www.enkatarim.com\/de\/wp-json\/wp\/v2\/product_cat?post=6010"},{"taxonomy":"product_tag","embeddable":true,"href":"https:\/\/www.enkatarim.com\/de\/wp-json\/wp\/v2\/product_tag?post=6010"}],"curies":[{"name":"wp","href":"https:\/\/api.w.org\/{rel}","templated":true}]}}