{"id":5996,"date":"2023-03-07T15:04:50","date_gmt":"2023-03-07T15:04:50","guid":{"rendered":"https:\/\/enkatarim.com\/?post_type=product&#038;p=5996"},"modified":"2023-06-08T13:54:10","modified_gmt":"2023-06-08T13:54:10","slug":"ayak-paspasi-180-x-90-x-4-cm-28800","status":"publish","type":"product","link":"https:\/\/www.enkatarim.com\/de\/urun\/ayak-paspasi-180-x-90-x-4-cm-28800","title":{"rendered":"Klauenmatte Standard, 180 x 90 x 4 cm"},"content":{"rendered":"<p>180 x 90 x 4 cm<\/p>\n<p>Es wird am Eingang der R\u00e4ume platziert, in denen sich kranke Tiere befinden. Das durchl\u00e4ssige Obermaterial nimmt Desinfektionsmittel leicht auf. Die undurchl\u00e4ssigen Seiten und der Boden verhindern das Auslaufen von Fl\u00fcssigkeit.<\/p>\n","protected":false},"excerpt":{"rendered":"<p>180 x 90 x 4 cm Es wird am Eingang der R\u00e4ume platziert, in denen sich kranke Tiere befinden. Das durchl\u00e4ssige Obermaterial nimmt Desinfektionsmittel leicht auf. Die undurchl\u00e4ssigen Seiten und der Boden verhindern das Auslaufen von Fl\u00fcssigkeit.<\/p>\n","protected":false},"featured_media":6356,"template":"","meta":{"_eb_attr":"","_kadence_starter_templates_imported_post":false,"_kad_post_transparent":"","_kad_post_title":"","_kad_post_layout":"","_kad_post_sidebar_id":"","_kad_post_content_style":"","_kad_post_vertical_padding":"","_kad_post_feature":"","_kad_post_feature_position":"","_kad_post_header":false,"_kad_post_footer":false,"_kad_post_classname":""},"product_brand":[],"product_cat":[1326,1051,1415],"product_tag":[],"class_list":{"0":"post-5996","1":"product","2":"type-product","3":"status-publish","4":"has-post-thumbnail","6":"product_cat-ciftlik-temizligi","7":"product_cat-ciftlik-ve-hayvancilik-ekipmanlari","8":"product_cat-dezenfektan-paspasi","10":"first","11":"instock","12":"shipping-taxable","13":"product-type-simple","14":"entry","15":"content-bg","16":"loop-entry"},"_links":{"self":[{"href":"https:\/\/www.enkatarim.com\/de\/wp-json\/wp\/v2\/product\/5996","targetHints":{"allow":["GET"]}}],"collection":[{"href":"https:\/\/www.enkatarim.com\/de\/wp-json\/wp\/v2\/product"}],"about":[{"href":"https:\/\/www.enkatarim.com\/de\/wp-json\/wp\/v2\/types\/product"}],"wp:featuredmedia":[{"embeddable":true,"href":"https:\/\/www.enkatarim.com\/de\/wp-json\/wp\/v2\/media\/6356"}],"wp:attachment":[{"href":"https:\/\/www.enkatarim.com\/de\/wp-json\/wp\/v2\/media?parent=5996"}],"wp:term":[{"taxonomy":"product_brand","embeddable":true,"href":"https:\/\/www.enkatarim.com\/de\/wp-json\/wp\/v2\/product_brand?post=5996"},{"taxonomy":"product_cat","embeddable":true,"href":"https:\/\/www.enkatarim.com\/de\/wp-json\/wp\/v2\/product_cat?post=5996"},{"taxonomy":"product_tag","embeddable":true,"href":"https:\/\/www.enkatarim.com\/de\/wp-json\/wp\/v2\/product_tag?post=5996"}],"curies":[{"name":"wp","href":"https:\/\/api.w.org\/{rel}","templated":true}]}}