{"id":5941,"date":"2023-03-07T15:04:44","date_gmt":"2023-03-07T15:04:44","guid":{"rendered":"https:\/\/enkatarim.com\/?post_type=product&#038;p=5941"},"modified":"2023-06-08T13:54:08","modified_gmt":"2023-06-08T13:54:08","slug":"mini-inkubator-dijital-16-yumurtaya-kadar-60305","status":"publish","type":"product","link":"https:\/\/www.enkatarim.com\/de\/urun\/mini-inkubator-dijital-16-yumurtaya-kadar-60305","title":{"rendered":"Mini-Inkubator, digital, bis zu 16 Eier"},"content":{"rendered":"<ul>\n<li>Temperaturanzeige<\/li>\n<li>Eierwender<\/li>\n<li>Externes Wasserreservoir<\/li>\n<li>Elektronischer Thermostat<\/li>\n<li>Br\u00fcten von bis zu 16 Eiern<\/li>\n<li>230 V<\/li>\n<li>1,8 kg<\/li>\n<li>\u00d8 31 x 33 cm<\/li>\n<li>Geeignet zum Br\u00fcten von Eiern aller Vogelarten.<\/li>\n<\/ul>\n","protected":false},"excerpt":{"rendered":"<p>Temperaturanzeige Eierwender Externes Wasserreservoir Elektronischer Thermostat Br\u00fcten von bis zu 16 Eiern 230 V 1,8 kg \u00d8 31 x 33 cm Geeignet zum Br\u00fcten von Eiern aller Vogelarten.<\/p>\n","protected":false},"featured_media":6330,"template":"","meta":{"_eb_attr":"","_kadence_starter_templates_imported_post":false,"_kad_post_transparent":"","_kad_post_title":"","_kad_post_layout":"","_kad_post_sidebar_id":"","_kad_post_content_style":"","_kad_post_vertical_padding":"","_kad_post_feature":"","_kad_post_feature_position":"","_kad_post_header":false,"_kad_post_footer":false,"_kad_post_classname":""},"product_brand":[],"product_cat":[1051,1406,1402],"product_tag":[],"class_list":{"0":"post-5941","1":"product","2":"type-product","3":"status-publish","4":"has-post-thumbnail","6":"product_cat-ciftlik-ve-hayvancilik-ekipmanlari","7":"product_cat-kuluckaliklar","8":"product_cat-kumes-hayvanlari-ekipmanlari","10":"first","11":"instock","12":"shipping-taxable","13":"product-type-simple","14":"entry","15":"content-bg","16":"loop-entry"},"_links":{"self":[{"href":"https:\/\/www.enkatarim.com\/de\/wp-json\/wp\/v2\/product\/5941","targetHints":{"allow":["GET"]}}],"collection":[{"href":"https:\/\/www.enkatarim.com\/de\/wp-json\/wp\/v2\/product"}],"about":[{"href":"https:\/\/www.enkatarim.com\/de\/wp-json\/wp\/v2\/types\/product"}],"wp:featuredmedia":[{"embeddable":true,"href":"https:\/\/www.enkatarim.com\/de\/wp-json\/wp\/v2\/media\/6330"}],"wp:attachment":[{"href":"https:\/\/www.enkatarim.com\/de\/wp-json\/wp\/v2\/media?parent=5941"}],"wp:term":[{"taxonomy":"product_brand","embeddable":true,"href":"https:\/\/www.enkatarim.com\/de\/wp-json\/wp\/v2\/product_brand?post=5941"},{"taxonomy":"product_cat","embeddable":true,"href":"https:\/\/www.enkatarim.com\/de\/wp-json\/wp\/v2\/product_cat?post=5941"},{"taxonomy":"product_tag","embeddable":true,"href":"https:\/\/www.enkatarim.com\/de\/wp-json\/wp\/v2\/product_tag?post=5941"}],"curies":[{"name":"wp","href":"https:\/\/api.w.org\/{rel}","templated":true}]}}