{"id":5880,"date":"2023-03-07T15:04:38","date_gmt":"2023-03-07T15:04:38","guid":{"rendered":"https:\/\/enkatarim.com\/?post_type=product&#038;p=5880"},"modified":"2023-06-08T13:54:06","modified_gmt":"2023-06-08T13:54:06","slug":"buzagi-ortusu-37150","status":"publish","type":"product","link":"https:\/\/www.enkatarim.com\/de\/urun\/buzagi-ortusu-37150","title":{"rendered":"K\u00e4lberdecke Premium, 80 cm"},"content":{"rendered":"<ul>\n<li>Hilft, Durchfall aufgrund von K\u00e4lte in den ersten Wochen zu verhindern.<\/li>\n<li>Gr\u00f6\u00dfe: 80 cm<\/li>\n<li>Material: Polyurethanschaum<\/li>\n<li>Wasserdicht: Bis zu 3 Meter<\/li>\n<li>4-lagig<\/li>\n<li>Robustes und weiches Material<\/li>\n<li>Verstellbarer Gurt<\/li>\n<li>Bei 30\u00b0C maschinenwaschbar<\/li>\n<\/ul>\n","protected":false},"excerpt":{"rendered":"<p>Hilft, Durchfall aufgrund von K\u00e4lte in den ersten Wochen zu verhindern. Gr\u00f6\u00dfe: 80 cm Material: Polyurethanschaum Wasserdicht: Bis zu 3 Meter 4-lagig Robustes und weiches Material Verstellbarer Gurt Bei 30\u00b0C maschinenwaschbar<\/p>\n","protected":false},"featured_media":6297,"template":"","meta":{"_eb_attr":"","_kadence_starter_templates_imported_post":false,"_kad_post_transparent":"","_kad_post_title":"","_kad_post_layout":"","_kad_post_sidebar_id":"","_kad_post_content_style":"","_kad_post_vertical_padding":"","_kad_post_feature":"","_kad_post_feature_position":"","_kad_post_header":false,"_kad_post_footer":false,"_kad_post_classname":""},"product_brand":[],"product_cat":[1401],"product_tag":[],"class_list":{"0":"post-5880","1":"product","2":"type-product","3":"status-publish","4":"has-post-thumbnail","6":"product_cat-buzagi-yetistiriciligi","8":"first","9":"instock","10":"shipping-taxable","11":"product-type-simple","12":"entry","13":"content-bg","14":"loop-entry"},"_links":{"self":[{"href":"https:\/\/www.enkatarim.com\/de\/wp-json\/wp\/v2\/product\/5880","targetHints":{"allow":["GET"]}}],"collection":[{"href":"https:\/\/www.enkatarim.com\/de\/wp-json\/wp\/v2\/product"}],"about":[{"href":"https:\/\/www.enkatarim.com\/de\/wp-json\/wp\/v2\/types\/product"}],"wp:featuredmedia":[{"embeddable":true,"href":"https:\/\/www.enkatarim.com\/de\/wp-json\/wp\/v2\/media\/6297"}],"wp:attachment":[{"href":"https:\/\/www.enkatarim.com\/de\/wp-json\/wp\/v2\/media?parent=5880"}],"wp:term":[{"taxonomy":"product_brand","embeddable":true,"href":"https:\/\/www.enkatarim.com\/de\/wp-json\/wp\/v2\/product_brand?post=5880"},{"taxonomy":"product_cat","embeddable":true,"href":"https:\/\/www.enkatarim.com\/de\/wp-json\/wp\/v2\/product_cat?post=5880"},{"taxonomy":"product_tag","embeddable":true,"href":"https:\/\/www.enkatarim.com\/de\/wp-json\/wp\/v2\/product_tag?post=5880"}],"curies":[{"name":"wp","href":"https:\/\/api.w.org\/{rel}","templated":true}]}}