{"id":5875,"date":"2023-03-07T15:04:38","date_gmt":"2023-03-07T15:04:38","guid":{"rendered":"https:\/\/enkatarim.com\/?post_type=product&#038;p=5875"},"modified":"2023-06-08T13:54:06","modified_gmt":"2023-06-08T13:54:06","slug":"buzagi-kulubesi-polietilen-buzagi-kulubesi-metal-konstruksiyon-3-tane-kova-37100","status":"publish","type":"product","link":"https:\/\/www.enkatarim.com\/de\/urun\/buzagi-kulubesi-polietilen-buzagi-kulubesi-metal-konstruksiyon-3-tane-kova-37100","title":{"rendered":"K\u00e4lberhaus (K\u00e4lberhaus + Metallkonstruktion + 3 Stk. Eimer)"},"content":{"rendered":"<ul>\n<li>Ma\u00dfe der H\u00fctte: 148 x 202 x 153 cm<\/li>\n<li>Gewicht der H\u00fctte: 44 kg<\/li>\n<li>Ma\u00dfe des Komplettsets: 148 x 350 x 153 cm<\/li>\n<li>Gewicht des Komplettsets: 82 kg<\/li>\n<\/ul>\n<p>Die K\u00e4lberh\u00e4user sind \u00e4u\u00dferst zuverl\u00e4ssig, hochwertig und langlebig und werden mit Rotations- und Blasformmaschinen aus linearem Polyethylen-Rohmaterial mit UV-Additiven hergestellt. Die in den K\u00e4lberh\u00e4usern verwendeten Farben sind UV-stabilisiert und werden nicht von Sonnenstrahlen beeinflusst, was die Bakterienbildung verhindert. In dieser Hinsicht gibt es keine Verblassung der Farbe des Hauses, keinen Schmutz, keinen Rost, keinen Geruch und keine Feuchtigkeit bildende Moosbildung. Die K\u00e4lberh\u00e4user werden befestigt und nicht genietet; sie werden als einteiliges Monoblock hergestellt. Dies erh\u00f6ht die Festigkeit, indem sichergestellt wird, dass das Produkt glatt und elastisch ist. Es wird in den g\u00e4ngigen Gr\u00f6\u00dfen f\u00fcr den landwirtschaftlichen und tierischen Bereich hergestellt. F\u00fcr den genauesten und effizientesten Einsatz muss der Boden, auf dem das Haus installiert wird, flach und stabil sein.<\/p>\n","protected":false},"excerpt":{"rendered":"<p>Ihre Bestellung f\u00fcr das Kalbshaus Komplettset enth\u00e4lt 1 St\u00fcck Futtereimer und 2 St\u00fcck Futtertr\u00f6ge.<\/p>\n","protected":false},"featured_media":6295,"template":"","meta":{"_eb_attr":"","_kadence_starter_templates_imported_post":false,"_kad_post_transparent":"","_kad_post_title":"","_kad_post_layout":"","_kad_post_sidebar_id":"","_kad_post_content_style":"","_kad_post_vertical_padding":"","_kad_post_feature":"","_kad_post_feature_position":"","_kad_post_header":false,"_kad_post_footer":false,"_kad_post_classname":""},"product_brand":[],"product_cat":[1401],"product_tag":[],"class_list":{"0":"post-5875","1":"product","2":"type-product","3":"status-publish","4":"has-post-thumbnail","6":"product_cat-buzagi-yetistiriciligi","8":"first","9":"instock","10":"shipping-taxable","11":"product-type-simple","12":"entry","13":"content-bg","14":"loop-entry"},"_links":{"self":[{"href":"https:\/\/www.enkatarim.com\/de\/wp-json\/wp\/v2\/product\/5875","targetHints":{"allow":["GET"]}}],"collection":[{"href":"https:\/\/www.enkatarim.com\/de\/wp-json\/wp\/v2\/product"}],"about":[{"href":"https:\/\/www.enkatarim.com\/de\/wp-json\/wp\/v2\/types\/product"}],"wp:featuredmedia":[{"embeddable":true,"href":"https:\/\/www.enkatarim.com\/de\/wp-json\/wp\/v2\/media\/6295"}],"wp:attachment":[{"href":"https:\/\/www.enkatarim.com\/de\/wp-json\/wp\/v2\/media?parent=5875"}],"wp:term":[{"taxonomy":"product_brand","embeddable":true,"href":"https:\/\/www.enkatarim.com\/de\/wp-json\/wp\/v2\/product_brand?post=5875"},{"taxonomy":"product_cat","embeddable":true,"href":"https:\/\/www.enkatarim.com\/de\/wp-json\/wp\/v2\/product_cat?post=5875"},{"taxonomy":"product_tag","embeddable":true,"href":"https:\/\/www.enkatarim.com\/de\/wp-json\/wp\/v2\/product_tag?post=5875"}],"curies":[{"name":"wp","href":"https:\/\/api.w.org\/{rel}","templated":true}]}}