{"id":5824,"date":"2023-03-07T15:04:33","date_gmt":"2023-03-07T15:04:33","guid":{"rendered":"https:\/\/enkatarim.com\/?post_type=product&#038;p=5824"},"modified":"2023-06-08T13:54:05","modified_gmt":"2023-06-08T13:54:05","slug":"kawe-21-sok-aleti-43170","status":"publish","type":"product","link":"https:\/\/www.enkatarim.com\/de\/urun\/kawe-21-sok-aleti-43170","title":{"rendered":"Viehtreibapparat KAWE Modell 21 &#8211; mit Abschaltautomatik 1s"},"content":{"rendered":"<ul>\n<li>Funktioniert mit 2 x 1,5 V Batterien.<\/li>\n<li>Erzeugt w\u00e4hrend des Betriebs Ger\u00e4usche.<\/li>\n<li>Harter Kunststoffk\u00f6rper.<\/li>\n<li>Automatische Abschaltung.<\/li>\n<li>Batterien sind nicht im Lieferumfang enthalten.<\/li>\n<\/ul>\n","protected":false},"excerpt":{"rendered":"<p>Funktioniert mit 2 x 1,5 V Batterien. Erzeugt w\u00e4hrend des Betriebs Ger\u00e4usche. Harter Kunststoffk\u00f6rper. Automatische Abschaltung. Batterien sind nicht im Lieferumfang enthalten.<\/p>\n","protected":false},"featured_media":6264,"template":"","meta":{"_eb_attr":"","_kadence_starter_templates_imported_post":false,"_kad_post_transparent":"","_kad_post_title":"","_kad_post_layout":"","_kad_post_sidebar_id":"","_kad_post_content_style":"","_kad_post_vertical_padding":"","_kad_post_feature":"","_kad_post_feature_position":"","_kad_post_header":false,"_kad_post_footer":false,"_kad_post_classname":""},"product_brand":[],"product_cat":[1051,1385],"product_tag":[],"class_list":{"0":"post-5824","1":"product","2":"type-product","3":"status-publish","4":"has-post-thumbnail","6":"product_cat-ciftlik-ve-hayvancilik-ekipmanlari","7":"product_cat-sok-aletleri","9":"first","10":"instock","11":"shipping-taxable","12":"product-type-simple","13":"entry","14":"content-bg","15":"loop-entry"},"_links":{"self":[{"href":"https:\/\/www.enkatarim.com\/de\/wp-json\/wp\/v2\/product\/5824","targetHints":{"allow":["GET"]}}],"collection":[{"href":"https:\/\/www.enkatarim.com\/de\/wp-json\/wp\/v2\/product"}],"about":[{"href":"https:\/\/www.enkatarim.com\/de\/wp-json\/wp\/v2\/types\/product"}],"wp:featuredmedia":[{"embeddable":true,"href":"https:\/\/www.enkatarim.com\/de\/wp-json\/wp\/v2\/media\/6264"}],"wp:attachment":[{"href":"https:\/\/www.enkatarim.com\/de\/wp-json\/wp\/v2\/media?parent=5824"}],"wp:term":[{"taxonomy":"product_brand","embeddable":true,"href":"https:\/\/www.enkatarim.com\/de\/wp-json\/wp\/v2\/product_brand?post=5824"},{"taxonomy":"product_cat","embeddable":true,"href":"https:\/\/www.enkatarim.com\/de\/wp-json\/wp\/v2\/product_cat?post=5824"},{"taxonomy":"product_tag","embeddable":true,"href":"https:\/\/www.enkatarim.com\/de\/wp-json\/wp\/v2\/product_tag?post=5824"}],"curies":[{"name":"wp","href":"https:\/\/api.w.org\/{rel}","templated":true}]}}