{"id":5756,"date":"2023-03-07T15:04:24","date_gmt":"2023-03-07T15:04:24","guid":{"rendered":"https:\/\/enkatarim.com\/?post_type=product&#038;p=5756"},"modified":"2023-06-08T13:54:02","modified_gmt":"2023-06-08T13:54:02","slug":"kucuk-boy-kafesli-tup-miknatis-100-x-23-5-mm-sari-43501","status":"publish","type":"product","link":"https:\/\/www.enkatarim.com\/de\/urun\/kucuk-boy-kafesli-tup-miknatis-100-x-23-5-mm-sari-43501","title":{"rendered":"Rohrmagnet mit K\u00e4fig, kleine Gr\u00f6\u00dfe, 100 x 23,5 mm, gelb"},"content":{"rendered":"<ul>\n<li>100 x 23,5 mm<\/li>\n<li>Kleine Gr\u00f6\u00dfe<\/li>\n<li>K\u00e4fig, Rohr<\/li>\n<li>Gelb<\/li>\n<\/ul>\n","protected":false},"excerpt":{"rendered":"<p>100 x 23,5 mm Kleine Gr\u00f6\u00dfe K\u00e4fig, Rohr Gelb<\/p>\n","protected":false},"featured_media":0,"template":"","meta":{"_eb_attr":"","_kadence_starter_templates_imported_post":false,"_kad_post_transparent":"","_kad_post_title":"","_kad_post_layout":"","_kad_post_sidebar_id":"","_kad_post_content_style":"","_kad_post_vertical_padding":"","_kad_post_feature":"","_kad_post_feature_position":"","_kad_post_header":false,"_kad_post_footer":false,"_kad_post_classname":""},"product_brand":[],"product_cat":[1051,1378],"product_tag":[],"class_list":{"0":"post-5756","1":"product","2":"type-product","3":"status-publish","5":"product_cat-ciftlik-ve-hayvancilik-ekipmanlari","6":"product_cat-miknatislar","8":"first","9":"instock","10":"shipping-taxable","11":"product-type-simple","12":"entry","13":"content-bg","14":"loop-entry"},"_links":{"self":[{"href":"https:\/\/www.enkatarim.com\/de\/wp-json\/wp\/v2\/product\/5756","targetHints":{"allow":["GET"]}}],"collection":[{"href":"https:\/\/www.enkatarim.com\/de\/wp-json\/wp\/v2\/product"}],"about":[{"href":"https:\/\/www.enkatarim.com\/de\/wp-json\/wp\/v2\/types\/product"}],"wp:attachment":[{"href":"https:\/\/www.enkatarim.com\/de\/wp-json\/wp\/v2\/media?parent=5756"}],"wp:term":[{"taxonomy":"product_brand","embeddable":true,"href":"https:\/\/www.enkatarim.com\/de\/wp-json\/wp\/v2\/product_brand?post=5756"},{"taxonomy":"product_cat","embeddable":true,"href":"https:\/\/www.enkatarim.com\/de\/wp-json\/wp\/v2\/product_cat?post=5756"},{"taxonomy":"product_tag","embeddable":true,"href":"https:\/\/www.enkatarim.com\/de\/wp-json\/wp\/v2\/product_tag?post=5756"}],"curies":[{"name":"wp","href":"https:\/\/api.w.org\/{rel}","templated":true}]}}