{"id":5571,"date":"2023-03-07T15:04:13","date_gmt":"2023-03-07T15:04:13","guid":{"rendered":"https:\/\/enkatarim.com\/?post_type=product&#038;p=5571"},"modified":"2023-06-08T13:54:00","modified_gmt":"2023-06-08T13:54:00","slug":"gazli-boynuz-yakma-aleti18-5-mm-42020","status":"publish","type":"product","link":"https:\/\/www.enkatarim.com\/de\/urun\/gazli-boynuz-yakma-aleti18-5-mm-42020","title":{"rendered":"Gasenthorner Portasol 3"},"content":{"rendered":"<ul>\n<li>F\u00fcr schnelles und effektives Enthornen.<\/li>\n<li>Funktioniert mit nachf\u00fcllbarer Gaspatrone.<\/li>\n<li>Arbeitet bei einer Temperatur von etwa 600\u00b0C.<\/li>\n<li>Erreicht die Anwendungstemperatur innerhalb von 5 Minuten.<\/li>\n<li>Robustes Edelstahlgeh\u00e4use.<\/li>\n<li>Verbesserte und stabile Brennerspitze.<\/li>\n<li>Einfache und zuverl\u00e4ssige Z\u00fcndung mit &#8220;Click-Ignition&#8221; Klickz\u00fcndungssystem.<\/li>\n<li>Etwa 45 Minuten Betriebsdauer pro Patrone.<\/li>\n<\/ul>\n<div class=\"woocommerce columns-6 \"><ul class=\"products content-wrap product-archive grid-cols grid-ss-col-2 grid-sm-col-3 grid-md-col-4 grid-lg-col-6 woo-archive-action-visible woo-archive-btn-text align-buttons-bottom  woo-archive-image-hover-fade\"><li class=\"entry content-bg loop-entry product type-product post-5576 status-publish first instock product_cat-boynuz-dusurme-aletleri product_cat-sigir-yetistiriciligi shipping-taxable product-type-simple\">\n\t<a href=\"https:\/\/www.enkatarim.com\/de\/urun\/15-mm-yedek-uc-gazli-boynuz-yakma-aleti-icin-42021\" class=\"woocommerce-loop-image-link woocommerce-LoopProduct-link woocommerce-loop-product__link\"><img loading=\"lazy\" decoding=\"async\" width=\"300\" height=\"300\" src=\"https:\/\/www.enkatarim.com\/wp-content\/uploads\/2025\/04\/enkatarim-com-placeholder-300x300.jpg\" class=\"woocommerce-placeholder wp-post-image\" alt=\"Placeholder\" srcset=\"https:\/\/www.enkatarim.com\/wp-content\/uploads\/2025\/04\/enkatarim-com-placeholder-300x300.jpg 300w, https:\/\/www.enkatarim.com\/wp-content\/uploads\/2025\/04\/enkatarim-com-placeholder-150x150.jpg 150w, https:\/\/www.enkatarim.com\/wp-content\/uploads\/2025\/04\/enkatarim-com-placeholder-768x768.jpg 768w, https:\/\/www.enkatarim.com\/wp-content\/uploads\/2025\/04\/enkatarim-com-placeholder-600x600.jpg 600w, https:\/\/www.enkatarim.com\/wp-content\/uploads\/2025\/04\/enkatarim-com-placeholder-100x100.jpg 100w, https:\/\/www.enkatarim.com\/wp-content\/uploads\/2025\/04\/enkatarim-com-placeholder.jpg 1024w\" sizes=\"auto, (max-width: 300px) 100vw, 300px\" \/><\/a><div class=\"product-details content-bg entry-content-wrap\"><h2 class=\"woocommerce-loop-product__title\"><a href=\"https:\/\/www.enkatarim.com\/de\/urun\/15-mm-yedek-uc-gazli-boynuz-yakma-aleti-icin-42021\" class=\"woocommerce-LoopProduct-link-title woocommerce-loop-product__title_ink\">Brennspitze \u00d8 15 mm f\u00fcr Gasenthorner Portasol 3<\/a><\/h2>\n<div class=\"product-action-wrap\"><a href=\"https:\/\/www.enkatarim.com\/de\/urun\/15-mm-yedek-uc-gazli-boynuz-yakma-aleti-icin-42021\" data-quantity=\"1\" class=\"button product_type_simple\" data-product_id=\"5576\" data-product_sku=\"42021\" aria-label=\"Read more about &ldquo;Brennspitze \u00d8 15 mm f\u00fcr Gasenthorner Portasol 3&rdquo;\" rel=\"nofollow\" data-success_message=\"\">Read more<span class=\"kadence-svg-iconset svg-baseline\"><svg aria-hidden=\"true\" class=\"kadence-svg-icon kadence-arrow-right-alt-svg\" fill=\"currentColor\" version=\"1.1\" xmlns=\"http:\/\/www.w3.org\/2000\/svg\" width=\"27\" height=\"28\" viewBox=\"0 0 27 28\"><title>Continue<\/title><path d=\"M27 13.953c0 0.141-0.063 0.281-0.156 0.375l-6 5.531c-0.156 0.141-0.359 0.172-0.547 0.094-0.172-0.078-0.297-0.25-0.297-0.453v-3.5h-19.5c-0.281 0-0.5-0.219-0.5-0.5v-3c0-0.281 0.219-0.5 0.5-0.5h19.5v-3.5c0-0.203 0.109-0.375 0.297-0.453s0.391-0.047 0.547 0.078l6 5.469c0.094 0.094 0.156 0.219 0.156 0.359v0z\"><\/path>\n\t\t\t\t<\/svg><\/span><span class=\"kadence-svg-iconset svg-baseline\"><svg class=\"kadence-svg-icon kadence-spinner-svg\" fill=\"currentColor\" version=\"1.1\" xmlns=\"http:\/\/www.w3.org\/2000\/svg\" width=\"16\" height=\"16\" viewBox=\"0 0 16 16\"><title>Loading<\/title><path d=\"M16 6h-6l2.243-2.243c-1.133-1.133-2.64-1.757-4.243-1.757s-3.109 0.624-4.243 1.757c-1.133 1.133-1.757 2.64-1.757 4.243s0.624 3.109 1.757 4.243c1.133 1.133 2.64 1.757 4.243 1.757s3.109-0.624 4.243-1.757c0.095-0.095 0.185-0.192 0.273-0.292l1.505 1.317c-1.466 1.674-3.62 2.732-6.020 2.732-4.418 0-8-3.582-8-8s3.582-8 8-8c2.209 0 4.209 0.896 5.656 2.344l2.343-2.344v6z\"><\/path>\n\t\t\t\t<\/svg><\/span><span class=\"kadence-svg-iconset svg-baseline\"><svg class=\"kadence-svg-icon kadence-check-svg\" fill=\"currentColor\" version=\"1.1\" xmlns=\"http:\/\/www.w3.org\/2000\/svg\" width=\"16\" height=\"16\" viewBox=\"0 0 16 16\"><title>Done<\/title><path d=\"M14 2.5l-8.5 8.5-3.5-3.5-1.5 1.5 5 5 10-10z\"><\/path>\n\t\t\t\t<\/svg><\/span><\/a>\t<span id=\"woocommerce_loop_add_to_cart_link_describedby_5576\" class=\"screen-reader-text\">\n\t\t\t<\/span>\n<\/div><\/div><\/li>\n<li class=\"entry content-bg loop-entry product type-product post-5575 status-publish instock product_cat-boynuz-dusurme-aletleri product_cat-sigir-yetistiriciligi shipping-taxable product-type-simple\">\n\t<a href=\"https:\/\/www.enkatarim.com\/de\/urun\/18-5-mm-yedek-uc-gazli-boynuz-yakma-aleti-icin-42022\" class=\"woocommerce-loop-image-link woocommerce-LoopProduct-link woocommerce-loop-product__link\"><img loading=\"lazy\" decoding=\"async\" width=\"300\" height=\"300\" src=\"https:\/\/www.enkatarim.com\/wp-content\/uploads\/2025\/04\/enkatarim-com-placeholder-300x300.jpg\" class=\"woocommerce-placeholder wp-post-image\" alt=\"Placeholder\" srcset=\"https:\/\/www.enkatarim.com\/wp-content\/uploads\/2025\/04\/enkatarim-com-placeholder-300x300.jpg 300w, https:\/\/www.enkatarim.com\/wp-content\/uploads\/2025\/04\/enkatarim-com-placeholder-150x150.jpg 150w, https:\/\/www.enkatarim.com\/wp-content\/uploads\/2025\/04\/enkatarim-com-placeholder-768x768.jpg 768w, https:\/\/www.enkatarim.com\/wp-content\/uploads\/2025\/04\/enkatarim-com-placeholder-600x600.jpg 600w, https:\/\/www.enkatarim.com\/wp-content\/uploads\/2025\/04\/enkatarim-com-placeholder-100x100.jpg 100w, https:\/\/www.enkatarim.com\/wp-content\/uploads\/2025\/04\/enkatarim-com-placeholder.jpg 1024w\" sizes=\"auto, (max-width: 300px) 100vw, 300px\" \/><\/a><div class=\"product-details content-bg entry-content-wrap\"><h2 class=\"woocommerce-loop-product__title\"><a href=\"https:\/\/www.enkatarim.com\/de\/urun\/18-5-mm-yedek-uc-gazli-boynuz-yakma-aleti-icin-42022\" class=\"woocommerce-LoopProduct-link-title woocommerce-loop-product__title_ink\">Brennspitze \u00d8 18,5 mm f\u00fcr Gasenthorner Portasol 3<\/a><\/h2>\n<div class=\"product-action-wrap\"><a href=\"https:\/\/www.enkatarim.com\/de\/urun\/18-5-mm-yedek-uc-gazli-boynuz-yakma-aleti-icin-42022\" data-quantity=\"1\" class=\"button product_type_simple\" data-product_id=\"5575\" data-product_sku=\"42022\" aria-label=\"Read more about &ldquo;Brennspitze \u00d8 18,5 mm f\u00fcr Gasenthorner Portasol 3&rdquo;\" rel=\"nofollow\" data-success_message=\"\">Read more<span class=\"kadence-svg-iconset svg-baseline\"><svg aria-hidden=\"true\" class=\"kadence-svg-icon kadence-arrow-right-alt-svg\" fill=\"currentColor\" version=\"1.1\" xmlns=\"http:\/\/www.w3.org\/2000\/svg\" width=\"27\" height=\"28\" viewBox=\"0 0 27 28\"><title>Continue<\/title><path d=\"M27 13.953c0 0.141-0.063 0.281-0.156 0.375l-6 5.531c-0.156 0.141-0.359 0.172-0.547 0.094-0.172-0.078-0.297-0.25-0.297-0.453v-3.5h-19.5c-0.281 0-0.5-0.219-0.5-0.5v-3c0-0.281 0.219-0.5 0.5-0.5h19.5v-3.5c0-0.203 0.109-0.375 0.297-0.453s0.391-0.047 0.547 0.078l6 5.469c0.094 0.094 0.156 0.219 0.156 0.359v0z\"><\/path>\n\t\t\t\t<\/svg><\/span><span class=\"kadence-svg-iconset svg-baseline\"><svg class=\"kadence-svg-icon kadence-spinner-svg\" fill=\"currentColor\" version=\"1.1\" xmlns=\"http:\/\/www.w3.org\/2000\/svg\" width=\"16\" height=\"16\" viewBox=\"0 0 16 16\"><title>Loading<\/title><path d=\"M16 6h-6l2.243-2.243c-1.133-1.133-2.64-1.757-4.243-1.757s-3.109 0.624-4.243 1.757c-1.133 1.133-1.757 2.64-1.757 4.243s0.624 3.109 1.757 4.243c1.133 1.133 2.64 1.757 4.243 1.757s3.109-0.624 4.243-1.757c0.095-0.095 0.185-0.192 0.273-0.292l1.505 1.317c-1.466 1.674-3.62 2.732-6.020 2.732-4.418 0-8-3.582-8-8s3.582-8 8-8c2.209 0 4.209 0.896 5.656 2.344l2.343-2.344v6z\"><\/path>\n\t\t\t\t<\/svg><\/span><span class=\"kadence-svg-iconset svg-baseline\"><svg class=\"kadence-svg-icon kadence-check-svg\" fill=\"currentColor\" version=\"1.1\" xmlns=\"http:\/\/www.w3.org\/2000\/svg\" width=\"16\" height=\"16\" viewBox=\"0 0 16 16\"><title>Done<\/title><path d=\"M14 2.5l-8.5 8.5-3.5-3.5-1.5 1.5 5 5 10-10z\"><\/path>\n\t\t\t\t<\/svg><\/span><\/a>\t<span id=\"woocommerce_loop_add_to_cart_link_describedby_5575\" class=\"screen-reader-text\">\n\t\t\t<\/span>\n<\/div><\/div><\/li>\n<li class=\"entry content-bg loop-entry product type-product post-5573 status-publish instock product_cat-boynuz-dusurme-aletleri product_cat-sigir-yetistiriciligi has-post-thumbnail shipping-taxable product-type-simple\">\n\t<a href=\"https:\/\/www.enkatarim.com\/de\/urun\/yedek-gaz-kartusu-gazli-boynuz-dusurme-aletiyle-uyumlu-42023\" class=\"woocommerce-loop-image-link woocommerce-LoopProduct-link woocommerce-loop-product__link\"><img loading=\"lazy\" decoding=\"async\" width=\"300\" height=\"300\" src=\"https:\/\/www.enkatarim.com\/wp-content\/uploads\/2023\/03\/42023-gaz-kartusu-300x300.jpg\" class=\"attachment-woocommerce_thumbnail size-woocommerce_thumbnail\" alt=\"Ersatzgaskartusche f\u00fcr Enthorner mit Gas\" srcset=\"https:\/\/www.enkatarim.com\/wp-content\/uploads\/2023\/03\/42023-gaz-kartusu-300x300.jpg 300w, https:\/\/www.enkatarim.com\/wp-content\/uploads\/2023\/03\/42023-gaz-kartusu.jpg 1024w, https:\/\/www.enkatarim.com\/wp-content\/uploads\/2023\/03\/42023-gaz-kartusu-150x150.jpg 150w, https:\/\/www.enkatarim.com\/wp-content\/uploads\/2023\/03\/42023-gaz-kartusu-768x768.jpg 768w, https:\/\/www.enkatarim.com\/wp-content\/uploads\/2023\/03\/42023-gaz-kartusu-600x600.jpg 600w, https:\/\/www.enkatarim.com\/wp-content\/uploads\/2023\/03\/42023-gaz-kartusu-100x100.jpg 100w\" sizes=\"auto, (max-width: 300px) 100vw, 300px\" \/><\/a><div class=\"product-details content-bg entry-content-wrap\"><h2 class=\"woocommerce-loop-product__title\"><a href=\"https:\/\/www.enkatarim.com\/de\/urun\/yedek-gaz-kartusu-gazli-boynuz-dusurme-aletiyle-uyumlu-42023\" class=\"woocommerce-LoopProduct-link-title woocommerce-loop-product__title_ink\">Ersatzgaskartusche f\u00fcr Enthorner mit Gas<\/a><\/h2>\n<div class=\"product-action-wrap\"><a href=\"https:\/\/www.enkatarim.com\/de\/urun\/yedek-gaz-kartusu-gazli-boynuz-dusurme-aletiyle-uyumlu-42023\" data-quantity=\"1\" class=\"button product_type_simple\" data-product_id=\"5573\" data-product_sku=\"42023\" aria-label=\"Read more about &ldquo;Ersatzgaskartusche f\u00fcr Enthorner mit Gas&rdquo;\" rel=\"nofollow\" data-success_message=\"\">Read more<span class=\"kadence-svg-iconset svg-baseline\"><svg aria-hidden=\"true\" class=\"kadence-svg-icon kadence-arrow-right-alt-svg\" fill=\"currentColor\" version=\"1.1\" xmlns=\"http:\/\/www.w3.org\/2000\/svg\" width=\"27\" height=\"28\" viewBox=\"0 0 27 28\"><title>Continue<\/title><path d=\"M27 13.953c0 0.141-0.063 0.281-0.156 0.375l-6 5.531c-0.156 0.141-0.359 0.172-0.547 0.094-0.172-0.078-0.297-0.25-0.297-0.453v-3.5h-19.5c-0.281 0-0.5-0.219-0.5-0.5v-3c0-0.281 0.219-0.5 0.5-0.5h19.5v-3.5c0-0.203 0.109-0.375 0.297-0.453s0.391-0.047 0.547 0.078l6 5.469c0.094 0.094 0.156 0.219 0.156 0.359v0z\"><\/path>\n\t\t\t\t<\/svg><\/span><span class=\"kadence-svg-iconset svg-baseline\"><svg class=\"kadence-svg-icon kadence-spinner-svg\" fill=\"currentColor\" version=\"1.1\" xmlns=\"http:\/\/www.w3.org\/2000\/svg\" width=\"16\" height=\"16\" viewBox=\"0 0 16 16\"><title>Loading<\/title><path d=\"M16 6h-6l2.243-2.243c-1.133-1.133-2.64-1.757-4.243-1.757s-3.109 0.624-4.243 1.757c-1.133 1.133-1.757 2.64-1.757 4.243s0.624 3.109 1.757 4.243c1.133 1.133 2.64 1.757 4.243 1.757s3.109-0.624 4.243-1.757c0.095-0.095 0.185-0.192 0.273-0.292l1.505 1.317c-1.466 1.674-3.62 2.732-6.020 2.732-4.418 0-8-3.582-8-8s3.582-8 8-8c2.209 0 4.209 0.896 5.656 2.344l2.343-2.344v6z\"><\/path>\n\t\t\t\t<\/svg><\/span><span class=\"kadence-svg-iconset svg-baseline\"><svg class=\"kadence-svg-icon kadence-check-svg\" fill=\"currentColor\" version=\"1.1\" xmlns=\"http:\/\/www.w3.org\/2000\/svg\" width=\"16\" height=\"16\" viewBox=\"0 0 16 16\"><title>Done<\/title><path d=\"M14 2.5l-8.5 8.5-3.5-3.5-1.5 1.5 5 5 10-10z\"><\/path>\n\t\t\t\t<\/svg><\/span><\/a>\t<span id=\"woocommerce_loop_add_to_cart_link_describedby_5573\" class=\"screen-reader-text\">\n\t\t\t<\/span>\n<\/div><\/div><\/li>\n<\/ul>\n<\/div>\n","protected":false},"excerpt":{"rendered":"<p>F\u00fcr schnelles und effektives Enthornen. Funktioniert mit nachf\u00fcllbarer Gaspatrone. Arbeitet bei einer Temperatur von etwa 600\u00b0C. Erreicht die Anwendungstemperatur innerhalb von 5 Minuten. Robustes Edelstahlgeh\u00e4use. Verbesserte und stabile Brennerspitze. Einfache und zuverl\u00e4ssige Z\u00fcndung mit &#8220;Click-Ignition&#8221; Klickz\u00fcndungssystem. Etwa 45 Minuten Betriebsdauer pro Patrone.<\/p>\n","protected":false},"featured_media":6152,"template":"","meta":{"_eb_attr":"","_kadence_starter_templates_imported_post":false,"_kad_post_transparent":"","_kad_post_title":"","_kad_post_layout":"","_kad_post_sidebar_id":"","_kad_post_content_style":"","_kad_post_vertical_padding":"","_kad_post_feature":"","_kad_post_feature_position":"","_kad_post_header":false,"_kad_post_footer":false,"_kad_post_classname":""},"product_brand":[],"product_cat":[1368,1052],"product_tag":[],"class_list":{"0":"post-5571","1":"product","2":"type-product","3":"status-publish","4":"has-post-thumbnail","6":"product_cat-boynuz-dusurme-aletleri","7":"product_cat-sigir-yetistiriciligi","8":"entry","9":"content-bg","10":"loop-entry","12":"first","13":"instock","14":"shipping-taxable","15":"product-type-simple"},"_links":{"self":[{"href":"https:\/\/www.enkatarim.com\/de\/wp-json\/wp\/v2\/product\/5571","targetHints":{"allow":["GET"]}}],"collection":[{"href":"https:\/\/www.enkatarim.com\/de\/wp-json\/wp\/v2\/product"}],"about":[{"href":"https:\/\/www.enkatarim.com\/de\/wp-json\/wp\/v2\/types\/product"}],"wp:featuredmedia":[{"embeddable":true,"href":"https:\/\/www.enkatarim.com\/de\/wp-json\/wp\/v2\/media\/6152"}],"wp:attachment":[{"href":"https:\/\/www.enkatarim.com\/de\/wp-json\/wp\/v2\/media?parent=5571"}],"wp:term":[{"taxonomy":"product_brand","embeddable":true,"href":"https:\/\/www.enkatarim.com\/de\/wp-json\/wp\/v2\/product_brand?post=5571"},{"taxonomy":"product_cat","embeddable":true,"href":"https:\/\/www.enkatarim.com\/de\/wp-json\/wp\/v2\/product_cat?post=5571"},{"taxonomy":"product_tag","embeddable":true,"href":"https:\/\/www.enkatarim.com\/de\/wp-json\/wp\/v2\/product_tag?post=5571"}],"curies":[{"name":"wp","href":"https:\/\/api.w.org\/{rel}","templated":true}]}}