{"id":5376,"date":"2023-03-07T15:03:50","date_gmt":"2023-03-07T15:03:50","guid":{"rendered":"https:\/\/enkatarim.com\/?post_type=product&#038;p=5376"},"modified":"2023-06-08T13:53:53","modified_gmt":"2023-06-08T13:53:53","slug":"multiflex-kulak-kupesi-poliuretan-40952","status":"publish","type":"product","link":"https:\/\/www.enkatarim.com\/de\/urun\/multiflex-kulak-kupesi-poliuretan-40952","title":{"rendered":"FlexoPlus Rinderohrmarken"},"content":{"rendered":"<ul>\n<li>D &#8211; m\u00e4nnlich D &#8211; weiblich<\/li>\n<li>F\u00fcr K\u00fche<\/li>\n<li>Polyurethan<\/li>\n<li>20 St\u00fcck \/ Packung<\/li>\n<\/ul>\n","protected":false},"excerpt":{"rendered":"<p>D &#8211; m\u00e4nnlich D &#8211; weiblich F\u00fcr K\u00fche Polyurethan 20 St\u00fcck \/ Packung<\/p>\n","protected":false},"featured_media":5377,"template":"","meta":{"_eb_attr":"","_kadence_starter_templates_imported_post":false,"_kad_post_transparent":"","_kad_post_title":"","_kad_post_layout":"","_kad_post_sidebar_id":"","_kad_post_content_style":"","_kad_post_vertical_padding":"","_kad_post_feature":"","_kad_post_feature_position":"","_kad_post_header":false,"_kad_post_footer":false,"_kad_post_classname":""},"product_brand":[],"product_cat":[1358],"product_tag":[],"class_list":{"0":"post-5376","1":"product","2":"type-product","3":"status-publish","4":"has-post-thumbnail","6":"product_cat-multiflex-urunleri","8":"first","9":"instock","10":"shipping-taxable","11":"product-type-simple","12":"entry","13":"content-bg","14":"loop-entry"},"_links":{"self":[{"href":"https:\/\/www.enkatarim.com\/de\/wp-json\/wp\/v2\/product\/5376","targetHints":{"allow":["GET"]}}],"collection":[{"href":"https:\/\/www.enkatarim.com\/de\/wp-json\/wp\/v2\/product"}],"about":[{"href":"https:\/\/www.enkatarim.com\/de\/wp-json\/wp\/v2\/types\/product"}],"wp:featuredmedia":[{"embeddable":true,"href":"https:\/\/www.enkatarim.com\/de\/wp-json\/wp\/v2\/media\/5377"}],"wp:attachment":[{"href":"https:\/\/www.enkatarim.com\/de\/wp-json\/wp\/v2\/media?parent=5376"}],"wp:term":[{"taxonomy":"product_brand","embeddable":true,"href":"https:\/\/www.enkatarim.com\/de\/wp-json\/wp\/v2\/product_brand?post=5376"},{"taxonomy":"product_cat","embeddable":true,"href":"https:\/\/www.enkatarim.com\/de\/wp-json\/wp\/v2\/product_cat?post=5376"},{"taxonomy":"product_tag","embeddable":true,"href":"https:\/\/www.enkatarim.com\/de\/wp-json\/wp\/v2\/product_tag?post=5376"}],"curies":[{"name":"wp","href":"https:\/\/api.w.org\/{rel}","templated":true}]}}