{"id":5269,"date":"2023-03-07T15:03:37","date_gmt":"2023-03-07T15:03:37","guid":{"rendered":"https:\/\/enkatarim.com\/?post_type=product&#038;p=5269"},"modified":"2023-06-08T13:53:47","modified_gmt":"2023-06-08T13:53:47","slug":"alt-tapa-39600-plastik-samandirali-plastik-yalak-icin-39602","status":"publish","type":"product","link":"https:\/\/www.enkatarim.com\/de\/urun\/alt-tapa-39600-plastik-samandirali-plastik-yalak-icin-39602","title":{"rendered":"Abreuvoir \u00e0 niveau constant f\u00fcr Schwimmer-Tr\u00e4nkebecken Kunststoff"},"content":{"rendered":"<p>Es ist ein Teil des 39600 Kunststoff-Wassertrogs mit Kunststoff-Pop-up-Ventil.<\/p>\n","protected":false},"excerpt":{"rendered":"<p>Es ist ein Teil des 39600 Kunststoff-Wassertrogs mit Kunststoff-Pop-up-Ventil.<\/p>\n","protected":false},"featured_media":0,"template":"","meta":{"_eb_attr":"","_kadence_starter_templates_imported_post":false,"_kad_post_transparent":"","_kad_post_title":"","_kad_post_layout":"","_kad_post_sidebar_id":"","_kad_post_content_style":"","_kad_post_vertical_padding":"","_kad_post_feature":"","_kad_post_feature_position":"","_kad_post_header":false,"_kad_post_footer":false,"_kad_post_classname":""},"product_brand":[],"product_cat":[1052,1349,1053],"product_tag":[],"class_list":{"0":"post-5269","1":"product","2":"type-product","3":"status-publish","5":"product_cat-sigir-yetistiriciligi","6":"product_cat-yalak-parcalari","7":"product_cat-yalaklar","9":"first","10":"instock","11":"shipping-taxable","12":"product-type-simple","13":"entry","14":"content-bg","15":"loop-entry"},"_links":{"self":[{"href":"https:\/\/www.enkatarim.com\/de\/wp-json\/wp\/v2\/product\/5269","targetHints":{"allow":["GET"]}}],"collection":[{"href":"https:\/\/www.enkatarim.com\/de\/wp-json\/wp\/v2\/product"}],"about":[{"href":"https:\/\/www.enkatarim.com\/de\/wp-json\/wp\/v2\/types\/product"}],"wp:attachment":[{"href":"https:\/\/www.enkatarim.com\/de\/wp-json\/wp\/v2\/media?parent=5269"}],"wp:term":[{"taxonomy":"product_brand","embeddable":true,"href":"https:\/\/www.enkatarim.com\/de\/wp-json\/wp\/v2\/product_brand?post=5269"},{"taxonomy":"product_cat","embeddable":true,"href":"https:\/\/www.enkatarim.com\/de\/wp-json\/wp\/v2\/product_cat?post=5269"},{"taxonomy":"product_tag","embeddable":true,"href":"https:\/\/www.enkatarim.com\/de\/wp-json\/wp\/v2\/product_tag?post=5269"}],"curies":[{"name":"wp","href":"https:\/\/api.w.org\/{rel}","templated":true}]}}