{"id":5117,"date":"2023-03-07T15:03:30","date_gmt":"2023-03-07T15:03:30","guid":{"rendered":"https:\/\/enkatarim.com\/?post_type=product&#038;p=5117"},"modified":"2023-06-08T13:53:46","modified_gmt":"2023-06-08T13:53:46","slug":"6-emzikli-bolmeli-kova-g-tipi-38200","status":"publish","type":"product","link":"https:\/\/www.enkatarim.com\/de\/urun\/6-emzikli-bolmeli-kova-g-tipi-38200","title":{"rendered":"Lammeimer, 10 l"},"content":{"rendered":"<ul>\n<li>Mit 6 Saugern<\/li>\n<li>F\u00fcr L\u00e4mmer<\/li>\n<li>Mit F\u00e4chern<\/li>\n<li>Lebensmittelecht<\/li>\n<li>Kunststoff<\/li>\n<\/ul>\n","protected":false},"excerpt":{"rendered":"<p>Mit 6 Saugern F\u00fcr L\u00e4mmer Mit F\u00e4chern Lebensmittelecht Kunststoff<\/p>\n","protected":false},"featured_media":5118,"template":"","meta":{"_eb_attr":"","_kadence_starter_templates_imported_post":false,"_kad_post_transparent":"","_kad_post_title":"","_kad_post_layout":"","_kad_post_sidebar_id":"","_kad_post_content_style":"","_kad_post_vertical_padding":"","_kad_post_feature":"","_kad_post_feature_position":"","_kad_post_header":false,"_kad_post_footer":false,"_kad_post_classname":""},"product_brand":[],"product_cat":[1342,1347,1052],"product_tag":[],"class_list":{"0":"post-5117","1":"product","2":"type-product","3":"status-publish","4":"has-post-thumbnail","6":"product_cat-emzirme-kovalari","7":"product_cat-kuzu-kovalari","8":"product_cat-sigir-yetistiriciligi","10":"first","11":"instock","12":"shipping-taxable","13":"product-type-simple","14":"entry","15":"content-bg","16":"loop-entry"},"_links":{"self":[{"href":"https:\/\/www.enkatarim.com\/de\/wp-json\/wp\/v2\/product\/5117","targetHints":{"allow":["GET"]}}],"collection":[{"href":"https:\/\/www.enkatarim.com\/de\/wp-json\/wp\/v2\/product"}],"about":[{"href":"https:\/\/www.enkatarim.com\/de\/wp-json\/wp\/v2\/types\/product"}],"wp:featuredmedia":[{"embeddable":true,"href":"https:\/\/www.enkatarim.com\/de\/wp-json\/wp\/v2\/media\/5118"}],"wp:attachment":[{"href":"https:\/\/www.enkatarim.com\/de\/wp-json\/wp\/v2\/media?parent=5117"}],"wp:term":[{"taxonomy":"product_brand","embeddable":true,"href":"https:\/\/www.enkatarim.com\/de\/wp-json\/wp\/v2\/product_brand?post=5117"},{"taxonomy":"product_cat","embeddable":true,"href":"https:\/\/www.enkatarim.com\/de\/wp-json\/wp\/v2\/product_cat?post=5117"},{"taxonomy":"product_tag","embeddable":true,"href":"https:\/\/www.enkatarim.com\/de\/wp-json\/wp\/v2\/product_tag?post=5117"}],"curies":[{"name":"wp","href":"https:\/\/api.w.org\/{rel}","templated":true}]}}