{"id":5029,"date":"2023-03-07T15:03:21","date_gmt":"2023-03-07T15:03:21","guid":{"rendered":"https:\/\/enkatarim.com\/?post_type=product&#038;p=5029"},"modified":"2024-08-21T09:45:50","modified_gmt":"2024-08-21T06:45:50","slug":"technobase-8000-ayak-tedavi-seti-14-tabanli-set-40270","status":"publish","type":"product","link":"https:\/\/www.enkatarim.com\/de\/urun\/technobase-8000-ayak-tedavi-seti-14-tabanli-set-40270","title":{"rendered":"TECHNOBASE 8000 Universal-Kunststoff f\u00fcr die Veterin\u00e4rmedizin, Set &#8211; 14 Anwendungen"},"content":{"rendered":"<p>Technobase ist eine moderne Klauenbehandlung zur Immobilisierung verletzter oder erkrankter Klauen! Dar\u00fcber hinaus deckt sie ein breites Anwendungsspektrum im Bereich der Tiermedizin ab.<\/p>\n<p>\u2022 Schnelle Verarbeitung: Modelle k\u00f6nnen sofort nach dem Mischen erstellt werden. Dadurch erm\u00f6glicht sie sofortiges Modellieren von Hand, was die Anwendung wesentlich erleichtert. Technobase 8000 h\u00e4rtet bei einer Produkttemperatur von 20\u00b0C in weniger als 4 Minuten vollst\u00e4ndig aus!<\/p>\n<p>\u2022 Hohe Klebkraft: Technobase weist ausgezeichnete Haftungseigenschaften auf! Dadurch k\u00f6nnen Sie sicher sein, dass die erkrankte Klaue perfekt geschont wird, bis der Holzblock abgenutzt ist.<\/p>\n<p>\u2022 Klebt nicht beim Modellieren: W\u00e4hrend der Modellierungsphase l\u00e4sst sich Technobase perfekt verarbeiten, ohne st\u00f6rend an den H\u00e4nden des Anwenders zu kleben. Der Teig bleibt flexibel und kann geformt und verarbeitet werden, bis die Polymerisation erfolgt.<\/p>\n<p>\u2022 Niedrige Temperatur am Ende der Polymerisation: Die chemische Reaktion von Pulver und Fl\u00fcssigkeit f\u00fchrt zu \u00fcberm\u00e4\u00dfiger Hitze. Diese hohen Temperaturen sch\u00e4digen oft das Gewebe und verletzen das Tier. Auch in dieser Hinsicht wurde Technobase verbessert! Daher kann eine extrakutane Schienung sicher und ohne das Gewebe zu beeintr\u00e4chtigen durchgef\u00fchrt werden.<\/p>\n","protected":false},"excerpt":{"rendered":"<p>Set f\u00fcr 14 Anwendungen<\/p>\n","protected":false},"featured_media":23629,"template":"","meta":{"_eb_attr":"","_kadence_starter_templates_imported_post":false,"_kad_post_transparent":"default","_kad_post_title":"","_kad_post_layout":"default","_kad_post_sidebar_id":"","_kad_post_content_style":"default","_kad_post_vertical_padding":"default","_kad_post_feature":"","_kad_post_feature_position":"","_kad_post_header":false,"_kad_post_footer":false,"_kad_post_classname":""},"product_brand":[],"product_cat":[1332,1052,1341],"product_tag":[],"class_list":{"0":"post-5029","1":"product","2":"type-product","3":"status-publish","4":"has-post-thumbnail","6":"product_cat-ayak-bakim-urunleri","7":"product_cat-sigir-yetistiriciligi","8":"product_cat-technobase-8000-ayak-tedavi-seti","10":"first","11":"instock","12":"shipping-taxable","13":"product-type-simple","14":"entry","15":"content-bg","16":"loop-entry"},"_links":{"self":[{"href":"https:\/\/www.enkatarim.com\/de\/wp-json\/wp\/v2\/product\/5029","targetHints":{"allow":["GET"]}}],"collection":[{"href":"https:\/\/www.enkatarim.com\/de\/wp-json\/wp\/v2\/product"}],"about":[{"href":"https:\/\/www.enkatarim.com\/de\/wp-json\/wp\/v2\/types\/product"}],"wp:featuredmedia":[{"embeddable":true,"href":"https:\/\/www.enkatarim.com\/de\/wp-json\/wp\/v2\/media\/23629"}],"wp:attachment":[{"href":"https:\/\/www.enkatarim.com\/de\/wp-json\/wp\/v2\/media?parent=5029"}],"wp:term":[{"taxonomy":"product_brand","embeddable":true,"href":"https:\/\/www.enkatarim.com\/de\/wp-json\/wp\/v2\/product_brand?post=5029"},{"taxonomy":"product_cat","embeddable":true,"href":"https:\/\/www.enkatarim.com\/de\/wp-json\/wp\/v2\/product_cat?post=5029"},{"taxonomy":"product_tag","embeddable":true,"href":"https:\/\/www.enkatarim.com\/de\/wp-json\/wp\/v2\/product_tag?post=5029"}],"curies":[{"name":"wp","href":"https:\/\/api.w.org\/{rel}","templated":true}]}}