{"id":5019,"date":"2023-03-07T15:03:20","date_gmt":"2023-03-07T15:03:20","guid":{"rendered":"https:\/\/enkatarim.com\/?post_type=product&#038;p=5019"},"modified":"2023-06-08T13:53:42","modified_gmt":"2023-06-08T13:53:42","slug":"technovit-2-bond-ayak-tedavi-seti-dozajlama-tabancali-set-40260","status":"publish","type":"product","link":"https:\/\/www.enkatarim.com\/de\/urun\/technovit-2-bond-ayak-tedavi-seti-dozajlama-tabancali-set-40260","title":{"rendered":"Technovit-2-Bond Starterset inkl. Dosierpistole, 10 Anwendunge"},"content":{"rendered":"<p>\n<table id=\"tablepress-362\" class=\"tablepress tablepress-id-362\">\n<tbody class=\"row-striping row-hover\">\n<tr class=\"row-1\">\n\t<td class=\"column-1\">40262<\/td><td class=\"column-2\">160 ml yap\u0131\u015ft\u0131r\u0131c\u0131<\/td>\n<\/tr>\n<tr class=\"row-2\">\n\t<td class=\"column-1\">40264<\/td><td class=\"column-2\">Kar\u0131\u015f\u0131t\u0131r\u0131c\u0131 u\u00e7, 10 adet<\/td>\n<\/tr>\n<tr class=\"row-3\">\n\t<td class=\"column-1\"><\/td><td class=\"column-2\">Ah\u015fap takoz, 10 adet<\/td>\n<\/tr>\n<tr class=\"row-4\">\n\t<td class=\"column-1\">40263<\/td><td class=\"column-2\">Dozajlama tabancas\u0131<\/td>\n<\/tr>\n<\/tbody>\n<\/table>\n<br \/>\nTechnovit-2-Bond ist ein schnell trocknender Zweikomponenten-Klebstoff zur Behandlung von Hufen. Nur eine kleine Menge Klebstoff reicht aus, um Holz- oder Gummibl\u00f6cke innerhalb von Sekunden sicher an gesunde Hufe zu kleben, um die Belastung von erkrankten oder gesch\u00e4digten Hufen zu verringern und damit die Heilung zu beschleunigen.<\/p>\n<p>Die Vorteile auf einen Blick:<\/p>\n<p>\u2022 Trocknet innerhalb von 30 Sekunden<br \/>\n\u2022 Verbindet Holz- und Gummibl\u00f6cke kraftvoll und dauerhaft<br \/>\n\u2022 Einfach zu verwenden &#8211; kein Mischen, kein Verschwendung<br \/>\n\u2022 Geruchlos und sicher in der Anwendung, auch in geschlossenen R\u00e4umen<\/p>\n<p>Die praktischen Technovit-2-Bond-Sets sind mit oder ohne Dosierpistolen erh\u00e4ltlich und enthalten das Zubeh\u00f6r f\u00fcr etwa 10 Anwendungen (abh\u00e4ngig von der Gr\u00f6\u00dfe des Hufs und der Geschicklichkeit des Anwenders).<\/p>\n<p>Entfernen Sie die Versiegelung der Kartusche und befestigen Sie den Mischungsaufsatz. Geben Sie eine kleine Menge Klebstoff aus. Dies muss so erfolgen, dass die beiden Komponenten m\u00f6glichst effektiv gemischt werden. Tragen Sie nun eine Klebstoffperle auf den Block auf. Platzieren Sie den Block schnell auf dem vorbereiteten, sauberen und trockenen, gesunden Huf. Nach etwa 30 Sekunden hat sich der Klebstoff gesetzt, und nach etwa 2-3 Minuten kann der Huf wieder belastet werden.<\/p>\n","protected":false},"excerpt":{"rendered":"<p>Technovit-2-Bond ist ein schnell trocknender Zweikomponenten-Klebstoff zur Behandlung von Hufen. Nur eine kleine Menge Klebstoff reicht aus, um Holz- oder Gummibl\u00f6cke innerhalb von Sekunden sicher an gesunde Hufe zu kleben, um die Belastung von erkrankten oder gesch\u00e4digten Hufen zu verringern und damit die Heilung zu beschleunigen. Die Vorteile auf einen Blick: \u2022 Trocknet innerhalb von&#8230;<\/p>\n","protected":false},"featured_media":5020,"template":"","meta":{"_eb_attr":"","_kadence_starter_templates_imported_post":false,"_kad_post_transparent":"","_kad_post_title":"","_kad_post_layout":"","_kad_post_sidebar_id":"","_kad_post_content_style":"","_kad_post_vertical_padding":"","_kad_post_feature":"","_kad_post_feature_position":"","_kad_post_header":false,"_kad_post_footer":false,"_kad_post_classname":""},"product_brand":[],"product_cat":[1332,1052,1340],"product_tag":[],"class_list":{"0":"post-5019","1":"product","2":"type-product","3":"status-publish","4":"has-post-thumbnail","6":"product_cat-ayak-bakim-urunleri","7":"product_cat-sigir-yetistiriciligi","8":"product_cat-technovit-2-bond-ayak-tedavi-seti","10":"first","11":"instock","12":"shipping-taxable","13":"product-type-simple","14":"entry","15":"content-bg","16":"loop-entry"},"_links":{"self":[{"href":"https:\/\/www.enkatarim.com\/de\/wp-json\/wp\/v2\/product\/5019","targetHints":{"allow":["GET"]}}],"collection":[{"href":"https:\/\/www.enkatarim.com\/de\/wp-json\/wp\/v2\/product"}],"about":[{"href":"https:\/\/www.enkatarim.com\/de\/wp-json\/wp\/v2\/types\/product"}],"wp:featuredmedia":[{"embeddable":true,"href":"https:\/\/www.enkatarim.com\/de\/wp-json\/wp\/v2\/media\/5020"}],"wp:attachment":[{"href":"https:\/\/www.enkatarim.com\/de\/wp-json\/wp\/v2\/media?parent=5019"}],"wp:term":[{"taxonomy":"product_brand","embeddable":true,"href":"https:\/\/www.enkatarim.com\/de\/wp-json\/wp\/v2\/product_brand?post=5019"},{"taxonomy":"product_cat","embeddable":true,"href":"https:\/\/www.enkatarim.com\/de\/wp-json\/wp\/v2\/product_cat?post=5019"},{"taxonomy":"product_tag","embeddable":true,"href":"https:\/\/www.enkatarim.com\/de\/wp-json\/wp\/v2\/product_tag?post=5019"}],"curies":[{"name":"wp","href":"https:\/\/api.w.org\/{rel}","templated":true}]}}