{"id":4924,"date":"2023-03-07T15:03:12","date_gmt":"2023-03-07T15:03:12","guid":{"rendered":"https:\/\/enkatarim.com\/?post_type=product&#038;p=4924"},"modified":"2023-06-08T13:53:39","modified_gmt":"2023-06-08T13:53:39","slug":"shoof-orta-boy-hayvan-ayakkabisi-sari-44610","status":"publish","type":"product","link":"https:\/\/www.enkatarim.com\/de\/urun\/shoof-orta-boy-hayvan-ayakkabisi-sari-44610","title":{"rendered":"Klauenschuh SHOOF, beidseitige Ausf\u00fchrung, gelb"},"content":{"rendered":"<ul>\n<li>Gelb<\/li>\n<li>Mittelgro\u00dfe Gr\u00f6\u00dfe<\/li>\n<li>Polyurethan<\/li>\n<li>Geeignet f\u00fcr die Verwendung auf hartem Untergrund<\/li>\n<li>Sch\u00fctzt vor \u00e4u\u00dferen Einfl\u00fcssen<\/li>\n<li>Box-Inhalt: 1 Verband und 12 g Kupfersulfat<\/li>\n<\/ul>\n","protected":false},"excerpt":{"rendered":"<p>Gelb Mittelgro\u00dfe Gr\u00f6\u00dfe Polyurethan Geeignet f\u00fcr die Verwendung auf hartem Untergrund Sch\u00fctzt vor \u00e4u\u00dferen Einfl\u00fcssen Box-Inhalt: 1 Verband und 12 g Kupfersulfat<\/p>\n","protected":false},"featured_media":4925,"template":"","meta":{"_eb_attr":"","_kadence_starter_templates_imported_post":false,"_kad_post_transparent":"","_kad_post_title":"","_kad_post_layout":"","_kad_post_sidebar_id":"","_kad_post_content_style":"","_kad_post_vertical_padding":"","_kad_post_feature":"","_kad_post_feature_position":"","_kad_post_header":false,"_kad_post_footer":false,"_kad_post_classname":""},"product_brand":[],"product_cat":[1332,1336,1052],"product_tag":[],"class_list":{"0":"post-4924","1":"product","2":"type-product","3":"status-publish","4":"has-post-thumbnail","6":"product_cat-ayak-bakim-urunleri","7":"product_cat-ayakkabilar","8":"product_cat-sigir-yetistiriciligi","10":"first","11":"instock","12":"shipping-taxable","13":"product-type-simple","14":"entry","15":"content-bg","16":"loop-entry"},"_links":{"self":[{"href":"https:\/\/www.enkatarim.com\/de\/wp-json\/wp\/v2\/product\/4924","targetHints":{"allow":["GET"]}}],"collection":[{"href":"https:\/\/www.enkatarim.com\/de\/wp-json\/wp\/v2\/product"}],"about":[{"href":"https:\/\/www.enkatarim.com\/de\/wp-json\/wp\/v2\/types\/product"}],"wp:featuredmedia":[{"embeddable":true,"href":"https:\/\/www.enkatarim.com\/de\/wp-json\/wp\/v2\/media\/4925"}],"wp:attachment":[{"href":"https:\/\/www.enkatarim.com\/de\/wp-json\/wp\/v2\/media?parent=4924"}],"wp:term":[{"taxonomy":"product_brand","embeddable":true,"href":"https:\/\/www.enkatarim.com\/de\/wp-json\/wp\/v2\/product_brand?post=4924"},{"taxonomy":"product_cat","embeddable":true,"href":"https:\/\/www.enkatarim.com\/de\/wp-json\/wp\/v2\/product_cat?post=4924"},{"taxonomy":"product_tag","embeddable":true,"href":"https:\/\/www.enkatarim.com\/de\/wp-json\/wp\/v2\/product_tag?post=4924"}],"curies":[{"name":"wp","href":"https:\/\/api.w.org\/{rel}","templated":true}]}}