{"id":4813,"date":"2023-03-07T15:03:00","date_gmt":"2023-03-07T15:03:00","guid":{"rendered":"https:\/\/enkatarim.com\/?post_type=product&#038;p=4813"},"modified":"2023-06-08T13:53:34","modified_gmt":"2023-06-08T13:53:34","slug":"mastitis-dedektoru-sut-sagma-makineleri-icin-mavi-28100","status":"publish","type":"product","link":"https:\/\/www.enkatarim.com\/de\/urun\/mastitis-dedektoru-sut-sagma-makineleri-icin-mavi-28100","title":{"rendered":"Mastitis-Detektor f\u00fcr Melkmaschinen, blau"},"content":{"rendered":"<ul>\n<li>Blau<\/li>\n<li>Wird in Melkmaschinen und Melkst\u00e4nden verwendet.<\/li>\n<li>Kompatibel mit 14 x 24 mm und 17 x 27 mm Milchschl\u00e4uchen.<\/li>\n<li>Vor dem Melkcluster anschlie\u00dfen.<\/li>\n<li>Der transparente Teil besteht aus Polycarbonat und der innere Teil aus PVC.<\/li>\n<li>Gewicht: 0,075 kg<\/li>\n<\/ul>\n","protected":false},"excerpt":{"rendered":"<p>Blau Wird in Melkmaschinen und Melkst\u00e4nden verwendet. Kompatibel mit 14 x 24 mm und 17 x 27 mm Milchschl\u00e4uchen. Vor dem Melkcluster anschlie\u00dfen. Der transparente Teil besteht aus Polycarbonat und der innere Teil aus PVC. Gewicht: 0,075 kg<\/p>\n","protected":false},"featured_media":4814,"template":"","meta":{"_eb_attr":"","_kadence_starter_templates_imported_post":false,"_kad_post_transparent":"","_kad_post_title":"","_kad_post_layout":"","_kad_post_sidebar_id":"","_kad_post_content_style":"","_kad_post_vertical_padding":"","_kad_post_feature":"","_kad_post_feature_position":"","_kad_post_header":false,"_kad_post_footer":false,"_kad_post_classname":""},"product_brand":[],"product_cat":[1319,1320,1033,1263,1017],"product_tag":[],"class_list":{"0":"post-4813","1":"product","2":"type-product","3":"status-publish","4":"has-post-thumbnail","6":"product_cat-mastitis-dedektorleri","7":"product_cat-plastik-parcalar","8":"product_cat-sut-sagim-makinesi-parcalari","9":"product_cat-sagim-odalari","10":"product_cat-sut-endustrisi","12":"first","13":"instock","14":"shipping-taxable","15":"product-type-simple","16":"entry","17":"content-bg","18":"loop-entry"},"_links":{"self":[{"href":"https:\/\/www.enkatarim.com\/de\/wp-json\/wp\/v2\/product\/4813","targetHints":{"allow":["GET"]}}],"collection":[{"href":"https:\/\/www.enkatarim.com\/de\/wp-json\/wp\/v2\/product"}],"about":[{"href":"https:\/\/www.enkatarim.com\/de\/wp-json\/wp\/v2\/types\/product"}],"wp:featuredmedia":[{"embeddable":true,"href":"https:\/\/www.enkatarim.com\/de\/wp-json\/wp\/v2\/media\/4814"}],"wp:attachment":[{"href":"https:\/\/www.enkatarim.com\/de\/wp-json\/wp\/v2\/media?parent=4813"}],"wp:term":[{"taxonomy":"product_brand","embeddable":true,"href":"https:\/\/www.enkatarim.com\/de\/wp-json\/wp\/v2\/product_brand?post=4813"},{"taxonomy":"product_cat","embeddable":true,"href":"https:\/\/www.enkatarim.com\/de\/wp-json\/wp\/v2\/product_cat?post=4813"},{"taxonomy":"product_tag","embeddable":true,"href":"https:\/\/www.enkatarim.com\/de\/wp-json\/wp\/v2\/product_tag?post=4813"}],"curies":[{"name":"wp","href":"https:\/\/api.w.org\/{rel}","templated":true}]}}