{"id":4804,"date":"2023-03-07T15:02:58","date_gmt":"2023-03-07T15:02:58","guid":{"rendered":"https:\/\/enkatarim.com\/?post_type=product&#038;p=4804"},"modified":"2023-06-08T13:53:34","modified_gmt":"2023-06-08T13:53:34","slug":"meme-daldirma-kabi-inek-icin-donusumlu-27402","status":"publish","type":"product","link":"https:\/\/www.enkatarim.com\/de\/urun\/meme-daldirma-kabi-inek-icin-donusumlu-27402","title":{"rendered":"Dippbecher f\u00fcr Kuh, mit R\u00fccklauf"},"content":{"rendered":"<ul>\n<li>F\u00fcr Kuh<\/li>\n<li>R\u00fcckg\u00e4ngig<\/li>\n<\/ul>\n","protected":false},"excerpt":{"rendered":"<p>Es sorgt daf\u00fcr, dass Desinfektionsmittel und andere Schutzfl\u00fcssigkeiten problemlos auf die Zitze aufgetragen werden k\u00f6nnen.<\/p>\n","protected":false},"featured_media":4805,"template":"","meta":{"_eb_attr":"","_kadence_starter_templates_imported_post":false,"_kad_post_transparent":"","_kad_post_title":"","_kad_post_layout":"","_kad_post_sidebar_id":"","_kad_post_content_style":"","_kad_post_vertical_padding":"","_kad_post_feature":"","_kad_post_feature_position":"","_kad_post_header":false,"_kad_post_footer":false,"_kad_post_classname":""},"product_brand":[],"product_cat":[1318,1309,1052],"product_tag":[],"class_list":{"0":"post-4804","1":"product","2":"type-product","3":"status-publish","4":"has-post-thumbnail","6":"product_cat-meme-daldirma-kaplari","7":"product_cat-meme-urunleri","8":"product_cat-sigir-yetistiriciligi","10":"first","11":"instock","12":"shipping-taxable","13":"product-type-simple","14":"entry","15":"content-bg","16":"loop-entry"},"_links":{"self":[{"href":"https:\/\/www.enkatarim.com\/de\/wp-json\/wp\/v2\/product\/4804","targetHints":{"allow":["GET"]}}],"collection":[{"href":"https:\/\/www.enkatarim.com\/de\/wp-json\/wp\/v2\/product"}],"about":[{"href":"https:\/\/www.enkatarim.com\/de\/wp-json\/wp\/v2\/types\/product"}],"wp:featuredmedia":[{"embeddable":true,"href":"https:\/\/www.enkatarim.com\/de\/wp-json\/wp\/v2\/media\/4805"}],"wp:attachment":[{"href":"https:\/\/www.enkatarim.com\/de\/wp-json\/wp\/v2\/media?parent=4804"}],"wp:term":[{"taxonomy":"product_brand","embeddable":true,"href":"https:\/\/www.enkatarim.com\/de\/wp-json\/wp\/v2\/product_brand?post=4804"},{"taxonomy":"product_cat","embeddable":true,"href":"https:\/\/www.enkatarim.com\/de\/wp-json\/wp\/v2\/product_cat?post=4804"},{"taxonomy":"product_tag","embeddable":true,"href":"https:\/\/www.enkatarim.com\/de\/wp-json\/wp\/v2\/product_tag?post=4804"}],"curies":[{"name":"wp","href":"https:\/\/api.w.org\/{rel}","templated":true}]}}