{"id":4796,"date":"2023-03-07T15:02:57","date_gmt":"2023-03-07T15:02:57","guid":{"rendered":"https:\/\/enkatarim.com\/?post_type=product&#038;p=4796"},"modified":"2026-02-17T14:19:25","modified_gmt":"2026-02-17T11:19:25","slug":"shalm-test-plakasi-4lu-2-ml-28199","status":"publish","type":"product","link":"https:\/\/www.enkatarim.com\/de\/urun\/shalm-test-plakasi-4lu-2-ml-28199","title":{"rendered":"Schalmtestscheibe, wei\u00df"},"content":{"rendered":"<p>F\u00fcr Milchtestfl\u00fcssigkeit. In jede Vertiefung wird eine Milchprobe (ca. 2 ml) aus jeweils einem Euterviertel gegeben.<\/p>\n","protected":false},"excerpt":{"rendered":"<p>Schwarz<\/p>\n","protected":false},"featured_media":24516,"template":"","meta":{"_eb_attr":"","_kadence_starter_templates_imported_post":false,"_kad_post_transparent":"default","_kad_post_title":"","_kad_post_layout":"default","_kad_post_sidebar_id":"","_kad_post_content_style":"default","_kad_post_vertical_padding":"default","_kad_post_feature":"","_kad_post_feature_position":"","_kad_post_header":false,"_kad_post_footer":false,"_kad_post_classname":""},"product_brand":[],"product_cat":[1051,1309,1317],"product_tag":[],"class_list":{"0":"post-4796","1":"product","2":"type-product","3":"status-publish","4":"has-post-thumbnail","6":"product_cat-ciftlik-ve-hayvancilik-ekipmanlari","7":"product_cat-meme-urunleri","8":"product_cat-sut-test-kimyasallari","10":"first","11":"instock","12":"shipping-taxable","13":"product-type-simple","14":"entry","15":"content-bg","16":"loop-entry"},"_links":{"self":[{"href":"https:\/\/www.enkatarim.com\/de\/wp-json\/wp\/v2\/product\/4796","targetHints":{"allow":["GET"]}}],"collection":[{"href":"https:\/\/www.enkatarim.com\/de\/wp-json\/wp\/v2\/product"}],"about":[{"href":"https:\/\/www.enkatarim.com\/de\/wp-json\/wp\/v2\/types\/product"}],"wp:featuredmedia":[{"embeddable":true,"href":"https:\/\/www.enkatarim.com\/de\/wp-json\/wp\/v2\/media\/24516"}],"wp:attachment":[{"href":"https:\/\/www.enkatarim.com\/de\/wp-json\/wp\/v2\/media?parent=4796"}],"wp:term":[{"taxonomy":"product_brand","embeddable":true,"href":"https:\/\/www.enkatarim.com\/de\/wp-json\/wp\/v2\/product_brand?post=4796"},{"taxonomy":"product_cat","embeddable":true,"href":"https:\/\/www.enkatarim.com\/de\/wp-json\/wp\/v2\/product_cat?post=4796"},{"taxonomy":"product_tag","embeddable":true,"href":"https:\/\/www.enkatarim.com\/de\/wp-json\/wp\/v2\/product_tag?post=4796"}],"curies":[{"name":"wp","href":"https:\/\/api.w.org\/{rel}","templated":true}]}}