{"id":4787,"date":"2023-03-07T15:02:56","date_gmt":"2023-03-07T15:02:56","guid":{"rendered":"https:\/\/enkatarim.com\/?post_type=product&#038;p=4787"},"modified":"2023-06-08T13:53:33","modified_gmt":"2023-06-08T13:53:33","slug":"iomin-d-plus-sagim-oncesi-meme-basi-daldirma-konsantresi-20-lt-29405","status":"publish","type":"product","link":"https:\/\/www.enkatarim.com\/de\/urun\/iomin-d-plus-sagim-oncesi-meme-basi-daldirma-konsantresi-20-lt-29405","title":{"rendered":"Iomin D plus, 20 l"},"content":{"rendered":"<p>Es handelt sich um eine Nippel-Tauchfl\u00fcssigkeit vor dem Melken. Die Formulierung enth\u00e4lt Jod, Glycerin und schaumbildende nichtionische Stoffe. Schaumbildende nichtionische Stoffe sorgen daf\u00fcr, dass das Produkt an der Brustwarze h\u00e4ngen bleibt. Mit seinem f\u00fcr die Haut geeigneten pH-Wert und dem chemischen Gehalt, der die Euterhaut weich h\u00e4lt, h\u00e4lt es die Euter des Tieres flexibel und macht die Euter vor dem Melken sauber. Dank des Schaums, der direkt mit der Verd\u00fcnnung und dem Tauchbecher verwendet wird, ist die Anwendung einfach, sicher und wirtschaftlich. Da es sich um ein bakterizides Produkt handelt, sch\u00fctzt es die Gesundheit von Milchtieren.<\/p>\n","protected":false},"excerpt":{"rendered":"<p>Es handelt sich um eine Nippel-Tauchfl\u00fcssigkeit vor dem Melken. Die Formulierung enth\u00e4lt Jod, Glycerin und schaumbildende nichtionische Stoffe. Schaumbildende nichtionische Stoffe sorgen daf\u00fcr, dass das Produkt an der Brustwarze h\u00e4ngen bleibt. Mit seinem f\u00fcr die Haut geeigneten pH-Wert und dem chemischen Gehalt, der die Euterhaut weich h\u00e4lt, h\u00e4lt es die Euter des Tieres flexibel und&#8230;<\/p>\n","protected":false},"featured_media":4788,"template":"","meta":{"_eb_attr":"","_kadence_starter_templates_imported_post":false,"_kad_post_transparent":"","_kad_post_title":"","_kad_post_layout":"","_kad_post_sidebar_id":"","_kad_post_content_style":"","_kad_post_vertical_padding":"","_kad_post_feature":"","_kad_post_feature_position":"","_kad_post_header":false,"_kad_post_footer":false,"_kad_post_classname":""},"product_brand":[],"product_cat":[1311,1309,1052],"product_tag":[],"class_list":{"0":"post-4787","1":"product","2":"type-product","3":"status-publish","4":"has-post-thumbnail","6":"product_cat-meme-dezenfektanlari","7":"product_cat-meme-urunleri","8":"product_cat-sigir-yetistiriciligi","10":"first","11":"instock","12":"shipping-taxable","13":"product-type-simple","14":"entry","15":"content-bg","16":"loop-entry"},"_links":{"self":[{"href":"https:\/\/www.enkatarim.com\/de\/wp-json\/wp\/v2\/product\/4787","targetHints":{"allow":["GET"]}}],"collection":[{"href":"https:\/\/www.enkatarim.com\/de\/wp-json\/wp\/v2\/product"}],"about":[{"href":"https:\/\/www.enkatarim.com\/de\/wp-json\/wp\/v2\/types\/product"}],"wp:featuredmedia":[{"embeddable":true,"href":"https:\/\/www.enkatarim.com\/de\/wp-json\/wp\/v2\/media\/4788"}],"wp:attachment":[{"href":"https:\/\/www.enkatarim.com\/de\/wp-json\/wp\/v2\/media?parent=4787"}],"wp:term":[{"taxonomy":"product_brand","embeddable":true,"href":"https:\/\/www.enkatarim.com\/de\/wp-json\/wp\/v2\/product_brand?post=4787"},{"taxonomy":"product_cat","embeddable":true,"href":"https:\/\/www.enkatarim.com\/de\/wp-json\/wp\/v2\/product_cat?post=4787"},{"taxonomy":"product_tag","embeddable":true,"href":"https:\/\/www.enkatarim.com\/de\/wp-json\/wp\/v2\/product_tag?post=4787"}],"curies":[{"name":"wp","href":"https:\/\/api.w.org\/{rel}","templated":true}]}}