{"id":4777,"date":"2023-03-07T15:02:56","date_gmt":"2023-03-07T15:02:56","guid":{"rendered":"https:\/\/enkatarim.com\/?post_type=product&#038;p=4777"},"modified":"2023-06-08T13:53:33","modified_gmt":"2023-06-08T13:53:33","slug":"masdisin-iobar-1-lt-29440","status":"publish","type":"product","link":"https:\/\/www.enkatarim.com\/de\/urun\/masdisin-iobar-1-lt-29440","title":{"rendered":"Masdisin Iobar, 1l"},"content":{"rendered":"<p>Es handelt sich um ein Desinfektionsmittel zum Eintauchen nach dem Melken, das 5,5 % aktives Jod enth\u00e4lt, das schnell wirkt und alle Bakterien und Pilze, die Mastitis verursachen, in kurzer Zeit abt\u00f6tet. Masdisin Iobar ist mit Glycerin und Lanolin angereichert, um die Integrit\u00e4t der Brustwarzenhaut zu sch\u00fctzen und Reizungen vorzubeugen. Nach der Anwendung trocknet es auf der Zitze und bildet eine Barriere. Es handelt sich um eine gebrauchsfertige L\u00f6sung. Es kann ohne Verd\u00fcnnung mit einem Tauchbecher aufgetragen werden.<\/p>\n","protected":false},"excerpt":{"rendered":"<p>1 l<\/p>\n","protected":false},"featured_media":4778,"template":"","meta":{"_eb_attr":"","_kadence_starter_templates_imported_post":false,"_kad_post_transparent":"","_kad_post_title":"","_kad_post_layout":"","_kad_post_sidebar_id":"","_kad_post_content_style":"","_kad_post_vertical_padding":"","_kad_post_feature":"","_kad_post_feature_position":"","_kad_post_header":false,"_kad_post_footer":false,"_kad_post_classname":""},"product_brand":[],"product_cat":[1311,1309,1052],"product_tag":[],"class_list":{"0":"post-4777","1":"product","2":"type-product","3":"status-publish","4":"has-post-thumbnail","6":"product_cat-meme-dezenfektanlari","7":"product_cat-meme-urunleri","8":"product_cat-sigir-yetistiriciligi","10":"first","11":"instock","12":"shipping-taxable","13":"product-type-simple","14":"entry","15":"content-bg","16":"loop-entry"},"_links":{"self":[{"href":"https:\/\/www.enkatarim.com\/de\/wp-json\/wp\/v2\/product\/4777","targetHints":{"allow":["GET"]}}],"collection":[{"href":"https:\/\/www.enkatarim.com\/de\/wp-json\/wp\/v2\/product"}],"about":[{"href":"https:\/\/www.enkatarim.com\/de\/wp-json\/wp\/v2\/types\/product"}],"wp:featuredmedia":[{"embeddable":true,"href":"https:\/\/www.enkatarim.com\/de\/wp-json\/wp\/v2\/media\/4778"}],"wp:attachment":[{"href":"https:\/\/www.enkatarim.com\/de\/wp-json\/wp\/v2\/media?parent=4777"}],"wp:term":[{"taxonomy":"product_brand","embeddable":true,"href":"https:\/\/www.enkatarim.com\/de\/wp-json\/wp\/v2\/product_brand?post=4777"},{"taxonomy":"product_cat","embeddable":true,"href":"https:\/\/www.enkatarim.com\/de\/wp-json\/wp\/v2\/product_cat?post=4777"},{"taxonomy":"product_tag","embeddable":true,"href":"https:\/\/www.enkatarim.com\/de\/wp-json\/wp\/v2\/product_tag?post=4777"}],"curies":[{"name":"wp","href":"https:\/\/api.w.org\/{rel}","templated":true}]}}