{"id":4766,"date":"2023-03-07T15:02:54","date_gmt":"2023-03-07T15:02:54","guid":{"rendered":"https:\/\/enkatarim.com\/?post_type=product&#038;p=4766"},"modified":"2023-06-08T13:53:32","modified_gmt":"2023-06-08T13:53:32","slug":"masdisin-teatfoam-5-lt-29438","status":"publish","type":"product","link":"https:\/\/www.enkatarim.com\/de\/urun\/masdisin-teatfoam-5-lt-29438","title":{"rendered":"Masdisin Teatfoam, 5l"},"content":{"rendered":"<p>Es ist ein Zitzendesinfektionsmittel vor dem Melken. Es wird zur Brustwarzenreinigung verwendet. Macht die Brust weich und cremig. Mit dem enthaltenen Provitamin B5 tr\u00e4gt es zum Schutz der Brusthaut und zur Heilung von Reizungen bei. Es bedeckt die Brustwarze vollst\u00e4ndig; erreichen alle Risse, Spalten und Hautporen. Es mildert, l\u00f6st und reinigt den Schmutz. Bietet wirtschaftliche Reinigung; Kein Tropfen oder sonstiger Abfall. Es tr\u00e4gt zu einem schnelleren Melken und einer h\u00f6heren Milchleistung bei. Es verhindert die Reizung der Brustwarze. Es hinterl\u00e4sst keine R\u00fcckst\u00e4nde in der Milch.<\/p>\n","protected":false},"excerpt":{"rendered":"<p>5 l<\/p>\n","protected":false},"featured_media":4767,"template":"","meta":{"_eb_attr":"","_kadence_starter_templates_imported_post":false,"_kad_post_transparent":"","_kad_post_title":"","_kad_post_layout":"","_kad_post_sidebar_id":"","_kad_post_content_style":"","_kad_post_vertical_padding":"","_kad_post_feature":"","_kad_post_feature_position":"","_kad_post_header":false,"_kad_post_footer":false,"_kad_post_classname":""},"product_brand":[],"product_cat":[1311,1309,1052],"product_tag":[],"class_list":{"0":"post-4766","1":"product","2":"type-product","3":"status-publish","4":"has-post-thumbnail","6":"product_cat-meme-dezenfektanlari","7":"product_cat-meme-urunleri","8":"product_cat-sigir-yetistiriciligi","10":"first","11":"instock","12":"shipping-taxable","13":"product-type-simple","14":"entry","15":"content-bg","16":"loop-entry"},"_links":{"self":[{"href":"https:\/\/www.enkatarim.com\/de\/wp-json\/wp\/v2\/product\/4766","targetHints":{"allow":["GET"]}}],"collection":[{"href":"https:\/\/www.enkatarim.com\/de\/wp-json\/wp\/v2\/product"}],"about":[{"href":"https:\/\/www.enkatarim.com\/de\/wp-json\/wp\/v2\/types\/product"}],"wp:featuredmedia":[{"embeddable":true,"href":"https:\/\/www.enkatarim.com\/de\/wp-json\/wp\/v2\/media\/4767"}],"wp:attachment":[{"href":"https:\/\/www.enkatarim.com\/de\/wp-json\/wp\/v2\/media?parent=4766"}],"wp:term":[{"taxonomy":"product_brand","embeddable":true,"href":"https:\/\/www.enkatarim.com\/de\/wp-json\/wp\/v2\/product_brand?post=4766"},{"taxonomy":"product_cat","embeddable":true,"href":"https:\/\/www.enkatarim.com\/de\/wp-json\/wp\/v2\/product_cat?post=4766"},{"taxonomy":"product_tag","embeddable":true,"href":"https:\/\/www.enkatarim.com\/de\/wp-json\/wp\/v2\/product_tag?post=4766"}],"curies":[{"name":"wp","href":"https:\/\/api.w.org\/{rel}","templated":true}]}}