{"id":4723,"date":"2023-03-07T15:02:49","date_gmt":"2023-03-07T15:02:49","guid":{"rendered":"https:\/\/enkatarim.com\/?post_type=product&#038;p=4723"},"modified":"2023-06-08T13:53:31","modified_gmt":"2023-06-08T13:53:31","slug":"tarakli-ve-yele-fircali-8-sirali-kasagi-41700","status":"publish","type":"product","link":"https:\/\/www.enkatarim.com\/de\/urun\/tarakli-ve-yele-fircali-8-sirali-kasagi-41700","title":{"rendered":"Metallstriegel mit M\u00e4hnenkamm"},"content":{"rendered":"<ul>\n<li>Gr\u00f6\u00dfe: 12,5 x 12 cm<\/li>\n<li>8-reihig<\/li>\n<li>Mit Kamm<\/li>\n<li>F\u00fcr M\u00e4hne<\/li>\n<li>Material: Metall<\/li>\n<li>F\u00fcr Pferd und Kuh<\/li>\n<li>Holzgriff<\/li>\n<\/ul>\n","protected":false},"excerpt":{"rendered":"<p>Gr\u00f6\u00dfe: 12,5 x 12 cm 8-reihig Mit Kamm F\u00fcr M\u00e4hne Material: Metall F\u00fcr Pferd und Kuh Holzgriff<\/p>\n","protected":false},"featured_media":4724,"template":"","meta":{"_eb_attr":"","_kadence_starter_templates_imported_post":false,"_kad_post_transparent":"","_kad_post_title":"","_kad_post_layout":"","_kad_post_sidebar_id":"","_kad_post_content_style":"","_kad_post_vertical_padding":"","_kad_post_feature":"","_kad_post_feature_position":"","_kad_post_header":false,"_kad_post_footer":false,"_kad_post_classname":""},"product_brand":[],"product_cat":[1295,1052],"product_tag":[],"class_list":{"0":"post-4723","1":"product","2":"type-product","3":"status-publish","4":"has-post-thumbnail","6":"product_cat-kasagilar","7":"product_cat-sigir-yetistiriciligi","9":"first","10":"instock","11":"shipping-taxable","12":"product-type-simple","13":"entry","14":"content-bg","15":"loop-entry"},"_links":{"self":[{"href":"https:\/\/www.enkatarim.com\/de\/wp-json\/wp\/v2\/product\/4723","targetHints":{"allow":["GET"]}}],"collection":[{"href":"https:\/\/www.enkatarim.com\/de\/wp-json\/wp\/v2\/product"}],"about":[{"href":"https:\/\/www.enkatarim.com\/de\/wp-json\/wp\/v2\/types\/product"}],"wp:featuredmedia":[{"embeddable":true,"href":"https:\/\/www.enkatarim.com\/de\/wp-json\/wp\/v2\/media\/4724"}],"wp:attachment":[{"href":"https:\/\/www.enkatarim.com\/de\/wp-json\/wp\/v2\/media?parent=4723"}],"wp:term":[{"taxonomy":"product_brand","embeddable":true,"href":"https:\/\/www.enkatarim.com\/de\/wp-json\/wp\/v2\/product_brand?post=4723"},{"taxonomy":"product_cat","embeddable":true,"href":"https:\/\/www.enkatarim.com\/de\/wp-json\/wp\/v2\/product_cat?post=4723"},{"taxonomy":"product_tag","embeddable":true,"href":"https:\/\/www.enkatarim.com\/de\/wp-json\/wp\/v2\/product_tag?post=4723"}],"curies":[{"name":"wp","href":"https:\/\/api.w.org\/{rel}","templated":true}]}}