{"id":4659,"date":"2023-03-07T15:02:42","date_gmt":"2023-03-07T15:02:42","guid":{"rendered":"https:\/\/enkatarim.com\/?post_type=product&#038;p=4659"},"modified":"2023-06-08T13:53:28","modified_gmt":"2023-06-08T13:53:28","slug":"koyun-ve-keci-icin-kizginlik-olcum-cihazi-draminski-36901","status":"publish","type":"product","link":"https:\/\/www.enkatarim.com\/de\/urun\/koyun-ve-keci-icin-kizginlik-olcum-cihazi-draminski-36901","title":{"rendered":"Brunstdetektor f\u00fcr Schafe und Ziegen, Draminski"},"content":{"rendered":"<ul>\n<li>F\u00fcr Schafe und Ziegen<\/li>\n<li>Es funktioniert durch Messung der Ver\u00e4nderungen im charakteristischen elektrischen Widerstand in der Vagina.<\/li>\n<li>Bestimmt die optimale Zeit f\u00fcr Fortpflanzung und Befruchtung.<\/li>\n<li>Kann Fr\u00fchschwangerschaften zwischen dem 19. und 23. Tag diagnostizieren.<\/li>\n<li>Hilft beim Sparen von Spermien.<\/li>\n<li>Verk\u00fcrzt die Zeit zwischen Geburt und der n\u00e4chsten Schwangerschaft.<\/li>\n<li>Gewicht: 300 gr<\/li>\n<li>Funktioniert mit einer 9V-Batterie.<\/li>\n<\/ul>\n","protected":false},"excerpt":{"rendered":"<p>F\u00fcr Schafe und Ziegen Es funktioniert durch Messung der Ver\u00e4nderungen im charakteristischen elektrischen Widerstand in der Vagina. Bestimmt die optimale Zeit f\u00fcr Fortpflanzung und Befruchtung. Kann Fr\u00fchschwangerschaften zwischen dem 19. und 23. Tag diagnostizieren. Hilft beim Sparen von Spermien. Verk\u00fcrzt die Zeit zwischen Geburt und der n\u00e4chsten Schwangerschaft. Gewicht: 300 gr Funktioniert mit einer 9V-Batterie.<\/p>\n","protected":false},"featured_media":4660,"template":"","meta":{"_eb_attr":"","_kadence_starter_templates_imported_post":false,"_kad_post_transparent":"","_kad_post_title":"","_kad_post_layout":"","_kad_post_sidebar_id":"","_kad_post_content_style":"","_kad_post_vertical_padding":"","_kad_post_feature":"","_kad_post_feature_position":"","_kad_post_header":false,"_kad_post_footer":false,"_kad_post_classname":""},"product_brand":[],"product_cat":[1285,1289,1052],"product_tag":[],"class_list":{"0":"post-4659","1":"product","2":"type-product","3":"status-publish","4":"has-post-thumbnail","6":"product_cat-dogum-ekipmanlari","7":"product_cat-kizginlik-olcum-cihazlari","8":"product_cat-sigir-yetistiriciligi","10":"first","11":"instock","12":"shipping-taxable","13":"product-type-simple","14":"entry","15":"content-bg","16":"loop-entry"},"_links":{"self":[{"href":"https:\/\/www.enkatarim.com\/de\/wp-json\/wp\/v2\/product\/4659","targetHints":{"allow":["GET"]}}],"collection":[{"href":"https:\/\/www.enkatarim.com\/de\/wp-json\/wp\/v2\/product"}],"about":[{"href":"https:\/\/www.enkatarim.com\/de\/wp-json\/wp\/v2\/types\/product"}],"wp:featuredmedia":[{"embeddable":true,"href":"https:\/\/www.enkatarim.com\/de\/wp-json\/wp\/v2\/media\/4660"}],"wp:attachment":[{"href":"https:\/\/www.enkatarim.com\/de\/wp-json\/wp\/v2\/media?parent=4659"}],"wp:term":[{"taxonomy":"product_brand","embeddable":true,"href":"https:\/\/www.enkatarim.com\/de\/wp-json\/wp\/v2\/product_brand?post=4659"},{"taxonomy":"product_cat","embeddable":true,"href":"https:\/\/www.enkatarim.com\/de\/wp-json\/wp\/v2\/product_cat?post=4659"},{"taxonomy":"product_tag","embeddable":true,"href":"https:\/\/www.enkatarim.com\/de\/wp-json\/wp\/v2\/product_tag?post=4659"}],"curies":[{"name":"wp","href":"https:\/\/api.w.org\/{rel}","templated":true}]}}