{"id":4644,"date":"2023-03-07T15:02:41","date_gmt":"2023-03-07T15:02:41","guid":{"rendered":"https:\/\/enkatarim.com\/?post_type=product&#038;p=4644"},"modified":"2025-04-14T15:08:19","modified_gmt":"2025-04-14T12:08:19","slug":"rheintechnik-hk-2020-dogum-krikosu-36650","status":"publish","type":"product","link":"https:\/\/www.enkatarim.com\/de\/urun\/rheintechnik-hk-2020-dogum-krikosu-36650","title":{"rendered":"HK Rheintechnik Geburtshelfer 2020 mit HK Flexib\u00fcgel"},"content":{"rendered":"<ul>\n<li>Armabstand: 52 cm<\/li>\n<li>Aluminiumgelenke<\/li>\n<li>L\u00e4nge: 180 cm<\/li>\n<li>Stufenbremse f\u00fcr Zugkontrolle<\/li>\n<li>Schnellentriegelung unter hoher Belastung<\/li>\n<li>Feuerverzinktes Stahlrohr<\/li>\n<\/ul>\n","protected":false},"excerpt":{"rendered":"<p>Die Lastbegrenzung verhindert, dass das Kalb \u00fcberm\u00e4\u00dfig gezogen und besch\u00e4digt wird. Ohne diese Begrenzung k\u00f6nnen Zugkr\u00e4fte von bis zu 600 kg erreicht werden, was ein erhebliches Verletzungsrisiko f\u00fcr die Kuh und das Kalb darstellt. F\u00fcr normale Geburten sind jedoch Kr\u00e4fte von bis zu 160 kg v\u00f6llig ausreichend.<\/p>\n<p>Mit dem 2060-Mechanismus von HK Rheintechnik k\u00f6nnen Sie die Zugkraftbegrenzung stufenlos einstellen. Der Arm verriegelt sich, wenn die voreingestellte Kraft erreicht ist. Im Notfall kann die Zugkraftsteuerung deaktiviert werden.<\/p>\n<ul>\n<li>Geringes Gewicht aufgrund der vollst\u00e4ndigen Aluminiumkonstruktion.<\/li>\n<li>Mit 2 Haken ausgestattet, um die Geburtsseile aufzuh\u00e4ngen (gew\u00e4hrleistet gleichm\u00e4\u00dfiges Ziehen).<\/li>\n<li>Einfache Bedienung und schnelles Entriegeln auch unter Last.<\/li>\n<li>Der Mechanismus erm\u00f6glicht in allen Modellen eine 360\u00b0-Bewegung um das Rohr und bietet damit uneingeschr\u00e4nkte Flexibilit\u00e4t.<\/li>\n<\/ul>\n","protected":false},"featured_media":4645,"template":"","meta":{"_eb_attr":"","_kadence_starter_templates_imported_post":false,"_kad_post_transparent":"","_kad_post_title":"","_kad_post_layout":"","_kad_post_sidebar_id":"","_kad_post_content_style":"","_kad_post_vertical_padding":"","_kad_post_feature":"","_kad_post_feature_position":"","_kad_post_header":false,"_kad_post_footer":false,"_kad_post_classname":""},"product_brand":[],"product_cat":[1285,1288,1052],"product_tag":[],"class_list":{"0":"post-4644","1":"product","2":"type-product","3":"status-publish","4":"has-post-thumbnail","6":"product_cat-dogum-ekipmanlari","7":"product_cat-dogum-krikolari","8":"product_cat-sigir-yetistiriciligi","10":"first","11":"instock","12":"shipping-taxable","13":"product-type-simple","14":"entry","15":"content-bg","16":"loop-entry"},"_links":{"self":[{"href":"https:\/\/www.enkatarim.com\/de\/wp-json\/wp\/v2\/product\/4644","targetHints":{"allow":["GET"]}}],"collection":[{"href":"https:\/\/www.enkatarim.com\/de\/wp-json\/wp\/v2\/product"}],"about":[{"href":"https:\/\/www.enkatarim.com\/de\/wp-json\/wp\/v2\/types\/product"}],"wp:featuredmedia":[{"embeddable":true,"href":"https:\/\/www.enkatarim.com\/de\/wp-json\/wp\/v2\/media\/4645"}],"wp:attachment":[{"href":"https:\/\/www.enkatarim.com\/de\/wp-json\/wp\/v2\/media?parent=4644"}],"wp:term":[{"taxonomy":"product_brand","embeddable":true,"href":"https:\/\/www.enkatarim.com\/de\/wp-json\/wp\/v2\/product_brand?post=4644"},{"taxonomy":"product_cat","embeddable":true,"href":"https:\/\/www.enkatarim.com\/de\/wp-json\/wp\/v2\/product_cat?post=4644"},{"taxonomy":"product_tag","embeddable":true,"href":"https:\/\/www.enkatarim.com\/de\/wp-json\/wp\/v2\/product_tag?post=4644"}],"curies":[{"name":"wp","href":"https:\/\/api.w.org\/{rel}","templated":true}]}}