{"id":4638,"date":"2023-03-07T15:02:40","date_gmt":"2023-03-07T15:02:40","guid":{"rendered":"https:\/\/enkatarim.com\/?post_type=product&#038;p=4638"},"modified":"2026-03-09T15:56:21","modified_gmt":"2026-03-09T12:56:21","slug":"inek-icin-hamilelik-kontrol-cihazi-36800","status":"publish","type":"product","link":"https:\/\/www.enkatarim.com\/de\/urun\/inek-icin-hamilelik-kontrol-cihazi-36800","title":{"rendered":"HK Tr\u00e4chtigkeitsdiagnoseger\u00e4t f\u00fcr K\u00fche"},"content":{"rendered":"<ul>\n<li>Zweck der Verwendung: Es wird verwendet, um falsche Schwangerschaften oder unerwartete Fehlgeburten zu verhindern und die Dauer der Schwangerschaft sicher, schnell und einfach bis zu 90 Tage nach der Befruchtung zu \u00fcberwachen.<\/li>\n<li>Kann auch von unerfahrenen Benutzern leicht verwendet werden<\/li>\n<li>Das Ergebnis kann innerhalb von durchschnittlich 30 Sekunden abgelesen werden<\/li>\n<li>Auswahl zwischen Batterie- oder wiederaufladbarer Batterienutzung<\/li>\n<li>Einschalten und Ausschalten mit nur einem Knopfdruck<\/li>\n<li>Automatische Abschaltung<\/li>\n<li>Spezielles wasserdichtes Geh\u00e4use zum Schutz vor Feuchtigkeit<\/li>\n<li>Audio- und visuelle Anzeige der Schwangerschaft<\/li>\n<li>Wird mit einem Geh\u00e4use zur sicheren Aufbewahrung geliefert<\/li>\n<li>Ladeger\u00e4t + 9V wiederaufladbare Batterie nicht enthalten<\/li>\n<\/ul>\n<p>\nDer Schwangerschaftstest erm\u00f6glicht eine zuverl\u00e4ssige Erkennung der Schwangerschaft bei Schafen und Ziegen mit einer Genauigkeit von \u00fcber 90% innerhalb von 60 Tagen nach der letzten Paarung.<\/p>\n","protected":false},"excerpt":{"rendered":"<p>Der HK-Gestation Tester ist mit einem Spiralkabel und einer Sonde ausgestattet. Er gew\u00e4hrleistet die erforderliche Genauigkeit f\u00fcr eine reibungslose Fortpflanzung ohne unangenehme \u00dcberraschungen wie Scheintr\u00e4chtigkeiten oder Fruchtbarkeitsst\u00f6rungen. Die Testeinheit kann mit einer externen Sonde verwendet werden, die mit einem Spiralkabel verbunden ist.<\/p>\n","protected":false},"featured_media":6018,"template":"","meta":{"_eb_attr":"","_kadence_starter_templates_imported_post":false,"_kad_post_transparent":"default","_kad_post_title":"","_kad_post_layout":"default","_kad_post_sidebar_id":"","_kad_post_content_style":"default","_kad_post_vertical_padding":"default","_kad_post_feature":"","_kad_post_feature_position":"","_kad_post_header":false,"_kad_post_footer":false,"_kad_post_classname":""},"product_brand":[],"product_cat":[1285,1052],"product_tag":[],"class_list":{"0":"post-4638","1":"product","2":"type-product","3":"status-publish","4":"has-post-thumbnail","6":"product_cat-dogum-ekipmanlari","7":"product_cat-sigir-yetistiriciligi","9":"first","10":"instock","11":"shipping-taxable","12":"product-type-simple","13":"entry","14":"content-bg","15":"loop-entry"},"_links":{"self":[{"href":"https:\/\/www.enkatarim.com\/de\/wp-json\/wp\/v2\/product\/4638","targetHints":{"allow":["GET"]}}],"collection":[{"href":"https:\/\/www.enkatarim.com\/de\/wp-json\/wp\/v2\/product"}],"about":[{"href":"https:\/\/www.enkatarim.com\/de\/wp-json\/wp\/v2\/types\/product"}],"wp:featuredmedia":[{"embeddable":true,"href":"https:\/\/www.enkatarim.com\/de\/wp-json\/wp\/v2\/media\/6018"}],"wp:attachment":[{"href":"https:\/\/www.enkatarim.com\/de\/wp-json\/wp\/v2\/media?parent=4638"}],"wp:term":[{"taxonomy":"product_brand","embeddable":true,"href":"https:\/\/www.enkatarim.com\/de\/wp-json\/wp\/v2\/product_brand?post=4638"},{"taxonomy":"product_cat","embeddable":true,"href":"https:\/\/www.enkatarim.com\/de\/wp-json\/wp\/v2\/product_cat?post=4638"},{"taxonomy":"product_tag","embeddable":true,"href":"https:\/\/www.enkatarim.com\/de\/wp-json\/wp\/v2\/product_tag?post=4638"}],"curies":[{"name":"wp","href":"https:\/\/api.w.org\/{rel}","templated":true}]}}