{"id":4569,"date":"2023-03-07T15:02:31","date_gmt":"2023-03-07T15:02:31","guid":{"rendered":"https:\/\/enkatarim.com\/?post_type=product&#038;p=4569"},"modified":"2025-10-23T11:17:54","modified_gmt":"2025-10-23T08:17:54","slug":"mg-milker-buzagi-mamasi-hazirlama-makinesi-150-lt-tekerlekli-35600","status":"publish","type":"product","link":"https:\/\/www.enkatarim.com\/de\/urun\/mg-milker-buzagi-mamasi-hazirlama-makinesi-150-lt-tekerlekli-35600","title":{"rendered":"MG Milker K\u00e4lberfutterzubereitungsmaschine, 150 lt, Mobil"},"content":{"rendered":"<ul>\n<li>Kapazit\u00e4t: 150 l<\/li>\n<li>Abmessungen: 90 x 105 x 134 cm<\/li>\n<li>Elektropoliertes AISI 304 Edelstahl<\/li>\n<li>\u00d8600 mm vollst\u00e4ndig \u00f6ffnbarer Deckel<\/li>\n<li>\u00d8200 mm Beobachtungsdeckel<\/li>\n<li>Milchausgabe mit Pistole<\/li>\n<li>AISI 304 Edelstahl-Milchhahn<\/li>\n<li>Verstellbare Motorgeschwindigkeit<\/li>\n<li>Digitales Milchtemperaturmessger\u00e4t<\/li>\n<\/ul>\n<p>\u2705 Lernen Sie die #Milchvorbereitungsmaschine kennen, die entwickelt wurde, um den Milchbedarf Ihrer K\u00e4lber auf Ihren Bauernh\u00f6fen zu decken! Mit ihrem elektropolierten AISI 304-Qualit\u00e4ts-Edelstahlgeh\u00e4use, dem stilvollen Design und den \u00fcberlegenen Funktionen ist diese Maschine hier, um Ihre Bauernh\u00f6fe effizienter zu gestalten.<\/p>\n<p>\u2705 Die Maschine zeichnet sich durch ihre Haltbarkeit und Einhaltung von Hygienestandards aus. Das elektropolierte AISI 304-Qualit\u00e4ts-Edelstahlgeh\u00e4use gew\u00e4hrleistet eine langlebige Nutzung und einfache Reinigung. Mit zwei verschiedenen Kapazit\u00e4tsoptionen von 150 und 200 Litern, die auf die Bed\u00fcrfnisse Ihres Bauernhofs zugeschnitten sind, bietet diese Maschine eine ideale L\u00f6sung f\u00fcr kleine und gro\u00dfe Betriebe.<\/p>\n<p>\u2705 Details im Design der Maschine erleichtern die Handhabung. Der 60 mm vollst\u00e4ndig verstellbare Deckel erm\u00f6glicht einen schnellen und praktischen Zugang, und das 20 mm Beobachtungsloch erm\u00f6glicht eine einfache \u00dcberwachung des Inneren.<\/p>\n<p>\u2705 Ein perfektes Gleichgewicht wird mit einer speziell entwickelten Milchverteilungspistole und AISI 204-Qualit\u00e4ts-Edelstahl-Milchfont\u00e4ne erreicht, um die ben\u00f6tigte Milch f\u00fcr die K\u00e4lber genau in Futtereimer zu verteilen.<\/p>\n<p>\u2705 Die einstellbare Motorgeschwindigkeit unserer Maschine bietet eine Leistung, die den Bed\u00fcrfnissen der Landwirte angepasst werden kann. Dar\u00fcber hinaus erm\u00f6glicht das digitale Milchthermometer eine einfache Kontrolle der idealen Temperatur der Milch.<\/p>\n<p>\u2705 150 Liter: 90 x 105 x 134 cm &#8211; 35600<br \/>\n\u2705 200 Liter: 90 x 105 x 148 cm &#8211; 35601<\/p>\n<p>Die kompakten Abmessungen und das stilvolle Design des Produkts entsprechen den modernen Anforderungen Ihrer Bauernh\u00f6fe.<\/p>\n<p>Entdecken Sie diese einzigartige Milchvorbereitungsmaschine jetzt und machen Sie Ihre Bauernh\u00f6fe effizienter. Kontaktieren Sie gerne unsere Verk\u00e4ufer, um die f\u00fcr Sie geeignetste L\u00f6sung zu finden und weitere Informationen zu erhalten.<\/p>\n","protected":false},"excerpt":{"rendered":"<p>Die Lebensmittelzubereitungsmaschine stellt sicher, dass die K\u00e4lber auf den H\u00f6fen auf eine Temperatur gebracht werden k\u00f6nnen, bei der sie trinken k\u00f6nnen, und in F\u00fctterungseimer mit einer Spritze gegeben werden k\u00f6nnen.<\/p>\n","protected":false},"featured_media":22692,"template":"","meta":{"_eb_attr":"","_kadence_starter_templates_imported_post":false,"_kad_post_transparent":"default","_kad_post_title":"","_kad_post_layout":"default","_kad_post_sidebar_id":"","_kad_post_content_style":"default","_kad_post_vertical_padding":"default","_kad_post_feature":"","_kad_post_feature_position":"","_kad_post_header":false,"_kad_post_footer":false,"_kad_post_classname":""},"product_brand":[],"product_cat":[1273,1017,1272],"product_tag":[],"class_list":{"0":"post-4569","1":"product","2":"type-product","3":"status-publish","4":"has-post-thumbnail","6":"product_cat-mama-hazirlama-makineleri","7":"product_cat-sut-endustrisi","8":"product_cat-sut-isleme-makineleri","10":"first","11":"instock","12":"shipping-taxable","13":"product-type-simple","14":"entry","15":"content-bg","16":"loop-entry"},"_links":{"self":[{"href":"https:\/\/www.enkatarim.com\/de\/wp-json\/wp\/v2\/product\/4569","targetHints":{"allow":["GET"]}}],"collection":[{"href":"https:\/\/www.enkatarim.com\/de\/wp-json\/wp\/v2\/product"}],"about":[{"href":"https:\/\/www.enkatarim.com\/de\/wp-json\/wp\/v2\/types\/product"}],"wp:featuredmedia":[{"embeddable":true,"href":"https:\/\/www.enkatarim.com\/de\/wp-json\/wp\/v2\/media\/22692"}],"wp:attachment":[{"href":"https:\/\/www.enkatarim.com\/de\/wp-json\/wp\/v2\/media?parent=4569"}],"wp:term":[{"taxonomy":"product_brand","embeddable":true,"href":"https:\/\/www.enkatarim.com\/de\/wp-json\/wp\/v2\/product_brand?post=4569"},{"taxonomy":"product_cat","embeddable":true,"href":"https:\/\/www.enkatarim.com\/de\/wp-json\/wp\/v2\/product_cat?post=4569"},{"taxonomy":"product_tag","embeddable":true,"href":"https:\/\/www.enkatarim.com\/de\/wp-json\/wp\/v2\/product_tag?post=4569"}],"curies":[{"name":"wp","href":"https:\/\/api.w.org\/{rel}","templated":true}]}}