{"id":4489,"date":"2023-03-07T15:02:25","date_gmt":"2023-03-07T15:02:25","guid":{"rendered":"https:\/\/enkatarim.com\/?post_type=product&#038;p=4489"},"modified":"2023-06-08T13:53:21","modified_gmt":"2023-06-08T13:53:21","slug":"keci-icin-waikato-sut-olcer-35300","status":"publish","type":"product","link":"https:\/\/www.enkatarim.com\/de\/urun\/keci-icin-waikato-sut-olcer-35300","title":{"rendered":"Milchmessger\u00e4t Waikato"},"content":{"rendered":"","protected":false},"excerpt":{"rendered":"<p>Mit der besten L\u00f6sung f\u00fcr die Messung bietet der Waikato Milchmesser ein pr\u00e4zises Instrument mit einem robusten Design, das sehr wenige bewegliche Teile aufweist und ideal f\u00fcr die Herausforderung der Messung von Herden ist. Einfache Verbindung mit jedem Melksystem, genaue Milchmenge und genaue Proben f\u00fcr pr\u00e4zise Analysen.<\/p>\n","protected":false},"featured_media":4490,"template":"","meta":{"_eb_attr":"","_kadence_starter_templates_imported_post":false,"_kad_post_transparent":"","_kad_post_title":"","_kad_post_layout":"","_kad_post_sidebar_id":"","_kad_post_content_style":"","_kad_post_vertical_padding":"","_kad_post_feature":"","_kad_post_feature_position":"","_kad_post_header":false,"_kad_post_footer":false,"_kad_post_classname":""},"product_brand":[],"product_cat":[1263,1017,1264,1265],"product_tag":[],"class_list":{"0":"post-4489","1":"product","2":"type-product","3":"status-publish","4":"has-post-thumbnail","6":"product_cat-sagim-odalari","7":"product_cat-sut-endustrisi","8":"product_cat-sutolcerler","9":"product_cat-waikato-sutolcer","11":"first","12":"instock","13":"shipping-taxable","14":"product-type-simple","15":"entry","16":"content-bg","17":"loop-entry"},"_links":{"self":[{"href":"https:\/\/www.enkatarim.com\/de\/wp-json\/wp\/v2\/product\/4489","targetHints":{"allow":["GET"]}}],"collection":[{"href":"https:\/\/www.enkatarim.com\/de\/wp-json\/wp\/v2\/product"}],"about":[{"href":"https:\/\/www.enkatarim.com\/de\/wp-json\/wp\/v2\/types\/product"}],"wp:featuredmedia":[{"embeddable":true,"href":"https:\/\/www.enkatarim.com\/de\/wp-json\/wp\/v2\/media\/4490"}],"wp:attachment":[{"href":"https:\/\/www.enkatarim.com\/de\/wp-json\/wp\/v2\/media?parent=4489"}],"wp:term":[{"taxonomy":"product_brand","embeddable":true,"href":"https:\/\/www.enkatarim.com\/de\/wp-json\/wp\/v2\/product_brand?post=4489"},{"taxonomy":"product_cat","embeddable":true,"href":"https:\/\/www.enkatarim.com\/de\/wp-json\/wp\/v2\/product_cat?post=4489"},{"taxonomy":"product_tag","embeddable":true,"href":"https:\/\/www.enkatarim.com\/de\/wp-json\/wp\/v2\/product_tag?post=4489"}],"curies":[{"name":"wp","href":"https:\/\/api.w.org\/{rel}","templated":true}]}}