{"id":4479,"date":"2023-03-07T15:02:25","date_gmt":"2023-03-07T15:02:25","guid":{"rendered":"https:\/\/enkatarim.com\/?post_type=product&#038;p=4479"},"modified":"2025-08-13T11:32:28","modified_gmt":"2025-08-13T08:32:28","slug":"vpg-505-sabit-tip-sut-sagim-sistemi-aluminyum-gugumlu-09992","status":"publish","type":"product","link":"https:\/\/www.enkatarim.com\/de\/urun\/vpg-505-sabit-tip-sut-sagim-sistemi-aluminyum-gugumlu-09992","title":{"rendered":"VPG 505 sabit tip s\u00fct sa\u011f\u0131m sistemi, al\u00fcminyum g\u00fc\u011f\u00fcml\u00fc"},"content":{"rendered":"\n<table id=\"tablepress-311\" class=\"tablepress tablepress-id-311 tbody-has-connected-cells\">\n<tbody class=\"row-striping row-hover\">\n<tr class=\"row-1\">\n\t<td colspan=\"2\" class=\"column-1\"><b>Technische Daten<\/b><\/td>\n<\/tr>\n<tr class=\"row-2\">\n\t<td class=\"column-1\">Ma\u00dfe<\/td><td class=\"column-2\">350 x 800 x 1140 cm<\/td>\n<\/tr>\n<tr class=\"row-3\">\n\t<td class=\"column-1\">Gewicht<\/td><td class=\"column-2\">90 kg<\/td>\n<\/tr>\n<tr class=\"row-4\">\n\t<td colspan=\"2\" class=\"column-1\"><b>Eimer Eigenschaften<\/b><\/td>\n<\/tr>\n<tr class=\"row-5\">\n\t<td class=\"column-1\">Eimer Material<\/td><td class=\"column-2\">Aluminium<\/td>\n<\/tr>\n<tr class=\"row-6\">\n\t<td class=\"column-1\">Eimer Anzahl<\/td><td class=\"column-2\">5<\/td>\n<\/tr>\n<tr class=\"row-7\">\n\t<td colspan=\"2\" class=\"column-1\"><b>Eigenschaften des Elektromotors<\/b><\/td>\n<\/tr>\n<tr class=\"row-8\">\n\t<td class=\"column-1\">Motorleistung<\/td><td class=\"column-2\">1.5 kW<\/td>\n<\/tr>\n<tr class=\"row-9\">\n\t<td class=\"column-1\">Drehzahl<\/td><td class=\"column-2\">1400 u\/min<\/td>\n<\/tr>\n<tr class=\"row-10\">\n\t<td class=\"column-1\">Spannung<\/td><td class=\"column-2\">220V 50Hz, 380V 50Hz<\/td>\n<\/tr>\n<tr class=\"row-11\">\n\t<td colspan=\"2\" class=\"column-1\"><b>Eigenschaften der Vakuumpumpe<\/b><\/td>\n<\/tr>\n<tr class=\"row-12\">\n\t<td class=\"column-1\">Vakuumkapazit\u00e4t<\/td><td class=\"column-2\">500 l<\/td>\n<\/tr>\n<tr class=\"row-13\">\n\t<td class=\"column-1\">Schieber-Typ<\/td><td class=\"column-2\">Hartgewebe (\u00f6lig)<\/td>\n<\/tr>\n<tr class=\"row-14\">\n\t<td class=\"column-1\">Schiebergr\u00f6\u00dfe<\/td><td class=\"column-2\">100 x 41.5 x 4.85 mm<\/td>\n<\/tr>\n<tr class=\"row-15\">\n\t<td class=\"column-1\"><\/td><td class=\"column-2\"><\/td>\n<\/tr>\n<\/tbody>\n<\/table>\n<!-- #tablepress-311 from cache -->\n","protected":false},"excerpt":{"rendered":"<p>1 Stk. Servoregler (automatischer Vakuumanpasser), 1 Stk. Vakuumanzeige mit einem Durchmesser von 100 mm, 1 Stk. Thermoschalter und 1 l \u00d6l, das in der Vakuumschiene des Festsystems verwendet werden sollte, werden kostenlos mit der Maschine geliefert. <\/p>\n<p>Die Vakuumpumpe hat einen einphasigen Elektromotor (220V 50 Hz &#8211; 230V 50 Hz) oder einen dreiphasigen Elektromotor (380V 50 Hz). (Muss zum Zeitpunkt der Bestellung angegeben werden.) Eine gesunde und schnelle Melkung wird mit hochwertigen und langlebigen Pulsatoren durchgef\u00fchrt. Der Vakuumtank ist verzinkt und im System befindet sich eine langlebige \u00f6lhaltige Pumpe.<\/p>\n","protected":false},"featured_media":24207,"template":"","meta":{"_eb_attr":"","_kadence_starter_templates_imported_post":false,"_kad_post_transparent":"default","_kad_post_title":"","_kad_post_layout":"default","_kad_post_sidebar_id":"","_kad_post_content_style":"default","_kad_post_vertical_padding":"default","_kad_post_feature":"","_kad_post_feature_position":"","_kad_post_header":false,"_kad_post_footer":false,"_kad_post_classname":""},"product_brand":[],"product_cat":[1017,1257,1262],"product_tag":[],"class_list":{"0":"post-4479","1":"product","2":"type-product","3":"status-publish","4":"has-post-thumbnail","6":"product_cat-sut-endustrisi","7":"product_cat-vpg-sabit-tip-sut-sagim-sistemleri","8":"product_cat-vpg505-sabit-tip-sut-sagim-sistemleri","10":"first","11":"instock","12":"shipping-taxable","13":"product-type-simple","14":"entry","15":"content-bg","16":"loop-entry"},"_links":{"self":[{"href":"https:\/\/www.enkatarim.com\/de\/wp-json\/wp\/v2\/product\/4479","targetHints":{"allow":["GET"]}}],"collection":[{"href":"https:\/\/www.enkatarim.com\/de\/wp-json\/wp\/v2\/product"}],"about":[{"href":"https:\/\/www.enkatarim.com\/de\/wp-json\/wp\/v2\/types\/product"}],"wp:featuredmedia":[{"embeddable":true,"href":"https:\/\/www.enkatarim.com\/de\/wp-json\/wp\/v2\/media\/24207"}],"wp:attachment":[{"href":"https:\/\/www.enkatarim.com\/de\/wp-json\/wp\/v2\/media?parent=4479"}],"wp:term":[{"taxonomy":"product_brand","embeddable":true,"href":"https:\/\/www.enkatarim.com\/de\/wp-json\/wp\/v2\/product_brand?post=4479"},{"taxonomy":"product_cat","embeddable":true,"href":"https:\/\/www.enkatarim.com\/de\/wp-json\/wp\/v2\/product_cat?post=4479"},{"taxonomy":"product_tag","embeddable":true,"href":"https:\/\/www.enkatarim.com\/de\/wp-json\/wp\/v2\/product_tag?post=4479"}],"curies":[{"name":"wp","href":"https:\/\/api.w.org\/{rel}","templated":true}]}}