{"id":4220,"date":"2023-03-07T15:01:57","date_gmt":"2023-03-07T15:01:57","guid":{"rendered":"https:\/\/enkatarim.com\/?post_type=product&#038;p=4220"},"modified":"2023-06-08T13:53:08","modified_gmt":"2023-06-08T13:53:08","slug":"o180-mm-3-cikisli-duz-polikarbon-gugum-kapagi-seti-18514","status":"publish","type":"product","link":"https:\/\/www.enkatarim.com\/de\/urun\/o180-mm-3-cikisli-duz-polikarbon-gugum-kapagi-seti-18514","title":{"rendered":"Flacher Deckel Set f\u00fcr \u00d8 180 mm Eimer"},"content":{"rendered":"<p>Set bestehend aus 18512 flachen Milchbeh\u00e4lterdeckeln aus Polycarbonat mit einem Durchmesser von \u00d8180 mm und 3 Ausl\u00e4ssen sowie 18513 Gummidichtungen.<\/p>\n","protected":false},"excerpt":{"rendered":"<p>Set bestehend aus 18512 flachen Milchbeh\u00e4lterdeckeln aus Polycarbonat mit einem Durchmesser von \u00d8180 mm und 3 Ausl\u00e4ssen sowie 18513 Gummidichtungen.<\/p>\n","protected":false},"featured_media":4215,"template":"","meta":{"_eb_attr":"","_kadence_starter_templates_imported_post":false,"_kad_post_transparent":"","_kad_post_title":"","_kad_post_layout":"","_kad_post_sidebar_id":"","_kad_post_content_style":"","_kad_post_vertical_padding":"","_kad_post_feature":"","_kad_post_feature_position":"","_kad_post_header":false,"_kad_post_footer":false,"_kad_post_classname":""},"product_brand":[],"product_cat":[1220,1225,1033],"product_tag":[],"class_list":{"0":"post-4220","1":"product","2":"type-product","3":"status-publish","4":"has-post-thumbnail","6":"product_cat-gugum-kapaklari","7":"product_cat-polikarbon-sut-gugum-kapaklari","8":"product_cat-sut-sagim-makinesi-parcalari","10":"first","11":"instock","12":"shipping-taxable","13":"product-type-simple","14":"entry","15":"content-bg","16":"loop-entry"},"_links":{"self":[{"href":"https:\/\/www.enkatarim.com\/de\/wp-json\/wp\/v2\/product\/4220","targetHints":{"allow":["GET"]}}],"collection":[{"href":"https:\/\/www.enkatarim.com\/de\/wp-json\/wp\/v2\/product"}],"about":[{"href":"https:\/\/www.enkatarim.com\/de\/wp-json\/wp\/v2\/types\/product"}],"wp:featuredmedia":[{"embeddable":true,"href":"https:\/\/www.enkatarim.com\/de\/wp-json\/wp\/v2\/media\/4215"}],"wp:attachment":[{"href":"https:\/\/www.enkatarim.com\/de\/wp-json\/wp\/v2\/media?parent=4220"}],"wp:term":[{"taxonomy":"product_brand","embeddable":true,"href":"https:\/\/www.enkatarim.com\/de\/wp-json\/wp\/v2\/product_brand?post=4220"},{"taxonomy":"product_cat","embeddable":true,"href":"https:\/\/www.enkatarim.com\/de\/wp-json\/wp\/v2\/product_cat?post=4220"},{"taxonomy":"product_tag","embeddable":true,"href":"https:\/\/www.enkatarim.com\/de\/wp-json\/wp\/v2\/product_tag?post=4220"}],"curies":[{"name":"wp","href":"https:\/\/api.w.org\/{rel}","templated":true}]}}