{"id":4198,"date":"2023-03-07T15:01:54","date_gmt":"2023-03-07T15:01:54","guid":{"rendered":"https:\/\/enkatarim.com\/?post_type=product&#038;p=4198"},"modified":"2023-06-08T13:53:06","modified_gmt":"2023-06-08T13:53:06","slug":"o-180-mm-gugumler-icin-polikarbon-gugum-kapagi-18501","status":"publish","type":"product","link":"https:\/\/www.enkatarim.com\/de\/urun\/o-180-mm-gugumler-icin-polikarbon-gugum-kapagi-18501","title":{"rendered":"Polycarbonat Deckel f\u00fcr \u00d8 180 mm Eimer"},"content":{"rendered":"<ul>\n<li>\u00d8 180 mm<\/li>\n<li>2 Ausl\u00e4sse<\/li>\n<li>F\u00fcr 30 l Milcheimer<\/li>\n<li>Verriegelbar<\/li>\n<li>Polycarbonat<\/li>\n<\/ul>\n","protected":false},"excerpt":{"rendered":"<p>\u00d8 180 mm 2 Ausl\u00e4sse F\u00fcr 30 l Milcheimer Verriegelbar Polycarbonat<\/p>\n","protected":false},"featured_media":4199,"template":"","meta":{"_eb_attr":"","_kadence_starter_templates_imported_post":false,"_kad_post_transparent":"","_kad_post_title":"","_kad_post_layout":"","_kad_post_sidebar_id":"","_kad_post_content_style":"","_kad_post_vertical_padding":"","_kad_post_feature":"","_kad_post_feature_position":"","_kad_post_header":false,"_kad_post_footer":false,"_kad_post_classname":""},"product_brand":[],"product_cat":[1220,1225,1033],"product_tag":[],"class_list":{"0":"post-4198","1":"product","2":"type-product","3":"status-publish","4":"has-post-thumbnail","6":"product_cat-gugum-kapaklari","7":"product_cat-polikarbon-sut-gugum-kapaklari","8":"product_cat-sut-sagim-makinesi-parcalari","10":"first","11":"instock","12":"shipping-taxable","13":"product-type-simple","14":"entry","15":"content-bg","16":"loop-entry"},"_links":{"self":[{"href":"https:\/\/www.enkatarim.com\/de\/wp-json\/wp\/v2\/product\/4198","targetHints":{"allow":["GET"]}}],"collection":[{"href":"https:\/\/www.enkatarim.com\/de\/wp-json\/wp\/v2\/product"}],"about":[{"href":"https:\/\/www.enkatarim.com\/de\/wp-json\/wp\/v2\/types\/product"}],"wp:featuredmedia":[{"embeddable":true,"href":"https:\/\/www.enkatarim.com\/de\/wp-json\/wp\/v2\/media\/4199"}],"wp:attachment":[{"href":"https:\/\/www.enkatarim.com\/de\/wp-json\/wp\/v2\/media?parent=4198"}],"wp:term":[{"taxonomy":"product_brand","embeddable":true,"href":"https:\/\/www.enkatarim.com\/de\/wp-json\/wp\/v2\/product_brand?post=4198"},{"taxonomy":"product_cat","embeddable":true,"href":"https:\/\/www.enkatarim.com\/de\/wp-json\/wp\/v2\/product_cat?post=4198"},{"taxonomy":"product_tag","embeddable":true,"href":"https:\/\/www.enkatarim.com\/de\/wp-json\/wp\/v2\/product_tag?post=4198"}],"curies":[{"name":"wp","href":"https:\/\/api.w.org\/{rel}","templated":true}]}}