{"id":4175,"date":"2023-03-07T15:01:50","date_gmt":"2023-03-07T15:01:50","guid":{"rendered":"https:\/\/enkatarim.com\/?post_type=product&#038;p=4175"},"modified":"2023-06-08T13:53:04","modified_gmt":"2023-06-08T13:53:04","slug":"210-217-mm-gugumler-icin-3-delikli-paslanmaz-celik-gugum-kapagi-18401","status":"publish","type":"product","link":"https:\/\/www.enkatarim.com\/de\/urun\/210-217-mm-gugumler-icin-3-delikli-paslanmaz-celik-gugum-kapagi-18401","title":{"rendered":"3-Loch-Eimerdeckel aus Edelstahl f\u00fcr 210 &#8211; 217 mm Eimer"},"content":{"rendered":"<ul>\n<li>\u00d8 210 &#8211; 217 mm<\/li>\n<li>F\u00fcr 40 &#8211; 50 l Milchk\u00fcbel<\/li>\n<li>3 L\u00f6cher<\/li>\n<li>Edelstahl<\/li>\n<li>F\u00fcr feste Melkmaschinen<\/li>\n<\/ul>\n","protected":false},"excerpt":{"rendered":"<p>\u00d8 210 &#8211; 217 mm F\u00fcr 40 &#8211; 50 l Milchk\u00fcbel 3 L\u00f6cher Edelstahl F\u00fcr feste Melkmaschinen<\/p>\n","protected":false},"featured_media":4176,"template":"","meta":{"_eb_attr":"","_kadence_starter_templates_imported_post":false,"_kad_post_transparent":"","_kad_post_title":"","_kad_post_layout":"","_kad_post_sidebar_id":"","_kad_post_content_style":"","_kad_post_vertical_padding":"","_kad_post_feature":"","_kad_post_feature_position":"","_kad_post_header":false,"_kad_post_footer":false,"_kad_post_classname":""},"product_brand":[],"product_cat":[1220,1221,1033,1222],"product_tag":[],"class_list":{"0":"post-4175","1":"product","2":"type-product","3":"status-publish","4":"has-post-thumbnail","6":"product_cat-gugum-kapaklari","7":"product_cat-paslanmaz-gugum-kapaklari","8":"product_cat-sut-sagim-makinesi-parcalari","9":"product_cat-sut-transfer-gugum-kapaklari","11":"first","12":"instock","13":"shipping-taxable","14":"product-type-simple","15":"entry","16":"content-bg","17":"loop-entry"},"_links":{"self":[{"href":"https:\/\/www.enkatarim.com\/de\/wp-json\/wp\/v2\/product\/4175","targetHints":{"allow":["GET"]}}],"collection":[{"href":"https:\/\/www.enkatarim.com\/de\/wp-json\/wp\/v2\/product"}],"about":[{"href":"https:\/\/www.enkatarim.com\/de\/wp-json\/wp\/v2\/types\/product"}],"wp:featuredmedia":[{"embeddable":true,"href":"https:\/\/www.enkatarim.com\/de\/wp-json\/wp\/v2\/media\/4176"}],"wp:attachment":[{"href":"https:\/\/www.enkatarim.com\/de\/wp-json\/wp\/v2\/media?parent=4175"}],"wp:term":[{"taxonomy":"product_brand","embeddable":true,"href":"https:\/\/www.enkatarim.com\/de\/wp-json\/wp\/v2\/product_brand?post=4175"},{"taxonomy":"product_cat","embeddable":true,"href":"https:\/\/www.enkatarim.com\/de\/wp-json\/wp\/v2\/product_cat?post=4175"},{"taxonomy":"product_tag","embeddable":true,"href":"https:\/\/www.enkatarim.com\/de\/wp-json\/wp\/v2\/product_tag?post=4175"}],"curies":[{"name":"wp","href":"https:\/\/api.w.org\/{rel}","templated":true}]}}