{"id":4171,"date":"2023-03-07T15:01:50","date_gmt":"2023-03-07T15:01:50","guid":{"rendered":"https:\/\/enkatarim.com\/?post_type=product&#038;p=4171"},"modified":"2023-06-08T13:53:04","modified_gmt":"2023-06-08T13:53:04","slug":"mg-milker-domuz-ve-kus-kovucu-60200","status":"publish","type":"product","link":"https:\/\/www.enkatarim.com\/de\/urun\/mg-milker-domuz-ve-kus-kovucu-60200","title":{"rendered":"MG Milker Schweine- und Vogelabwehrmittel"},"content":{"rendered":"<p>Der tragbare Propangas-Kanonen-MG-Milker gibt automatische Donnerschl\u00e4ge ab, um Sch\u00e4dlingsv\u00f6gel und andere st\u00f6rende Wildtiere abzuschrecken. Die Intervalle zwischen den Detonationen k\u00f6nnen von 1-30 Minuten eingestellt werden. Sie k\u00f6nnen den Zeitraum selbst w\u00e4hlen oder die Option &#8220;Zuf\u00e4llig&#8221; verwenden. Es gibt drei Optionen: Es kann nur tags\u00fcber, nur nachts oder rund um die Uhr arbeiten. Der MG-Milker Schweine- und Vogelabweiser funktioniert mit Gas. Jede 10-kg-Propangasflasche erzeugt 12000-15000 Detonationen. Das Standardmodell ist vollautomatisch, bodenmontiert, einfach, praktisch, effektiv und dreht sich um 360 Grad f\u00fcr eine gro\u00dfe Abdeckung.<\/p>\n","protected":false},"excerpt":{"rendered":"<p>Der tragbare Propangas-Kanonen-MG-Milker gibt automatische Donnerschl\u00e4ge ab, um Sch\u00e4dlingsv\u00f6gel und andere st\u00f6rende Wildtiere abzuschrecken. Die Intervalle zwischen den Detonationen k\u00f6nnen von 1-30 Minuten eingestellt werden. Sie k\u00f6nnen den Zeitraum selbst w\u00e4hlen oder die Option &#8220;Zuf\u00e4llig&#8221; verwenden. Es gibt drei Optionen: Es kann nur tags\u00fcber, nur nachts oder rund um die Uhr arbeiten. Der MG-Milker Schweine-&#8230;<\/p>\n","protected":false},"featured_media":4172,"template":"","meta":{"_eb_attr":"","_kadence_starter_templates_imported_post":false,"_kad_post_transparent":"","_kad_post_title":"","_kad_post_layout":"","_kad_post_sidebar_id":"","_kad_post_content_style":"","_kad_post_vertical_padding":"","_kad_post_feature":"","_kad_post_feature_position":"","_kad_post_header":false,"_kad_post_footer":false,"_kad_post_classname":""},"product_brand":[],"product_cat":[1051,1214,1218],"product_tag":[],"class_list":{"0":"post-4171","1":"product","2":"type-product","3":"status-publish","4":"has-post-thumbnail","6":"product_cat-ciftlik-ve-hayvancilik-ekipmanlari","7":"product_cat-hasere-ile-mucade","8":"product_cat-kus-kovucular","10":"first","11":"instock","12":"shipping-taxable","13":"product-type-simple","14":"entry","15":"content-bg","16":"loop-entry"},"_links":{"self":[{"href":"https:\/\/www.enkatarim.com\/de\/wp-json\/wp\/v2\/product\/4171","targetHints":{"allow":["GET"]}}],"collection":[{"href":"https:\/\/www.enkatarim.com\/de\/wp-json\/wp\/v2\/product"}],"about":[{"href":"https:\/\/www.enkatarim.com\/de\/wp-json\/wp\/v2\/types\/product"}],"wp:featuredmedia":[{"embeddable":true,"href":"https:\/\/www.enkatarim.com\/de\/wp-json\/wp\/v2\/media\/4172"}],"wp:attachment":[{"href":"https:\/\/www.enkatarim.com\/de\/wp-json\/wp\/v2\/media?parent=4171"}],"wp:term":[{"taxonomy":"product_brand","embeddable":true,"href":"https:\/\/www.enkatarim.com\/de\/wp-json\/wp\/v2\/product_brand?post=4171"},{"taxonomy":"product_cat","embeddable":true,"href":"https:\/\/www.enkatarim.com\/de\/wp-json\/wp\/v2\/product_cat?post=4171"},{"taxonomy":"product_tag","embeddable":true,"href":"https:\/\/www.enkatarim.com\/de\/wp-json\/wp\/v2\/product_tag?post=4171"}],"curies":[{"name":"wp","href":"https:\/\/api.w.org\/{rel}","templated":true}]}}